{"id":11038,"date":"2024-08-01T20:55:47","date_gmt":"2024-08-01T20:55:47","guid":{"rendered":"https:\/\/logosnurseryschool.es\/nursery\/?page_id=11038"},"modified":"2025-09-08T10:55:41","modified_gmt":"2025-09-08T10:55:41","slug":"subvencion-de-la-union-europea-nextgeneration-eu","status":"publish","type":"page","link":"https:\/\/logosnurseryschool.es\/nursery\/subvencion-de-la-union-europea-nextgeneration-eu\/","title":{"rendered":"Subvencion de la Uni\u00f3n Europea NextGeneration EU"},"content":{"rendered":"<p>[et_pb_section fb_built=&#8221;1&#8243; _builder_version=&#8221;3.0.47&#8243;][et_pb_row _builder_version=&#8221;3.0.48&#8243; background_size=&#8221;initial&#8221; background_position=&#8221;top_left&#8221; background_repeat=&#8221;repeat&#8221;][et_pb_column type=&#8221;4_4&#8243; _builder_version=&#8221;3.0.47&#8243;][et_pb_text _builder_version=&#8221;3.20.2&#8243; background_size=&#8221;initial&#8221; background_position=&#8221;top_left&#8221; background_repeat=&#8221;repeat&#8221;]<\/p>\n<p>El Colegio Logos Nursery School ubicado en la localidad de Las Rozas, ha realizado sobre las cubiertas de sus edificios una instalaci\u00f3n fotovoltaica de autoconsumo con excedentes de una capacidad de 108,81 Kwp, realizando una inversi\u00f3n de 75.190,60\u20ac.<\/p>\n<p>Los objetivos principales de la instalaci\u00f3n han sido por un lado la producci\u00f3n de energ\u00edas renovables, en este caso la el\u00e9ctrica a partir de la energ\u00eda solar cuya generaci\u00f3n est\u00e1 exenta de emisiones de gases contaminantes para as\u00ed contribuir en la protecci\u00f3n de nuestro planeta frente al cambio clim\u00e1tico, y por otro lado la obtenci\u00f3n de beneficios econ\u00f3micos a largo plazo.<\/p>\n<p>En el breve tiempo que lleva en funcionamiento la instalaci\u00f3n hemos obtenido ya unos resultados m\u00e1s que positivos tanto de generaci\u00f3n de energ\u00eda limpia como en los resultados econ\u00f3micos previstos y todo ello gracias a la financiaci\u00f3n obtenida de los fondos econ\u00f3micos de la Uni\u00f3n Europea que han supuesto casi el 30% de la inversi\u00f3n total.<br \/><a href=\"https:\/\/logosnurseryschool.es\/nursery\/wp-content\/uploads\/2024\/08\/Financiado.png\"><img loading=\"lazy\" decoding=\"async\" class=\"aligncenter wp-image-11034 size-large\" src=\"https:\/\/logosnurseryschool.es\/nursery\/wp-content\/uploads\/2024\/08\/Financiado-1024x89.png\" alt=\"\" width=\"1024\" height=\"89\" srcset=\"https:\/\/logosnurseryschool.es\/nursery\/wp-content\/uploads\/2024\/08\/Financiado-1024x89.png 1024w, https:\/\/logosnurseryschool.es\/nursery\/wp-content\/uploads\/2024\/08\/Financiado-300x26.png 300w, https:\/\/logosnurseryschool.es\/nursery\/wp-content\/uploads\/2024\/08\/Financiado-768x66.png 768w, https:\/\/logosnurseryschool.es\/nursery\/wp-content\/uploads\/2024\/08\/Financiado-1080x93.png 1080w, https:\/\/logosnurseryschool.es\/nursery\/wp-content\/uploads\/2024\/08\/Financiado.png 1272w\" sizes=\"auto, (max-width: 1024px) 100vw, 1024px\" \/><\/a><\/p>\n<p>[\/et_pb_text][\/et_pb_column][\/et_pb_row][\/et_pb_section]<\/p>\n","protected":false},"excerpt":{"rendered":"<p>[et_pb_section fb_built=&#8221;1&#8243; _builder_version=&#8221;3.0.47&#8243;][et_pb_row _builder_version=&#8221;3.0.48&#8243; background_size=&#8221;initial&#8221; background_position=&#8221;top_left&#8221; background_repeat=&#8221;repeat&#8221;][et_pb_column type=&#8221;4_4&#8243; _builder_version=&#8221;3.0.47&#8243;][et_pb_text _builder_version=&#8221;3.20.2&#8243; background_size=&#8221;initial&#8221; background_position=&#8221;top_left&#8221; background_repeat=&#8221;repeat&#8221;] El Colegio Logos Nursery School ubicado en la localidad de Las Rozas, ha realizado sobre las cubiertas de sus edificios una instalaci\u00f3n fotovoltaica de autoconsumo con excedentes de una capacidad de 108,81 Kwp, realizando una inversi\u00f3n de 75.190,60\u20ac. Los objetivos principales de [&hellip;]<\/p>\n","protected":false},"author":1,"featured_media":0,"parent":0,"menu_order":0,"comment_status":"closed","ping_status":"closed","template":"","meta":{"_et_pb_use_builder":"on","_et_pb_old_content":"El Colegio Logos Nursery School ubicado en la localidad de Las Rozas, ha realizado sobre las cubiertas de sus edificios una instalaci\u00f3n fotovoltaica de autoconsumo con excedentes de una capacidad de 83Kwp, realizando una inversi\u00f3n de 75.190,60\u20ac. Los objetivos principales de la instalaci\u00f3n han sido por un lado la producci\u00f3n de energ\u00edas renovables, en este caso la el\u00e9ctrica a partir de la energ\u00eda solar cuya generaci\u00f3n est\u00e1 exenta de emisiones de gases contaminantes para as\u00ed contribuir en la protecci\u00f3n de nuestro planeta frente al cambio clim\u00e1tico, y por otro lado la obtenci\u00f3n de beneficios econ\u00f3micos a largo plazo. En el breve tiempo que lleva en funcionamiento la instalaci\u00f3n hemos obtenido ya unos resultados m\u00e1s que positivos tanto de generaci\u00f3n de energ\u00eda limpia como en los resultados econ\u00f3micos previstos y todo ello gracias a la financiaci\u00f3n obtenida de los fondos econ\u00f3micos de la Uni\u00f3n Europea que han supuesto casi el 30% de la inversi\u00f3n total.\r\n<a href=\"https:\/\/logosnurseryschool.es\/nursery\/wp-content\/uploads\/2024\/08\/Financiado.png\"><img src=\"https:\/\/logosnurseryschool.es\/nursery\/wp-content\/uploads\/2024\/08\/Financiado-300x26.png\" alt=\"\" width=\"300\" height=\"26\" class=\"alignnone size-medium wp-image-11034\" \/><\/a>","footnotes":""},"class_list":["post-11038","page","type-page","status-publish","hentry"],"_links":{"self":[{"href":"https:\/\/logosnurseryschool.es\/nursery\/wp-json\/wp\/v2\/pages\/11038","targetHints":{"allow":["GET"]}}],"collection":[{"href":"https:\/\/logosnurseryschool.es\/nursery\/wp-json\/wp\/v2\/pages"}],"about":[{"href":"https:\/\/logosnurseryschool.es\/nursery\/wp-json\/wp\/v2\/types\/page"}],"author":[{"embeddable":true,"href":"https:\/\/logosnurseryschool.es\/nursery\/wp-json\/wp\/v2\/users\/1"}],"replies":[{"embeddable":true,"href":"https:\/\/logosnurseryschool.es\/nursery\/wp-json\/wp\/v2\/comments?post=11038"}],"version-history":[{"count":3,"href":"https:\/\/logosnurseryschool.es\/nursery\/wp-json\/wp\/v2\/pages\/11038\/revisions"}],"predecessor-version":[{"id":11487,"href":"https:\/\/logosnurseryschool.es\/nursery\/wp-json\/wp\/v2\/pages\/11038\/revisions\/11487"}],"wp:attachment":[{"href":"https:\/\/logosnurseryschool.es\/nursery\/wp-json\/wp\/v2\/media?parent=11038"}],"curies":[{"name":"wp","href":"https:\/\/api.w.org\/{rel}","templated":true}]}}