{"id":2363,"date":"2016-10-05T11:41:27","date_gmt":"2016-10-05T11:41:27","guid":{"rendered":"https:\/\/logosnurseryschool.es\/nursery\/?page_id=2363"},"modified":"2020-03-18T12:38:49","modified_gmt":"2020-03-18T12:38:49","slug":"estimulacion-musical-y-psicomotriz","status":"publish","type":"page","link":"https:\/\/logosnurseryschool.es\/nursery\/programa\/estimulacion-musical-y-psicomotriz\/","title":{"rendered":"Estimulaci\u00f3n musical y psicomotriz"},"content":{"rendered":"<p>[et_pb_section fb_built=&#8221;1&#8243; custom_padding_last_edited=&#8221;on|desktop&#8221; admin_label=&#8221;section&#8221; _builder_version=&#8221;3.0.74&#8243; custom_padding_tablet=&#8221;50px|0|50px|0&#8243; transparent_background=&#8221;off&#8221; padding_mobile=&#8221;off&#8221;][et_pb_row padding_mobile=&#8221;off&#8221; column_padding_mobile=&#8221;on&#8221; disabled_on=&#8221;on||&#8221; admin_label=&#8221;row&#8221; _builder_version=&#8221;3.0.47&#8243; background_color=&#8221;#f7f7f7&#8243; background_size=&#8221;initial&#8221; background_position=&#8221;top_left&#8221; background_repeat=&#8221;repeat&#8221;][et_pb_column type=&#8221;1_4&#8243; _builder_version=&#8221;3.0.47&#8243;][et_pb_image src=&#8221;https:\/\/logosnurseryschool.es\/nursery\/wp-content\/uploads\/2014\/10\/music-player.png&#8221; alt=&#8221;Proyecto Cultural&#8221; title_text=&#8221;Proyecto Cultural&#8221; show_bottom_space=&#8221;off&#8221; align=&#8221;center&#8221; admin_label=&#8221;TIT Imagen PC \/ TB&#8221; _builder_version=&#8221;3.0.87&#8243; animation=&#8221;off&#8221; sticky=&#8221;on&#8221; use_border_color=&#8221;off&#8221; border_color=&#8221;#ffffff&#8221; border_width=&#8221;1px&#8221; border_style=&#8221;solid&#8221;][\/et_pb_image][\/et_pb_column][et_pb_column type=&#8221;3_4&#8243; _builder_version=&#8221;3.0.47&#8243;][et_pb_text admin_label=&#8221;TIT Text PC \/ TB&#8221; _builder_version=&#8221;3.20.2&#8243; text_font=&#8221;Pacifico||||&#8221; text_text_color=&#8221;#416c4e&#8221; text_font_size=&#8221;35px&#8221; text_letter_spacing=&#8221;2px&#8221; text_line_height=&#8221;2.7em&#8221; background_color=&#8221;#f7f7f7&#8243; background_size=&#8221;initial&#8221; background_position=&#8221;top_left&#8221; background_repeat=&#8221;repeat&#8221; custom_padding=&#8221;||15px|&#8221; use_border_color=&#8221;off&#8221; border_style=&#8221;solid&#8221;] <\/p>\n<h1 style=\" line-height: 2.7em; color: #416c4e !important; letter-spacing:3px; font-family: 'Pacifico',handwriting; font-size:30px;\">Proyecto Estimulaci\u00f3n musical y psicomotriz<\/h1>\n<p>[\/et_pb_text][\/et_pb_column][\/et_pb_row][et_pb_row padding_mobile=&#8221;off&#8221; column_padding_mobile=&#8221;on&#8221; disabled_on=&#8221;|on|on&#8221; admin_label=&#8221;row&#8221; _builder_version=&#8221;3.0.47&#8243; background_color=&#8221;#f7f7f7&#8243; background_size=&#8221;initial&#8221; background_position=&#8221;top_left&#8221; background_repeat=&#8221;repeat&#8221;][et_pb_column type=&#8221;1_4&#8243; _builder_version=&#8221;3.0.47&#8243;][et_pb_image src=&#8221;https:\/\/logosnurseryschool.es\/nursery\/wp-content\/uploads\/2014\/10\/music-player.png&#8221; alt=&#8221;Proyecto Cultural&#8221; title_text=&#8221;Proyecto Cultural&#8221; show_bottom_space=&#8221;off&#8221; align=&#8221;center&#8221; admin_label=&#8221;TIT Imagen MV&#8221; _builder_version=&#8221;3.0.87&#8243; animation=&#8221;off&#8221; sticky=&#8221;on&#8221; use_border_color=&#8221;off&#8221; border_color=&#8221;#ffffff&#8221; border_width=&#8221;1px&#8221; border_style=&#8221;solid&#8221;][\/et_pb_image][\/et_pb_column][et_pb_column type=&#8221;3_4&#8243; _builder_version=&#8221;3.0.47&#8243;][et_pb_text admin_label=&#8221;TIT Text MV&#8221; _builder_version=&#8221;3.20.2&#8243; text_font=&#8221;Pacifico||||&#8221; text_text_color=&#8221;#416c4e&#8221; text_font_size=&#8221;25px&#8221; text_letter_spacing=&#8221;2px&#8221; text_line_height=&#8221;2em&#8221; background_color=&#8221;#f7f7f7&#8243; background_size=&#8221;initial&#8221; background_position=&#8221;top_left&#8221; background_repeat=&#8221;repeat&#8221; text_orientation=&#8221;center&#8221; module_alignment=&#8221;center&#8221; custom_padding=&#8221;|||&#8221; use_border_color=&#8221;off&#8221; border_style=&#8221;solid&#8221;] <\/p>\n<h1 style=\" line-height: 2.7em; color: #416c4e !important; letter-spacing:3px; font-family: 'Pacifico',handwriting; font-size:20px;\">Proyecto Estimulaci\u00f3n musical y psicomotriz<\/h1>\n<p>[\/et_pb_text][\/et_pb_column][\/et_pb_row][\/et_pb_section][et_pb_section fb_built=&#8221;1&#8243; custom_padding_last_edited=&#8221;on|desktop&#8221; _builder_version=&#8221;3.0.74&#8243; custom_padding=&#8221;0px|0px|0px|0px&#8221; custom_padding_tablet=&#8221;50px|0|50px|0&#8243; transparent_background=&#8221;off&#8221; padding_mobile=&#8221;off&#8221;][et_pb_row use_custom_gutter=&#8221;on&#8221; gutter_width=&#8221;1&#8243; padding_mobile=&#8221;off&#8221; column_padding_mobile=&#8221;on&#8221; _builder_version=&#8221;3.0.47&#8243; background_size=&#8221;initial&#8221; background_position=&#8221;top_left&#8221; background_repeat=&#8221;repeat&#8221;][et_pb_column type=&#8221;1_2&#8243; _builder_version=&#8221;3.0.47&#8243;][et_pb_text _builder_version=&#8221;3.0.87&#8243; text_font_size=&#8221;16&#8243; background_size=&#8221;initial&#8221; background_position=&#8221;top_left&#8221; background_repeat=&#8221;repeat&#8221; custom_padding=&#8221;25px|||&#8221; use_border_color=&#8221;off&#8221; border_style=&#8221;solid&#8221;]<\/p>\n<p style=\"text-align: justify;\">En los primeros a\u00f1os de escuela, la <strong>educaci\u00f3n<\/strong> debe ser lo m\u00e1s <strong>globalizada posible<\/strong>, por eso resulta crucial programar <strong>actividades muy entrelazadas<\/strong> entre s\u00ed como la<strong> psicomotricidad<\/strong>, el ritmo, la <strong>m\u00fasica<\/strong> y la expresi\u00f3n corporal. Estas formas de comunicaci\u00f3n <strong>ayudan al desarrollo integral de los alumnos<\/strong>, gracias al movimiento, la m\u00fasica, la dramatizaci\u00f3n y la expresi\u00f3n corporal.<\/p>\n<p>[\/et_pb_text][\/et_pb_column][et_pb_column type=&#8221;1_2&#8243; _builder_version=&#8221;3.0.47&#8243;][et_pb_image src=&#8221;https:\/\/logosnurseryschool.es\/nursery\/wp-content\/uploads\/2016\/10\/proyecto-estimulacion-musical-y-psicomotriz-nursery-1.jpg&#8221; align=&#8221;right&#8221; _builder_version=&#8221;3.0.87&#8243; animation_style=&#8221;slide&#8221; animation_direction=&#8221;right&#8221; animation_duration=&#8221;500ms&#8221; animation_intensity_slide=&#8221;10%&#8221; animation=&#8221;right&#8221; sticky=&#8221;off&#8221; use_border_color=&#8221;off&#8221; border_color=&#8221;#ffffff&#8221; border_style=&#8221;solid&#8221;][\/et_pb_image][\/et_pb_column][\/et_pb_row][et_pb_row use_custom_gutter=&#8221;on&#8221; gutter_width=&#8221;1&#8243; custom_padding=&#8221;27px|0px|0px|0px&#8221; padding_mobile=&#8221;off&#8221; column_padding_mobile=&#8221;on&#8221; _builder_version=&#8221;3.0.47&#8243; background_size=&#8221;initial&#8221; background_position=&#8221;top_left&#8221; background_repeat=&#8221;repeat&#8221;][et_pb_column type=&#8221;1_2&#8243; _builder_version=&#8221;3.0.47&#8243;][et_pb_image src=&#8221;https:\/\/logosnurseryschool.es\/nursery\/wp-content\/uploads\/2016\/10\/proyecto-estimulacion-musical-y-psicomotriz-nursery-2.jpg&#8221; _builder_version=&#8221;3.0.87&#8243; animation_style=&#8221;slide&#8221; animation_direction=&#8221;left&#8221; animation_duration=&#8221;500ms&#8221; animation_intensity_slide=&#8221;10%&#8221; animation=&#8221;left&#8221; sticky=&#8221;off&#8221; use_border_color=&#8221;off&#8221; border_color=&#8221;#ffffff&#8221; border_style=&#8221;solid&#8221;][\/et_pb_image][\/et_pb_column][et_pb_column type=&#8221;1_2&#8243; _builder_version=&#8221;3.0.47&#8243;][et_pb_text _builder_version=&#8221;3.20.2&#8243; background_size=&#8221;initial&#8221; background_position=&#8221;top_left&#8221; background_repeat=&#8221;repeat&#8221; use_border_color=&#8221;off&#8221;]<\/p>\n<h2>M\u00fasica y psicomotricidad<\/h2>\n<p style=\"text-align: justify;\"><strong>La m\u00fasica y la psicomotricidad<\/strong>, \u00edntimamente entrelazadas, <strong>ayudan<\/strong> a promover y controlar la coordinaci\u00f3n general de movimientos, facilitan la toma de conciencia de uno mismo, el <strong>control del cuerpo<\/strong> y el desarrollo de la capacidad de <strong>expresi\u00f3n corporal<\/strong>, y fomentan la <strong>seguridad en s\u00ed mismos<\/strong>.<\/p>\n<p>[\/et_pb_text][\/et_pb_column][\/et_pb_row][et_pb_row use_custom_gutter=&#8221;on&#8221; gutter_width=&#8221;2&#8243; custom_padding=&#8221;27px|0px|40px|0|false|false&#8221; column_padding_mobile=&#8221;on&#8221; parallax_method_1=&#8221;off&#8221; _builder_version=&#8221;3.17.6&#8243; background_size=&#8221;initial&#8221; background_position=&#8221;top_left&#8221; background_repeat=&#8221;repeat&#8221;][et_pb_column type=&#8221;1_2&#8243; _builder_version=&#8221;3.0.47&#8243;][et_pb_video src=&#8221;https:\/\/www.youtube.com\/watch?v=3XGV8Opub3c&#8221; image_src=&#8221;https:\/\/logosnurseryschool.es\/nursery\/wp-content\/uploads\/2020\/03\/Captura-de-pantalla-2020-03-18-a-las-13.35.28.png&#8221; play_icon_color=&#8221;#e30613&#8243; _builder_version=&#8221;3.20.2&#8243; max_width=&#8221;80%&#8221; module_alignment=&#8221;left&#8221;][\/et_pb_video][\/et_pb_column][et_pb_column type=&#8221;1_2&#8243; _builder_version=&#8221;3.0.47&#8243;][et_pb_video src=&#8221;https:\/\/www.youtube.com\/watch?v=b1KAQP23X58&#8243; image_src=&#8221;https:\/\/logosnurseryschool.es\/nursery\/wp-content\/uploads\/2020\/03\/Captura-de-pantalla-2020-03-18-a-las-13.33.27.png&#8221; play_icon_color=&#8221;#e30613&#8243; _builder_version=&#8221;3.20.2&#8243; max_width=&#8221;80%&#8221; module_alignment=&#8221;left&#8221;][\/et_pb_video][\/et_pb_column][\/et_pb_row][\/et_pb_section][et_pb_section fb_built=&#8221;1&#8243; custom_padding_last_edited=&#8221;on|desktop&#8221; _builder_version=&#8221;3.0.74&#8243; custom_padding=&#8221;54px|0px|2px|0px&#8221; custom_padding_tablet=&#8221;50px|0|50px|0&#8243; transparent_background=&#8221;off&#8221; padding_mobile=&#8221;off&#8221;][et_pb_row custom_padding=&#8221;0px|0px|27px|0px&#8221; padding_mobile=&#8221;off&#8221; column_padding_mobile=&#8221;on&#8221; _builder_version=&#8221;3.0.47&#8243; background_size=&#8221;initial&#8221; background_position=&#8221;top_left&#8221; background_repeat=&#8221;repeat&#8221;][et_pb_column type=&#8221;4_4&#8243; _builder_version=&#8221;3.0.47&#8243;][et_pb_text _builder_version=&#8221;3.0.87&#8243; text_font_size=&#8221;16&#8243; background_size=&#8221;initial&#8221; background_position=&#8221;top_left&#8221; background_repeat=&#8221;repeat&#8221; use_border_color=&#8221;off&#8221; border_style=&#8221;solid&#8221;]<\/p>\n<p style=\"text-align: justify;\">Tenemos <strong>aulas destinadas exclusivamente a psicomotricidad<\/strong> a las que nos trasladamos para realizar la clase. Establecemos unas normas b\u00e1sicas de comportamiento para este proceso que denominamos <strong>\u201cNormas amigables\u201d<\/strong>:<\/p>\n<p>[\/et_pb_text][\/et_pb_column][\/et_pb_row][et_pb_row custom_padding=&#8221;27px|0px|14px|0px&#8221; padding_mobile=&#8221;off&#8221; make_equal=&#8221;on&#8221; column_padding_mobile=&#8221;on&#8221; parallax_method_1=&#8221;off&#8221; parallax_method_2=&#8221;off&#8221; parallax_method_3=&#8221;off&#8221; _builder_version=&#8221;3.0.47&#8243; background_size=&#8221;initial&#8221; background_position=&#8221;top_left&#8221; background_repeat=&#8221;repeat&#8221;][et_pb_column type=&#8221;1_2&#8243; _builder_version=&#8221;3.0.47&#8243;][et_pb_text _builder_version=&#8221;3.0.87&#8243; text_font=&#8221;Pacifico||||&#8221; text_text_color=&#8221;#0d80d8&#8243; text_font_size=&#8221;22&#8243; text_letter_spacing=&#8221;1&#8243; background_size=&#8221;initial&#8221; background_position=&#8221;top_left&#8221; background_repeat=&#8221;repeat&#8221; custom_padding=&#8221;|||10px&#8221; use_border_color=&#8221;off&#8221; border_style=&#8221;solid&#8221;]<\/p>\n<ul>\n<li>Ir en fila, sin correr ni atropellar, y lo m\u00e1s silenciosamente posible: sin molestar a quienes est\u00e1n en sus aulas.<\/li>\n<\/ul>\n<p>[\/et_pb_text][et_pb_text _builder_version=&#8221;3.0.87&#8243; text_font=&#8221;Pacifico||||&#8221; text_text_color=&#8221;#e02b20&#8243; text_font_size=&#8221;22&#8243; text_letter_spacing=&#8221;1&#8243; background_size=&#8221;initial&#8221; background_position=&#8221;top_left&#8221; background_repeat=&#8221;repeat&#8221; custom_padding=&#8221;|||10px&#8221; use_border_color=&#8221;off&#8221; border_style=&#8221;solid&#8221;]<\/p>\n<ul>\n<li style=\"text-align: justify;\">No pelearse por el sitio al llegar al espacio de Estimulaci\u00f3n musical y psicomotriz.<\/li>\n<\/ul>\n<p>[\/et_pb_text][\/et_pb_column][et_pb_column type=&#8221;1_4&#8243; _builder_version=&#8221;3.0.47&#8243;][et_pb_text _builder_version=&#8221;3.0.87&#8243; text_font=&#8221;Pacifico||||&#8221; text_text_color=&#8221;#1ca82c&#8221; text_font_size=&#8221;21&#8243; text_letter_spacing=&#8221;1&#8243; background_size=&#8221;initial&#8221; background_position=&#8221;top_left&#8221; background_repeat=&#8221;repeat&#8221; use_border_color=&#8221;off&#8221; border_style=&#8221;solid&#8221;]<\/p>\n<ul>\n<li style=\"text-align: justify;\">Esperar el turno con paciencia.<\/li>\n<\/ul>\n<p>[\/et_pb_text][et_pb_text _builder_version=&#8221;3.0.87&#8243; text_font=&#8221;Pacifico||||&#8221; text_text_color=&#8221;#ede900&#8243; text_font_size=&#8221;21&#8243; text_letter_spacing=&#8221;1&#8243; background_size=&#8221;initial&#8221; background_position=&#8221;top_left&#8221; background_repeat=&#8221;repeat&#8221; custom_padding=&#8221;25px|||&#8221; use_border_color=&#8221;off&#8221; border_style=&#8221;solid&#8221;]<\/p>\n<ul>\n<li style=\"text-align: justify;\">Usar un tono adecuado, sin gritar.<\/li>\n<\/ul>\n<p>[\/et_pb_text][\/et_pb_column][et_pb_column type=&#8221;1_4&#8243; _builder_version=&#8221;3.0.47&#8243;][et_pb_text _builder_version=&#8221;3.0.87&#8243; text_font=&#8221;Pacifico||||&#8221; text_text_color=&#8221;#e09900&#8243; text_font_size=&#8221;21&#8243; text_letter_spacing=&#8221;1&#8243; background_size=&#8221;initial&#8221; background_position=&#8221;top_left&#8221; background_repeat=&#8221;repeat&#8221; use_border_color=&#8221;off&#8221; border_style=&#8221;solid&#8221;]<\/p>\n<ul>\n<li style=\"text-align: justify;\">Colaborar en la recogida de los elementos usados.<\/li>\n<\/ul>\n<p>[\/et_pb_text][et_pb_text _builder_version=&#8221;3.0.87&#8243; text_font=&#8221;Pacifico||||&#8221; text_text_color=&#8221;#b500f2&#8243; text_font_size=&#8221;21&#8243; text_letter_spacing=&#8221;1&#8243; background_size=&#8221;initial&#8221; background_position=&#8221;top_left&#8221; background_repeat=&#8221;repeat&#8221; use_border_color=&#8221;off&#8221; border_style=&#8221;solid&#8221;]<\/p>\n<ul>\n<li style=\"text-align: justify;\">Regresar al aula con orden, igual que cuando salimos.<\/li>\n<\/ul>\n<p>[\/et_pb_text][\/et_pb_column][\/et_pb_row][\/et_pb_section][et_pb_section fb_built=&#8221;1&#8243; inner_shadow=&#8221;on&#8221; custom_padding_last_edited=&#8221;on|desktop&#8221; _builder_version=&#8221;3.0.74&#8243; background_image=&#8221;https:\/\/logosnurseryschool.es\/nursery\/wp-content\/uploads\/2016\/11\/BAJA_NURSERY-SCHOOL-95.jpg&#8221; parallax=&#8221;on&#8221; custom_padding=&#8221;350px|||&#8221; custom_padding_tablet=&#8221;50px|0|50px|0&#8243; transparent_background=&#8221;off&#8221; padding_mobile=&#8221;off&#8221;][et_pb_row _builder_version=&#8221;3.0.47&#8243; background_size=&#8221;initial&#8221; background_position=&#8221;top_left&#8221; background_repeat=&#8221;repeat&#8221;][et_pb_column type=&#8221;4_4&#8243; _builder_version=&#8221;3.0.47&#8243;][\/et_pb_column][\/et_pb_row][\/et_pb_section][et_pb_section fb_built=&#8221;1&#8243; custom_padding_last_edited=&#8221;on|desktop&#8221; _builder_version=&#8221;3.0.74&#8243; custom_padding=&#8221;0px|0px|54px|0px&#8221; custom_padding_tablet=&#8221;50px|0|50px|0&#8243; transparent_background=&#8221;off&#8221; padding_mobile=&#8221;off&#8221;][et_pb_row custom_padding=&#8221;47px|0px|27px|0px&#8221; padding_mobile=&#8221;off&#8221; column_padding_mobile=&#8221;on&#8221; _builder_version=&#8221;3.0.48&#8243; parallax=&#8221;on&#8221;][et_pb_column type=&#8221;4_4&#8243; _builder_version=&#8221;3.0.47&#8243;][et_pb_text _builder_version=&#8221;3.0.87&#8243; background_size=&#8221;initial&#8221; background_position=&#8221;top_left&#8221; background_repeat=&#8221;repeat&#8221; use_border_color=&#8221;off&#8221; border_style=&#8221;solid&#8221;]<\/p>\n<p style=\"text-align: justify;\">Nos apoyamos en diferentes materiales para realizar el proyecto (Canciones, marionetas, fichas de im\u00e1genes, m\u00f3dulos de espuma, pinturas, aros\u2026) ya que la experimentaci\u00f3n con diversos materiales favorece la oportunidad de m\u00faltiples vivencias.<\/p>\n<p>[\/et_pb_text][\/et_pb_column][\/et_pb_row][et_pb_row custom_padding=&#8221;27px|0px|28px|0px&#8221; padding_mobile=&#8221;off&#8221; column_padding_mobile=&#8221;on&#8221; _builder_version=&#8221;3.0.47&#8243; background_size=&#8221;initial&#8221; background_position=&#8221;top_left&#8221; background_repeat=&#8221;repeat&#8221;][et_pb_column type=&#8221;1_4&#8243; _builder_version=&#8221;3.0.47&#8243;][et_pb_blurb title=&#8221;Aros&#8221; use_icon=&#8221;on&#8221; font_icon=&#8221;%%58%%&#8221; icon_color=&#8221;#ffffff&#8221; use_circle=&#8221;on&#8221; circle_color=&#8221;#f2296c&#8221; _builder_version=&#8221;3.0.87&#8243; background_size=&#8221;initial&#8221; background_position=&#8221;top_left&#8221; background_repeat=&#8221;repeat&#8221; text_orientation=&#8221;center&#8221; use_border_color=&#8221;off&#8221; border_color=&#8221;#ffffff&#8221; border_width=&#8221;1px&#8221; border_style=&#8221;solid&#8221;][\/et_pb_blurb][\/et_pb_column][et_pb_column type=&#8221;1_4&#8243; _builder_version=&#8221;3.0.47&#8243;][et_pb_blurb title=&#8221;Canciones&#8221; use_icon=&#8221;on&#8221; font_icon=&#8221;%%377%%&#8221; icon_color=&#8221;#ffffff&#8221; use_circle=&#8221;on&#8221; circle_color=&#8221;#0c71c3&#8243; _builder_version=&#8221;3.0.87&#8243; background_size=&#8221;initial&#8221; background_position=&#8221;top_left&#8221; background_repeat=&#8221;repeat&#8221; text_orientation=&#8221;center&#8221; use_border_color=&#8221;off&#8221; border_color=&#8221;#ffffff&#8221; border_width=&#8221;1px&#8221; border_style=&#8221;solid&#8221;][\/et_pb_blurb][\/et_pb_column][et_pb_column type=&#8221;1_4&#8243; _builder_version=&#8221;3.0.47&#8243;][et_pb_blurb title=&#8221;Fichas de im\u00e1genes&#8221; use_icon=&#8221;on&#8221; font_icon=&#8221;%%99%%&#8221; icon_color=&#8221;#ffffff&#8221; use_circle=&#8221;on&#8221; circle_color=&#8221;#33a819&#8243; _builder_version=&#8221;3.0.87&#8243; background_size=&#8221;initial&#8221; background_position=&#8221;top_left&#8221; background_repeat=&#8221;repeat&#8221; text_orientation=&#8221;center&#8221; use_border_color=&#8221;off&#8221; border_color=&#8221;#ffffff&#8221; border_width=&#8221;1px&#8221; border_style=&#8221;solid&#8221;][\/et_pb_blurb][\/et_pb_column][et_pb_column type=&#8221;1_4&#8243; _builder_version=&#8221;3.0.47&#8243;][et_pb_blurb title=&#8221;M\u00f3dulos de espuma&#8221; use_icon=&#8221;on&#8221; font_icon=&#8221;%%110%%&#8221; icon_color=&#8221;#ffffff&#8221; use_circle=&#8221;on&#8221; circle_color=&#8221;#edf000&#8243; _builder_version=&#8221;3.0.87&#8243; background_size=&#8221;initial&#8221; background_position=&#8221;top_left&#8221; background_repeat=&#8221;repeat&#8221; text_orientation=&#8221;center&#8221; use_border_color=&#8221;off&#8221; border_color=&#8221;#ffffff&#8221; border_width=&#8221;1px&#8221; border_style=&#8221;solid&#8221;][\/et_pb_blurb][\/et_pb_column][\/et_pb_row][\/et_pb_section][et_pb_section fb_built=&#8221;1&#8243; custom_padding_last_edited=&#8221;on|desktop&#8221; _builder_version=&#8221;3.0.74&#8243; background_color=&#8221;#f7f7f7&#8243; custom_padding=&#8221;0px|0px|0px|0px&#8221; custom_padding_tablet=&#8221;50px|0|50px|0&#8243; transparent_background=&#8221;off&#8221; padding_mobile=&#8221;off&#8221;][et_pb_row make_fullwidth=&#8221;on&#8221; padding_mobile=&#8221;off&#8221; column_padding_mobile=&#8221;on&#8221; parallax_method_1=&#8221;off&#8221; parallax_method_2=&#8221;off&#8221; parallax_method_3=&#8221;off&#8221; parallax_method_4=&#8221;off&#8221; _builder_version=&#8221;3.0.47&#8243; background_size=&#8221;initial&#8221; background_position=&#8221;top_left&#8221; background_repeat=&#8221;repeat&#8221;][et_pb_column type=&#8221;1_4&#8243; _builder_version=&#8221;3.0.47&#8243;][et_pb_text disabled_on=&#8221;off|off|&#8221; admin_label=&#8221;Txt CTA Footer&#8221; _builder_version=&#8221;3.0.87&#8243; text_font_size=&#8221;24&#8243; text_font_size_phone=&#8221;24px&#8221; text_line_height=&#8221;1.2em&#8221; background_size=&#8221;initial&#8221; background_position=&#8221;top_left&#8221; background_repeat=&#8221;repeat&#8221; text_orientation=&#8221;right&#8221; custom_margin=&#8221;|||&#8221; custom_padding=&#8221;20px|||&#8221; use_border_color=&#8221;off&#8221; border_style=&#8221;solid&#8221; saved_tabs=&#8221;all&#8221;]<\/p>\n<p style=\"text-align: center;\">Descubre los <strong>Proyectos<\/strong>\u00a0<strong>Nursery<\/strong><\/p>\n<p><strong><img loading=\"lazy\" decoding=\"async\" class=\"alignnone size-medium wp-image-2780\" src=\"https:\/\/logosnurseryschool.es\/nursery\/wp-content\/uploads\/2016\/07\/Img-ni\u00f1os-nursery-300x94.png\" alt=\"img-ninos-nursery\" width=\"300\" height=\"94\" srcset=\"https:\/\/logosnurseryschool.es\/nursery\/wp-content\/uploads\/2016\/07\/Img-ni\u00f1os-nursery-300x94.png 300w, https:\/\/logosnurseryschool.es\/nursery\/wp-content\/uploads\/2016\/07\/Img-ni\u00f1os-nursery.png 320w\" sizes=\"auto, (max-width: 300px) 100vw, 300px\" \/><\/strong><br \/>\n[\/et_pb_text][\/et_pb_column][et_pb_column type=&#8221;1_4&#8243; _builder_version=&#8221;3.0.47&#8243;][et_pb_blurb title=&#8221;PROGRAMA BILING\u00dcE&#8221; url=&#8221;https:\/\/logosnurseryschool.es\/nursery\/programa\/programa-bilingue\/&#8221; image=&#8221;https:\/\/logosnurseryschool.es\/nursery\/wp-content\/uploads\/2014\/10\/worldwide.png&#8221; alt=&#8221;PROGRAMA BILING\u00dcE&#8221; admin_label=&#8221;PROGRAMA BILING\u00dcE&#8221; _builder_version=&#8221;3.0.87&#8243; header_text_color=&#8221;#565656&#8243; background_color=&#8221;#f7f7f7&#8243; background_size=&#8221;initial&#8221; background_position=&#8221;top_left&#8221; background_repeat=&#8221;repeat&#8221; text_orientation=&#8221;center&#8221; use_border_color=&#8221;off&#8221; border_color=&#8221;#ffffff&#8221; border_width=&#8221;1px&#8221; border_style=&#8221;solid&#8221;][\/et_pb_blurb][\/et_pb_column][et_pb_column type=&#8221;1_4&#8243; _builder_version=&#8221;3.0.47&#8243;][et_pb_blurb title=&#8221;PROYECTO CULTURAL&#8221; url=&#8221;https:\/\/logosnurseryschool.es\/nursery\/programa\/proyecto-cultural\/&#8221; image=&#8221;https:\/\/logosnurseryschool.es\/nursery\/wp-content\/uploads\/2014\/10\/picture.png&#8221; alt=&#8221;PROYECTO CULTURAL&#8221; admin_label=&#8221;PROYECTO CULTURAL&#8221; _builder_version=&#8221;3.0.87&#8243; header_text_color=&#8221;#565656&#8243; background_color=&#8221;#f7f7f7&#8243; background_size=&#8221;initial&#8221; background_position=&#8221;top_left&#8221; background_repeat=&#8221;repeat&#8221; text_orientation=&#8221;center&#8221; use_border_color=&#8221;off&#8221; border_color=&#8221;#ffffff&#8221; border_width=&#8221;1px&#8221; border_style=&#8221;solid&#8221;][\/et_pb_blurb][\/et_pb_column][et_pb_column type=&#8221;1_4&#8243; _builder_version=&#8221;3.0.47&#8243;][et_pb_blurb title=&#8221;PROYECTO MATEM\u00c1TICAS&#8221; url=&#8221;https:\/\/logosnurseryschool.es\/nursery\/programa\/proyecto-matematicas\/&#8221; image=&#8221;https:\/\/logosnurseryschool.es\/nursery\/wp-content\/uploads\/2014\/10\/chalkboard.png&#8221; alt=&#8221;PROYECTO MATEM\u00c1TICAS&#8221; admin_label=&#8221;PROYECTO MATEM\u00c1TICAS&#8221; _builder_version=&#8221;3.0.87&#8243; header_text_color=&#8221;#565656&#8243; background_color=&#8221;#f7f7f7&#8243; background_size=&#8221;initial&#8221; background_position=&#8221;top_left&#8221; background_repeat=&#8221;repeat&#8221; text_orientation=&#8221;center&#8221; use_border_color=&#8221;off&#8221; border_color=&#8221;#ffffff&#8221; border_width=&#8221;1px&#8221; border_style=&#8221;solid&#8221;][\/et_pb_blurb][\/et_pb_column][\/et_pb_row][\/et_pb_section]<\/p>\n","protected":false},"excerpt":{"rendered":"<p>[et_pb_section fb_built=&#8221;1&#8243; custom_padding_last_edited=&#8221;on|desktop&#8221; admin_label=&#8221;section&#8221; _builder_version=&#8221;3.0.74&#8243; custom_padding_tablet=&#8221;50px|0|50px|0&#8243; transparent_background=&#8221;off&#8221; padding_mobile=&#8221;off&#8221;][et_pb_row padding_mobile=&#8221;off&#8221; column_padding_mobile=&#8221;on&#8221; disabled_on=&#8221;on||&#8221; admin_label=&#8221;row&#8221; _builder_version=&#8221;3.0.47&#8243; background_color=&#8221;#f7f7f7&#8243; background_size=&#8221;initial&#8221; background_position=&#8221;top_left&#8221; background_repeat=&#8221;repeat&#8221;][et_pb_column type=&#8221;1_4&#8243; _builder_version=&#8221;3.0.47&#8243;][et_pb_image src=&#8221;https:\/\/logosnurseryschool.es\/nursery\/wp-content\/uploads\/2014\/10\/music-player.png&#8221; alt=&#8221;Proyecto Cultural&#8221; title_text=&#8221;Proyecto Cultural&#8221; show_bottom_space=&#8221;off&#8221; align=&#8221;center&#8221; admin_label=&#8221;TIT Imagen PC \/ TB&#8221; _builder_version=&#8221;3.0.87&#8243; animation=&#8221;off&#8221; sticky=&#8221;on&#8221; use_border_color=&#8221;off&#8221; border_color=&#8221;#ffffff&#8221; border_width=&#8221;1px&#8221; border_style=&#8221;solid&#8221;][\/et_pb_image][\/et_pb_column][et_pb_column type=&#8221;3_4&#8243; _builder_version=&#8221;3.0.47&#8243;][et_pb_text admin_label=&#8221;TIT Text PC \/ TB&#8221; _builder_version=&#8221;3.20.2&#8243; text_font=&#8221;Pacifico||||&#8221; text_text_color=&#8221;#416c4e&#8221; text_font_size=&#8221;35px&#8221; text_letter_spacing=&#8221;2px&#8221; text_line_height=&#8221;2.7em&#8221; background_color=&#8221;#f7f7f7&#8243; background_size=&#8221;initial&#8221; background_position=&#8221;top_left&#8221; background_repeat=&#8221;repeat&#8221; [&hellip;]<\/p>\n","protected":false},"author":1,"featured_media":0,"parent":38,"menu_order":0,"comment_status":"closed","ping_status":"closed","template":"","meta":{"_et_pb_use_builder":"on","_et_pb_old_content":"","footnotes":""},"class_list":["post-2363","page","type-page","status-publish","hentry"],"_links":{"self":[{"href":"https:\/\/logosnurseryschool.es\/nursery\/wp-json\/wp\/v2\/pages\/2363","targetHints":{"allow":["GET"]}}],"collection":[{"href":"https:\/\/logosnurseryschool.es\/nursery\/wp-json\/wp\/v2\/pages"}],"about":[{"href":"https:\/\/logosnurseryschool.es\/nursery\/wp-json\/wp\/v2\/types\/page"}],"author":[{"embeddable":true,"href":"https:\/\/logosnurseryschool.es\/nursery\/wp-json\/wp\/v2\/users\/1"}],"replies":[{"embeddable":true,"href":"https:\/\/logosnurseryschool.es\/nursery\/wp-json\/wp\/v2\/comments?post=2363"}],"version-history":[{"count":51,"href":"https:\/\/logosnurseryschool.es\/nursery\/wp-json\/wp\/v2\/pages\/2363\/revisions"}],"predecessor-version":[{"id":8015,"href":"https:\/\/logosnurseryschool.es\/nursery\/wp-json\/wp\/v2\/pages\/2363\/revisions\/8015"}],"up":[{"embeddable":true,"href":"https:\/\/logosnurseryschool.es\/nursery\/wp-json\/wp\/v2\/pages\/38"}],"wp:attachment":[{"href":"https:\/\/logosnurseryschool.es\/nursery\/wp-json\/wp\/v2\/media?parent=2363"}],"curies":[{"name":"wp","href":"https:\/\/api.w.org\/{rel}","templated":true}]}}