{"id":3376,"date":"2016-11-15T12:45:07","date_gmt":"2016-11-15T12:45:07","guid":{"rendered":"https:\/\/logosnurseryschool.es\/nursery\/?page_id=3376"},"modified":"2020-10-29T11:30:21","modified_gmt":"2020-10-29T11:30:21","slug":"proyecto-tecnologia","status":"publish","type":"page","link":"https:\/\/logosnurseryschool.es\/nursery\/programa\/proyecto-tecnologia\/","title":{"rendered":"Proyecto Tecnolog\u00eda"},"content":{"rendered":"<p>[et_pb_section fb_built=&#8221;1&#8243; custom_padding_last_edited=&#8221;on|desktop&#8221; admin_label=&#8221;section&#8221; _builder_version=&#8221;3.0.74&#8243; custom_padding_tablet=&#8221;50px|0|50px|0&#8243; transparent_background=&#8221;off&#8221; padding_mobile=&#8221;off&#8221;][et_pb_row padding_mobile=&#8221;off&#8221; column_padding_mobile=&#8221;on&#8221; disabled_on=&#8221;on||&#8221; admin_label=&#8221;row&#8221; _builder_version=&#8221;3.0.47&#8243; background_color=&#8221;#f7f7f7&#8243; background_size=&#8221;initial&#8221; background_position=&#8221;top_left&#8221; background_repeat=&#8221;repeat&#8221;][et_pb_column type=&#8221;1_4&#8243; _builder_version=&#8221;3.0.47&#8243;][et_pb_image src=&#8221;https:\/\/logosnurseryschool.es\/nursery\/wp-content\/uploads\/2014\/10\/smartphone.png&#8221; alt=&#8221;Proyecto Cultural&#8221; title_text=&#8221;Proyecto Cultural&#8221; show_bottom_space=&#8221;off&#8221; align=&#8221;center&#8221; admin_label=&#8221;TIT Imagen PC \/ TB&#8221; _builder_version=&#8221;3.20.2&#8243; animation=&#8221;off&#8221; sticky=&#8221;on&#8221; use_border_color=&#8221;off&#8221; border_color=&#8221;#ffffff&#8221; border_width=&#8221;1px&#8221; border_style=&#8221;solid&#8221;]<br \/>\n[\/et_pb_image][\/et_pb_column][et_pb_column type=&#8221;3_4&#8243; _builder_version=&#8221;3.0.47&#8243;][et_pb_text admin_label=&#8221;TIT Text PC \/ TB&#8221; _builder_version=&#8221;3.20.2&#8243; text_font=&#8221;Pacifico||||&#8221; text_text_color=&#8221;#416c4e&#8221; text_font_size=&#8221;40px&#8221; text_letter_spacing=&#8221;3px&#8221; text_line_height=&#8221;2.7em&#8221; background_color=&#8221;#f7f7f7&#8243; background_size=&#8221;initial&#8221; background_position=&#8221;top_left&#8221; background_repeat=&#8221;repeat&#8221; custom_padding=&#8221;||15px|&#8221; use_border_color=&#8221;off&#8221;]<\/p>\n<p>Proyecto Tecnolog\u00eda<\/p>\n<p>[\/et_pb_text][\/et_pb_column][\/et_pb_row][et_pb_row padding_mobile=&#8221;off&#8221; column_padding_mobile=&#8221;on&#8221; disabled_on=&#8221;|on|on&#8221; admin_label=&#8221;row&#8221; _builder_version=&#8221;3.0.47&#8243; background_color=&#8221;#f7f7f7&#8243; background_size=&#8221;initial&#8221; background_position=&#8221;top_left&#8221; background_repeat=&#8221;repeat&#8221;][et_pb_column type=&#8221;1_4&#8243; _builder_version=&#8221;3.0.47&#8243;][et_pb_image src=&#8221;https:\/\/logosnurseryschool.es\/nursery\/wp-content\/uploads\/2014\/10\/smartphone.png&#8221; alt=&#8221;Proyecto Cultural&#8221; title_text=&#8221;Proyecto Cultural&#8221; show_bottom_space=&#8221;off&#8221; align=&#8221;center&#8221; admin_label=&#8221;TIT Imagen MV&#8221; _builder_version=&#8221;3.0.87&#8243; animation=&#8221;off&#8221; sticky=&#8221;on&#8221; use_border_color=&#8221;off&#8221; border_color=&#8221;#ffffff&#8221; border_width=&#8221;1px&#8221; border_style=&#8221;solid&#8221;]<br \/>\n[\/et_pb_image][\/et_pb_column][et_pb_column type=&#8221;3_4&#8243; _builder_version=&#8221;3.0.47&#8243;][et_pb_text admin_label=&#8221;TIT Text MV&#8221; _builder_version=&#8221;3.20.2&#8243; text_font=&#8221;Pacifico||||&#8221; text_text_color=&#8221;#416c4e&#8221; text_font_size=&#8221;30px&#8221; text_letter_spacing=&#8221;2px&#8221; text_line_height=&#8221;2em&#8221; background_color=&#8221;#f7f7f7&#8243; background_size=&#8221;initial&#8221; background_position=&#8221;top_left&#8221; background_repeat=&#8221;repeat&#8221; text_orientation=&#8221;center&#8221; module_alignment=&#8221;center&#8221; custom_padding=&#8221;|||&#8221; use_border_color=&#8221;off&#8221; border_style=&#8221;solid&#8221;]<\/p>\n<p>Proyecto Tecnolog\u00eda<\/p>\n<p>[\/et_pb_text][\/et_pb_column][\/et_pb_row][\/et_pb_section][et_pb_section fb_built=&#8221;1&#8243; custom_padding_last_edited=&#8221;on|desktop&#8221; _builder_version=&#8221;3.0.74&#8243; custom_padding=&#8221;13px|0px|0px|0px&#8221; custom_padding_tablet=&#8221;50px|0|50px|0&#8243; transparent_background=&#8221;off&#8221; padding_mobile=&#8221;off&#8221;][et_pb_row make_fullwidth=&#8221;on&#8221; use_custom_gutter=&#8221;on&#8221; gutter_width=&#8221;0&#8243; custom_padding=&#8221;27px|0px|0px|0px&#8221; padding_mobile=&#8221;off&#8221; column_padding_mobile=&#8221;on&#8221; parallax_method_1=&#8221;off&#8221; parallax_method_2=&#8221;off&#8221; padding_right_1=&#8221;50px&#8221; padding_left_1=&#8221;50px&#8221; padding_1_phone=&#8221;|20px|20px|20px&#8221; padding_1_last_edited=&#8221;on|phone&#8221; _builder_version=&#8221;3.0.47&#8243; background_size=&#8221;initial&#8221; background_position=&#8221;top_left&#8221; background_repeat=&#8221;repeat&#8221;][et_pb_column type=&#8221;1_2&#8243; _builder_version=&#8221;3.0.47&#8243;][et_pb_text _builder_version=&#8221;3.20.2&#8243; text_font_size=&#8221;18&#8243; background_size=&#8221;initial&#8221; background_position=&#8221;top_left&#8221; background_repeat=&#8221;repeat&#8221; use_border_color=&#8221;off&#8221;]<\/p>\n<h1>Proyecto Ipad: nuevas tecnolog\u00edas para educar<\/h1>\n<p style=\"text-align: justify;\">La tecnolog\u00eda y la rob\u00f3tica forman, cada vez m\u00e1s, parte de nuestra vida cotidiana, e interactuamos todos con aparatos, dentro y fuera de casa, y casi sin darnos cuenta, damos instrucciones, ordenamos procesos y delegamos acciones en esos artefactos, simplificando nuestros quehaceres inconscientemente.<\/p>\n<p style=\"text-align: justify;\">Incorporamos la tecnolog\u00eda a nuestras aulas como una herramienta m\u00e1s de trabajo. Contamos con pizarras digitales, Ipads&#8230; que nos ayudan a llevar a cabo el resto de proyectos del curr\u00edculo de los alumnos.<\/p>\n<p style=\"text-align: justify;\">En Logos Nursery contamos con un espacio, la <strong>sala Ipad<\/strong>, donde los alumnos trabajan con los dispositivos. En las aulas contamos con vinilos de pantallas de Ipad para que los ni\u00f1os se familiaricen con los dispositivos y ense\u00f1ar su correcto uso.<\/p>\n<p>&nbsp;<\/p>\n<p>[\/et_pb_text][\/et_pb_column][et_pb_column type=&#8221;1_2&#8243; _builder_version=&#8221;3.0.47&#8243;][et_pb_video src=&#8221;https:\/\/www.youtube.com\/watch?v=y5ObQuoPTKg&#8221; image_src=&#8221;https:\/\/logosnurseryschool.es\/nursery\/wp-content\/uploads\/2020\/04\/Captura-de-pantalla-2020-04-02-a-las-12.30.35.png&#8221; play_icon_color=&#8221;#e30613&#8243; disabled_on=&#8221;off|off|off&#8221; admin_label=&#8221;V\u00eddeo&#8221; _builder_version=&#8221;3.20.2&#8243; max_width=&#8221;70%&#8221; module_alignment=&#8221;center&#8221; custom_margin=&#8221;|||&#8221;][\/et_pb_video][\/et_pb_column][\/et_pb_row][et_pb_row make_fullwidth=&#8221;on&#8221; use_custom_gutter=&#8221;on&#8221; gutter_width=&#8221;0&#8243; custom_padding=&#8221;0px|0px|27px|0px&#8221; padding_mobile=&#8221;off&#8221; column_padding_mobile=&#8221;on&#8221; parallax_method_1=&#8221;off&#8221; parallax_method_2=&#8221;off&#8221; padding_top_2=&#8221;50px&#8221; padding_right_2=&#8221; 50px &#8221; padding_bottom_2=&#8221; &#8221; padding_left_2=&#8221; 50px&#8221; disabled_on=&#8221;on||&#8221; _builder_version=&#8221;3.0.47&#8243; background_size=&#8221;initial&#8221; background_position=&#8221;top_left&#8221; background_repeat=&#8221;repeat&#8221;][et_pb_column type=&#8221;1_2&#8243; _builder_version=&#8221;3.0.47&#8243;][et_pb_gallery gallery_ids=&#8221;3483,3479,3480,3486,3484&#8243; fullwidth=&#8221;on&#8221; disabled_on=&#8221;on|on|on&#8221; _builder_version=&#8221;3.20.2&#8243; caption_all_caps=&#8221;off&#8221; background_layout=&#8221;dark&#8221; auto=&#8221;on&#8221; auto_speed=&#8221;2500&#8243; use_border_color=&#8221;off&#8221; border_color=&#8221;#ffffff&#8221; border_style=&#8221;solid&#8221; disabled=&#8221;on&#8221;]<br \/>\n[\/et_pb_gallery][et_pb_gallery gallery_ids=&#8221;3483,3479,3480,3486,3484,3814,3813&#8243; fullwidth=&#8221;on&#8221; disabled_on=&#8221;off|off|off&#8221; _builder_version=&#8221;3.20.2&#8243; caption_all_caps=&#8221;off&#8221; background_layout=&#8221;dark&#8221; auto=&#8221;on&#8221; auto_speed=&#8221;2500&#8243; use_border_color=&#8221;off&#8221; border_color=&#8221;#ffffff&#8221; border_style=&#8221;solid&#8221;]<br \/>\n[\/et_pb_gallery][\/et_pb_column][et_pb_column type=&#8221;1_2&#8243; _builder_version=&#8221;3.0.47&#8243;][et_pb_text admin_label=&#8221;Texto RESPONSABILIDAD PC&#8221; _builder_version=&#8221;3.0.98&#8243; text_font_size=&#8221;18&#8243; background_size=&#8221;initial&#8221; background_position=&#8221;top_left&#8221; background_repeat=&#8221;repeat&#8221; use_border_color=&#8221;off&#8221;]<\/p>\n<p>\nEducamos en los pros y los contras que nos aportan las nuevas tecnolog\u00edas. Por ello, hablamos con ellos sobre el uso responsable que debemos tener con los dispositivos.<\/p>\n<p>&nbsp;<\/p>\n<ul>\n<li>Manejo del IPAD.<\/li>\n<li>Reconocimiento del alcance de su manejo.<\/li>\n<li>Que significa compartir en un Ipad.<\/li>\n<li>Compartir de forma responsable.<\/li>\n<li>Pensar qu\u00e9 y con qui\u00e9n quiero compartir.<\/li>\n<li>Entender que lo que env\u00edas sale de tu control, ya no es tuyo.<\/li>\n<li>Aprender a proteger tu propia imagen.<\/li>\n<\/ul>\n<p>[\/et_pb_text][\/et_pb_column][\/et_pb_row][et_pb_row make_fullwidth=&#8221;on&#8221; use_custom_gutter=&#8221;on&#8221; gutter_width=&#8221;0&#8243; custom_padding=&#8221;0px|0px|27px|0px&#8221; padding_mobile=&#8221;off&#8221; column_padding_mobile=&#8221;on&#8221; parallax_method_1=&#8221;off&#8221; parallax_method_2=&#8221;off&#8221; padding_right_1=&#8221;20px&#8221; padding_bottom_1=&#8221;20px&#8221; padding_left_1=&#8221;20px&#8221; disabled_on=&#8221;off|on|on&#8221; _builder_version=&#8221;3.0.47&#8243; background_size=&#8221;initial&#8221; background_position=&#8221;top_left&#8221; background_repeat=&#8221;repeat&#8221;][et_pb_column type=&#8221;1_2&#8243; _builder_version=&#8221;3.0.47&#8243;][et_pb_text admin_label=&#8221;Texto RESPONSABILIDAD MV&#8221; _builder_version=&#8221;3.0.87&#8243; text_font_size=&#8221;18&#8243; background_size=&#8221;initial&#8221; background_position=&#8221;top_left&#8221; background_repeat=&#8221;repeat&#8221; use_border_color=&#8221;off&#8221; border_color=&#8221;#ffffff&#8221; border_style=&#8221;solid&#8221;]<\/p>\n<p>\nEducamos en los pros y los contras que nos aportan las nuevas tecnolog\u00edas. Por ello, hablamos con ellos sobre el uso responsable que debemos tener con los dispositivos.<\/p>\n<ul>\n<li>Manejo del IPAD.<\/li>\n<li>Reconocimiento del alcance de su manejo.<\/li>\n<li>Que significa compartir en un Ipad.<\/li>\n<li>Compartir de forma responsable.<\/li>\n<li>Pensar qu\u00e9 y con qui\u00e9n quiero compartir.<\/li>\n<li>Entender que lo que env\u00edas sale de tu control, ya no es tuyo.<\/li>\n<li>Aprender a proteger tu propia imagen.<\/li>\n<\/ul>\n<p>[\/et_pb_text][\/et_pb_column][et_pb_column type=&#8221;1_2&#8243; _builder_version=&#8221;3.0.47&#8243;][et_pb_gallery gallery_ids=&#8221;3483,3479,3480,3486,3484&#8243; fullwidth=&#8221;on&#8221; _builder_version=&#8221;3.0.87&#8243; caption_all_caps=&#8221;off&#8221; background_layout=&#8221;dark&#8221; auto=&#8221;on&#8221; auto_speed=&#8221;2500&#8243; use_border_color=&#8221;off&#8221; border_color=&#8221;#ffffff&#8221; border_style=&#8221;solid&#8221;]<br \/>\n[\/et_pb_gallery][\/et_pb_column][\/et_pb_row][\/et_pb_section][et_pb_section fb_built=&#8221;1&#8243; disabled_on=&#8221;on|on|on&#8221; _builder_version=&#8221;3.20.2&#8243; disabled=&#8221;on&#8221;][et_pb_row make_fullwidth=&#8221;on&#8221; use_custom_gutter=&#8221;on&#8221; gutter_width=&#8221;0&#8243; custom_padding=&#8221;27px|0px|0px|0px&#8221; padding_mobile=&#8221;off&#8221; column_padding_mobile=&#8221;on&#8221; parallax_method_1=&#8221;off&#8221; parallax_method_2=&#8221;off&#8221; padding_right_1=&#8221;50px&#8221; padding_left_1=&#8221;50px&#8221; padding_1_phone=&#8221;|20px|20px|20px&#8221; padding_1_last_edited=&#8221;on|phone&#8221; _builder_version=&#8221;3.0.47&#8243; background_size=&#8221;initial&#8221; background_position=&#8221;top_left&#8221; background_repeat=&#8221;repeat&#8221;][et_pb_column type=&#8221;1_3&#8243; _builder_version=&#8221;3.0.47&#8243;][\/et_pb_column][et_pb_column type=&#8221;1_3&#8243; _builder_version=&#8221;3.0.47&#8243;][\/et_pb_column][et_pb_column type=&#8221;1_3&#8243; _builder_version=&#8221;3.0.47&#8243;][\/et_pb_column][\/et_pb_row][et_pb_row _builder_version=&#8221;3.20.2&#8243;][et_pb_column type=&#8221;1_3&#8243; _builder_version=&#8221;3.20.2&#8243;][\/et_pb_column][et_pb_column type=&#8221;1_3&#8243; _builder_version=&#8221;3.20.2&#8243;][\/et_pb_column][et_pb_column type=&#8221;1_3&#8243; _builder_version=&#8221;3.20.2&#8243;][\/et_pb_column][\/et_pb_row][\/et_pb_section][et_pb_section fb_built=&#8221;1&#8243; custom_padding_last_edited=&#8221;on|desktop&#8221; _builder_version=&#8221;3.0.74&#8243; background_color=&#8221;#f7f7f7&#8243; custom_padding=&#8221;0px|0px|0px|0px&#8221; custom_padding_tablet=&#8221;50px|0|50px|0&#8243; transparent_background=&#8221;off&#8221; padding_mobile=&#8221;off&#8221;][et_pb_row make_fullwidth=&#8221;on&#8221; padding_mobile=&#8221;off&#8221; column_padding_mobile=&#8221;on&#8221; parallax_method_1=&#8221;off&#8221; parallax_method_2=&#8221;off&#8221; parallax_method_3=&#8221;off&#8221; parallax_method_4=&#8221;off&#8221; _builder_version=&#8221;3.0.47&#8243; background_size=&#8221;initial&#8221; background_position=&#8221;top_left&#8221; background_repeat=&#8221;repeat&#8221;][et_pb_column type=&#8221;1_4&#8243; _builder_version=&#8221;3.0.47&#8243;][et_pb_text disabled_on=&#8221;off|off|&#8221; admin_label=&#8221;Txt CTA Footer&#8221; _builder_version=&#8221;3.0.87&#8243; text_font_size=&#8221;24&#8243; text_font_size_phone=&#8221;24px&#8221; text_line_height=&#8221;1.2em&#8221; background_size=&#8221;initial&#8221; background_position=&#8221;top_left&#8221; background_repeat=&#8221;repeat&#8221; text_orientation=&#8221;right&#8221; custom_margin=&#8221;|||&#8221; custom_padding=&#8221;20px|||&#8221; use_border_color=&#8221;off&#8221; border_style=&#8221;solid&#8221; saved_tabs=&#8221;all&#8221;]<\/p>\n<p style=\"text-align: center;\">Descubre los <strong>Proyectos<\/strong>\u00a0<strong>Nursery<\/strong><\/p>\n<p><strong><img loading=\"lazy\" decoding=\"async\" class=\"alignnone size-medium wp-image-2780\" src=\"https:\/\/logosnurseryschool.es\/nursery\/wp-content\/uploads\/2016\/07\/Img-ni\u00f1os-nursery-300x94.png\" alt=\"img-ninos-nursery\" width=\"300\" height=\"94\" srcset=\"https:\/\/logosnurseryschool.es\/nursery\/wp-content\/uploads\/2016\/07\/Img-ni\u00f1os-nursery-300x94.png 300w, https:\/\/logosnurseryschool.es\/nursery\/wp-content\/uploads\/2016\/07\/Img-ni\u00f1os-nursery.png 320w\" sizes=\"auto, (max-width: 300px) 100vw, 300px\" \/><\/strong><\/p>\n<p>[\/et_pb_text][\/et_pb_column][et_pb_column type=&#8221;1_4&#8243; _builder_version=&#8221;3.0.47&#8243;][et_pb_blurb title=&#8221;PROGRAMA BILING\u00dcE&#8221; url=&#8221;https:\/\/logosnurseryschool.es\/nursery\/programa\/programa-bilingue\/&#8221; image=&#8221;https:\/\/logosnurseryschool.es\/nursery\/wp-content\/uploads\/2014\/10\/worldwide.png&#8221; alt=&#8221;PROGRAMA BILING\u00dcE&#8221; admin_label=&#8221;PROGRAMA BILING\u00dcE&#8221; _builder_version=&#8221;3.0.87&#8243; header_text_color=&#8221;#565656&#8243; background_color=&#8221;#f7f7f7&#8243; background_size=&#8221;initial&#8221; background_position=&#8221;top_left&#8221; background_repeat=&#8221;repeat&#8221; text_orientation=&#8221;center&#8221; use_border_color=&#8221;off&#8221; border_color=&#8221;#ffffff&#8221; border_width=&#8221;1px&#8221; border_style=&#8221;solid&#8221;]<br \/>\n[\/et_pb_blurb][\/et_pb_column][et_pb_column type=&#8221;1_4&#8243; _builder_version=&#8221;3.0.47&#8243;][et_pb_blurb title=&#8221;PROYECTO CULTURAL&#8221; url=&#8221;https:\/\/logosnurseryschool.es\/nursery\/programa\/proyecto-cultural\/&#8221; image=&#8221;https:\/\/logosnurseryschool.es\/nursery\/wp-content\/uploads\/2014\/10\/picture.png&#8221; alt=&#8221;PROYECTO CULTURAL&#8221; admin_label=&#8221;PROYECTO CULTURAL&#8221; _builder_version=&#8221;3.0.87&#8243; header_text_color=&#8221;#565656&#8243; background_color=&#8221;#f7f7f7&#8243; background_size=&#8221;initial&#8221; background_position=&#8221;top_left&#8221; background_repeat=&#8221;repeat&#8221; text_orientation=&#8221;center&#8221; use_border_color=&#8221;off&#8221; border_color=&#8221;#ffffff&#8221; border_width=&#8221;1px&#8221; border_style=&#8221;solid&#8221;]<br \/>\n[\/et_pb_blurb][\/et_pb_column][et_pb_column type=&#8221;1_4&#8243; _builder_version=&#8221;3.0.47&#8243;][et_pb_blurb title=&#8221;PROYECTO MATEM\u00c1TICAS&#8221; url=&#8221;https:\/\/logosnurseryschool.es\/nursery\/programa\/proyecto-matematicas\/&#8221; image=&#8221;https:\/\/logosnurseryschool.es\/nursery\/wp-content\/uploads\/2014\/10\/chalkboard.png&#8221; alt=&#8221;PROYECTO MATEM\u00c1TICAS&#8221; admin_label=&#8221;PROYECTO MATEM\u00c1TICAS&#8221; _builder_version=&#8221;3.0.87&#8243; header_text_color=&#8221;#565656&#8243; background_color=&#8221;#f7f7f7&#8243; background_size=&#8221;initial&#8221; background_position=&#8221;top_left&#8221; background_repeat=&#8221;repeat&#8221; text_orientation=&#8221;center&#8221; use_border_color=&#8221;off&#8221; border_color=&#8221;#ffffff&#8221; border_width=&#8221;1px&#8221; border_style=&#8221;solid&#8221;]<br \/>\n[\/et_pb_blurb][\/et_pb_column][\/et_pb_row][\/et_pb_section]<\/p>\n","protected":false},"excerpt":{"rendered":"<p>[et_pb_section fb_built=&#8221;1&#8243; custom_padding_last_edited=&#8221;on|desktop&#8221; admin_label=&#8221;section&#8221; _builder_version=&#8221;3.0.74&#8243; custom_padding_tablet=&#8221;50px|0|50px|0&#8243; transparent_background=&#8221;off&#8221; padding_mobile=&#8221;off&#8221;][et_pb_row padding_mobile=&#8221;off&#8221; column_padding_mobile=&#8221;on&#8221; disabled_on=&#8221;on||&#8221; admin_label=&#8221;row&#8221; _builder_version=&#8221;3.0.47&#8243; background_color=&#8221;#f7f7f7&#8243; background_size=&#8221;initial&#8221; background_position=&#8221;top_left&#8221; background_repeat=&#8221;repeat&#8221;][et_pb_column type=&#8221;1_4&#8243; _builder_version=&#8221;3.0.47&#8243;][et_pb_image src=&#8221;https:\/\/logosnurseryschool.es\/nursery\/wp-content\/uploads\/2014\/10\/smartphone.png&#8221; alt=&#8221;Proyecto Cultural&#8221; title_text=&#8221;Proyecto Cultural&#8221; show_bottom_space=&#8221;off&#8221; align=&#8221;center&#8221; admin_label=&#8221;TIT Imagen PC \/ TB&#8221; _builder_version=&#8221;3.20.2&#8243; animation=&#8221;off&#8221; sticky=&#8221;on&#8221; use_border_color=&#8221;off&#8221; border_color=&#8221;#ffffff&#8221; border_width=&#8221;1px&#8221; border_style=&#8221;solid&#8221;] [\/et_pb_image][\/et_pb_column][et_pb_column type=&#8221;3_4&#8243; _builder_version=&#8221;3.0.47&#8243;][et_pb_text admin_label=&#8221;TIT Text PC \/ TB&#8221; _builder_version=&#8221;3.20.2&#8243; text_font=&#8221;Pacifico||||&#8221; text_text_color=&#8221;#416c4e&#8221; text_font_size=&#8221;40px&#8221; text_letter_spacing=&#8221;3px&#8221; text_line_height=&#8221;2.7em&#8221; background_color=&#8221;#f7f7f7&#8243; background_size=&#8221;initial&#8221; background_position=&#8221;top_left&#8221; [&hellip;]<\/p>\n","protected":false},"author":1,"featured_media":0,"parent":38,"menu_order":0,"comment_status":"closed","ping_status":"closed","template":"","meta":{"_et_pb_use_builder":"on","_et_pb_old_content":"","footnotes":""},"class_list":["post-3376","page","type-page","status-publish","hentry"],"_links":{"self":[{"href":"https:\/\/logosnurseryschool.es\/nursery\/wp-json\/wp\/v2\/pages\/3376","targetHints":{"allow":["GET"]}}],"collection":[{"href":"https:\/\/logosnurseryschool.es\/nursery\/wp-json\/wp\/v2\/pages"}],"about":[{"href":"https:\/\/logosnurseryschool.es\/nursery\/wp-json\/wp\/v2\/types\/page"}],"author":[{"embeddable":true,"href":"https:\/\/logosnurseryschool.es\/nursery\/wp-json\/wp\/v2\/users\/1"}],"replies":[{"embeddable":true,"href":"https:\/\/logosnurseryschool.es\/nursery\/wp-json\/wp\/v2\/comments?post=3376"}],"version-history":[{"count":54,"href":"https:\/\/logosnurseryschool.es\/nursery\/wp-json\/wp\/v2\/pages\/3376\/revisions"}],"predecessor-version":[{"id":8292,"href":"https:\/\/logosnurseryschool.es\/nursery\/wp-json\/wp\/v2\/pages\/3376\/revisions\/8292"}],"up":[{"embeddable":true,"href":"https:\/\/logosnurseryschool.es\/nursery\/wp-json\/wp\/v2\/pages\/38"}],"wp:attachment":[{"href":"https:\/\/logosnurseryschool.es\/nursery\/wp-json\/wp\/v2\/media?parent=3376"}],"curies":[{"name":"wp","href":"https:\/\/api.w.org\/{rel}","templated":true}]}}