{"id":38,"date":"2016-07-25T11:59:14","date_gmt":"2016-07-25T11:59:14","guid":{"rendered":"https:\/\/logosnurseryschool.es\/nursery\/?page_id=38"},"modified":"2020-06-17T11:53:15","modified_gmt":"2020-06-17T11:53:15","slug":"programa","status":"publish","type":"page","link":"https:\/\/logosnurseryschool.es\/nursery\/programa\/","title":{"rendered":"Programa"},"content":{"rendered":"<p>[et_pb_section fb_built=&#8221;1&#8243; admin_label=&#8221;section&#8221; _builder_version=&#8221;3.0.47&#8243;][et_pb_row admin_label=&#8221;row&#8221; _builder_version=&#8221;3.0.48&#8243; background_size=&#8221;initial&#8221; background_position=&#8221;top_left&#8221; background_repeat=&#8221;repeat&#8221;][et_pb_column type=&#8221;4_4&#8243; _builder_version=&#8221;3.0.47&#8243;][et_pb_image src=&#8221;https:\/\/logosnurseryschool.es\/nursery\/wp-content\/uploads\/2014\/10\/cabecera-pag.png&#8221; show_bottom_space=&#8221;off&#8221; align=&#8221;center&#8221; admin_label=&#8221;Portada Proyectos&#8221; _builder_version=&#8221;3.0.87&#8243; animation=&#8221;off&#8221; sticky=&#8221;on&#8221; use_border_color=&#8221;off&#8221; border_color=&#8221;#ffffff&#8221; border_style=&#8221;solid&#8221;] [\/et_pb_image][\/et_pb_column][\/et_pb_row][\/et_pb_section][et_pb_section fb_built=&#8221;1&#8243; admin_label=&#8221;Secci\u00f3n&#8221; _builder_version=&#8221;3.0.47&#8243;][et_pb_row admin_label=&#8221;Fila&#8221; _builder_version=&#8221;3.0.48&#8243; background_size=&#8221;initial&#8221; background_position=&#8221;top_left&#8221; background_repeat=&#8221;repeat&#8221;][et_pb_column type=&#8221;1_4&#8243; _builder_version=&#8221;3.0.47&#8243;][et_pb_blurb url=&#8221;https:\/\/logosnurseryschool.es\/nursery\/proyecto\/proyecto-bilingue\/&#8221; use_icon=&#8221;on&#8221; font_icon=&#8221;%%164%%&#8221; icon_color=&#8221;#ffffff&#8221; admin_label=&#8221;Anuncio&#8221; _builder_version=&#8221;3.0.87&#8243; background_color=&#8221;#e42239&#8243; background_size=&#8221;initial&#8221; background_position=&#8221;top_left&#8221; background_repeat=&#8221;repeat&#8221; text_orientation=&#8221;center&#8221; custom_padding=&#8221;25px|25px|25px|25px&#8221; use_border_color=&#8221;off&#8221; border_color=&#8221;#ffffff&#8221; border_style=&#8221;solid&#8221;] [\/et_pb_blurb][\/et_pb_column][et_pb_column type=&#8221;3_4&#8243; _builder_version=&#8221;3.0.47&#8243;][et_pb_text admin_label=&#8221;Biling&#8221; _builder_version=&#8221;3.0.87&#8243; background_size=&#8221;initial&#8221; background_position=&#8221;top_left&#8221; background_repeat=&#8221;repeat&#8221; use_border_color=&#8221;off&#8221; border_color=&#8221;#ffffff&#8221; border_style=&#8221;solid&#8221;]<\/p>\n<h1><span style=\"color: #e42239;\">PROYECTO BILING\u00dcE <\/span><\/h1>\n<p><span style=\"color: #333333;\">En Logos Nursery School creeamos un entorno de inmersi\u00f3n completa en ingl\u00e9s, trabajando desde el primer d\u00eda con los m\u00e1s peque\u00f1os para que el aprendizaje de un nuevo idioma se haga de una forma natural. Paso a paso acompa\u00f1amos a los ni\u00f1os hacia la comprensi\u00f3n lectora, cuando los garabatos se convierten en letras, las letras en sonidos, los sonidos en palabras, las palabras en cuentos y los cuentos en libros.\u00a0\u00a0<\/span><br \/>\n[\/et_pb_text][\/et_pb_column][\/et_pb_row][\/et_pb_section][et_pb_section fb_built=&#8221;1&#8243; admin_label=&#8221;Secci\u00f3n&#8221; _builder_version=&#8221;3.0.47&#8243;][et_pb_row admin_label=&#8221;Fila&#8221; _builder_version=&#8221;3.0.48&#8243; background_size=&#8221;initial&#8221; background_position=&#8221;top_left&#8221; background_repeat=&#8221;repeat&#8221;][et_pb_column type=&#8221;3_4&#8243; _builder_version=&#8221;3.0.47&#8243;][et_pb_text admin_label=&#8221;mates&#8221; _builder_version=&#8221;3.20.2&#8243; background_size=&#8221;initial&#8221; background_position=&#8221;top_left&#8221; background_repeat=&#8221;repeat&#8221; use_border_color=&#8221;off&#8221; border_color=&#8221;#ffffff&#8221; border_style=&#8221;solid&#8221;]<\/p>\n<h2><span style=\"color: #00b766;\">PROYECTO MATEM\u00c1TICAS<\/span><\/h2>\n<p>Para el <strong>aprendizaje de las Matem\u00e1ticas<\/strong>, en Logos Nursery School apostamos por el <strong>M\u00e9todo Singapur<\/strong>. Un m\u00e9todo innovador donde\u00a0las matem\u00e1ticas se convierten en un juego divertido y adem\u00e1s vamos dando a\u00a0nuestros alumnos <strong>estrategias para la resoluci\u00f3n de problemas<\/strong> con situaciones y juegos\u00a0aplicados a la vida real , las matem\u00e1ticas se puede tocar y ver, se transforman en algo real\u00a0para ellos. No se parte de los n\u00fameros sino de las cosas que ellos utilizan a diario en su vida\u00a0cotidiana.[\/et_pb_text][\/et_pb_column][et_pb_column type=&#8221;1_4&#8243; _builder_version=&#8221;3.0.47&#8243;][et_pb_blurb use_icon=&#8221;on&#8221; font_icon=&#8221;%%43%%&#8221; icon_color=&#8221;#ffffff&#8221; admin_label=&#8221;Anuncio&#8221; _builder_version=&#8221;3.0.87&#8243; background_color=&#8221;#00b766&#8243; background_size=&#8221;initial&#8221; background_position=&#8221;top_left&#8221; background_repeat=&#8221;repeat&#8221; text_orientation=&#8221;center&#8221; custom_padding=&#8221;25px|25px|25px|25px&#8221; use_border_color=&#8221;off&#8221; border_color=&#8221;#ffffff&#8221; border_style=&#8221;solid&#8221;] [\/et_pb_blurb][\/et_pb_column][\/et_pb_row][et_pb_row admin_label=&#8221;Fila&#8221; _builder_version=&#8221;3.0.48&#8243; background_size=&#8221;initial&#8221; background_position=&#8221;top_left&#8221; background_repeat=&#8221;repeat&#8221;][et_pb_column type=&#8221;1_4&#8243; _builder_version=&#8221;3.0.47&#8243;][et_pb_blurb use_icon=&#8221;on&#8221; font_icon=&#8221;%%105%%&#8221; icon_color=&#8221;#ffffff&#8221; admin_label=&#8221;Anuncio&#8221; _builder_version=&#8221;3.0.87&#8243; background_color=&#8221;#0089b8&#8243; background_size=&#8221;initial&#8221; background_position=&#8221;top_left&#8221; background_repeat=&#8221;repeat&#8221; text_orientation=&#8221;center&#8221; custom_padding=&#8221;25px|25px|25px|25px&#8221; use_border_color=&#8221;off&#8221; border_color=&#8221;#ffffff&#8221; border_style=&#8221;solid&#8221;] [\/et_pb_blurb][\/et_pb_column][et_pb_column type=&#8221;3_4&#8243; _builder_version=&#8221;3.0.47&#8243;][et_pb_text admin_label=&#8221;ipad&#8221; _builder_version=&#8221;3.0.87&#8243; background_size=&#8221;initial&#8221; background_position=&#8221;top_left&#8221; background_repeat=&#8221;repeat&#8221; use_border_color=&#8221;off&#8221; border_color=&#8221;#ffffff&#8221; border_style=&#8221;solid&#8221;]<\/p>\n<h1><span style=\"color: #0089b8;\">PROYECTO IPAD<\/span><\/h1>\n<p>Conscientes de que las nuevas generaciones son nativos digitales dotamos a los m\u00e1s peque\u00f1os de elementos electr\u00f3nicos para que aprendan su manejo desde el punto de vista responsable. Participando en un entorno tecnol\u00f3gico como las pizarras digitales en las aulas donde los ni\u00f1os entienden la tecnolog\u00eda como herramienta para su desarrollo y aprendizaje.<br \/>\n[\/et_pb_text][\/et_pb_column][\/et_pb_row][et_pb_row admin_label=&#8221;Fila&#8221; _builder_version=&#8221;3.0.48&#8243; background_size=&#8221;initial&#8221; background_position=&#8221;top_left&#8221; background_repeat=&#8221;repeat&#8221;][et_pb_column type=&#8221;3_4&#8243; _builder_version=&#8221;3.0.47&#8243;][et_pb_text admin_label=&#8221;m\u00fasica&#8221; _builder_version=&#8221;3.0.87&#8243; background_size=&#8221;initial&#8221; background_position=&#8221;top_left&#8221; background_repeat=&#8221;repeat&#8221; use_border_color=&#8221;off&#8221; border_color=&#8221;#ffffff&#8221; border_style=&#8221;solid&#8221;]<\/p>\n<h1><span style=\"color: #ff6600;\">PROYECTO M\u00daSICA<\/span><\/h1>\n<p>Manteniendo el proceso global que requiere la educaci\u00f3n infantil partiremos de la m\u00fasica\u00a0como eje transversal y unificador, generando el aprendizaje con el esquema siguiente:\u00a0partimos de una cualidad del sonido (grave), se trabaja la discriminaci\u00f3n auditiva, se aprende\u00a0una canci\u00f3n, se realiza una audici\u00f3n (corta) de m\u00fasica cl\u00e1sica, se realiza una representaci\u00f3n\u00a0psicomotriz (danza). De esta forma potenciamos el desarrollo a todos los niveles tanto\u00a0corporal como mental y emocional.<\/p>\n<p>La m\u00fasica , el canto y el movimiento nos facilita nuestra manera de expresarnos y nos\u00a0relaciona con el entorno.<br \/>\n[\/et_pb_text][\/et_pb_column][et_pb_column type=&#8221;1_4&#8243; _builder_version=&#8221;3.0.47&#8243;][et_pb_blurb use_icon=&#8221;on&#8221; font_icon=&#8221;%%377%%&#8221; icon_color=&#8221;#ffffff&#8221; admin_label=&#8221;Anuncio&#8221; _builder_version=&#8221;3.0.87&#8243; background_color=&#8221;#f97c00&#8243; background_size=&#8221;initial&#8221; background_position=&#8221;top_left&#8221; background_repeat=&#8221;repeat&#8221; text_orientation=&#8221;center&#8221; custom_padding=&#8221;25px|25px|25px|25px&#8221; use_border_color=&#8221;off&#8221; border_color=&#8221;#ffffff&#8221; border_style=&#8221;solid&#8221;] [\/et_pb_blurb][\/et_pb_column][\/et_pb_row][et_pb_row admin_label=&#8221;Fila&#8221; _builder_version=&#8221;3.0.48&#8243; background_size=&#8221;initial&#8221; background_position=&#8221;top_left&#8221; background_repeat=&#8221;repeat&#8221;][et_pb_column type=&#8221;1_4&#8243; _builder_version=&#8221;3.0.47&#8243;][et_pb_blurb use_icon=&#8221;on&#8221; font_icon=&#8221;%%133%%&#8221; icon_color=&#8221;#ffffff&#8221; admin_label=&#8221;Anuncio&#8221; _builder_version=&#8221;3.0.87&#8243; background_color=&#8221;#00c3ff&#8221; background_size=&#8221;initial&#8221; background_position=&#8221;top_left&#8221; background_repeat=&#8221;repeat&#8221; text_orientation=&#8221;center&#8221; custom_padding=&#8221;25px|25px|25px|25px&#8221; use_border_color=&#8221;off&#8221; border_color=&#8221;#ffffff&#8221; border_style=&#8221;solid&#8221;] [\/et_pb_blurb][\/et_pb_column][et_pb_column type=&#8221;3_4&#8243; _builder_version=&#8221;3.0.47&#8243;][et_pb_text admin_label=&#8221;natacion&#8221; _builder_version=&#8221;3.0.87&#8243; background_size=&#8221;initial&#8221; background_position=&#8221;top_left&#8221; background_repeat=&#8221;repeat&#8221; use_border_color=&#8221;off&#8221; border_color=&#8221;#ffffff&#8221; border_style=&#8221;solid&#8221;]<\/p>\n<h1><span style=\"color: #0089b8;\">PROYECTO NATACI\u00d3N<\/span><\/h1>\n<p>La nataci\u00f3n es una de las actividades deportivas m\u00e1s completas. Con este deporte se trabajan y ejercitan los m\u00fasculos, la coordinaci\u00f3n motora y el sistema circulatorio y respiratorio. Adem\u00e1s contribuye en el desarrollo de la independencia y la autoconfianza del ni\u00f1o.<br \/>\nPara los beb\u00e9s, los beneficios son muchos. La nataci\u00f3n mejora sus capacidades cardiorrespiratorias, favorece su alineaci\u00f3n postural y beneficia su coordinaci\u00f3n muscular, desarrollando sus capacidades sensoriales y psicomotrices.<\/p>\n<ul>\n<li>Ayuda al beb\u00e9 a iniciar la socializaci\u00f3n sin traumas.<\/li>\n<li>Amplia el horizonte de los juegos compartidos.<\/li>\n<li>Activa la diversi\u00f3n y el esp\u00edritu de juego.<\/li>\n<li>Consolida los v\u00ednculos de afecto con sus familiares.<\/li>\n<li>Introduce conductas de autocuidado, convirti\u00e9ndolas en h\u00e1bitos sumamente necesarios.<\/li>\n<li>La convivencia les ayudar\u00e1n a relacionarse mejor y compartir actividades junto a otras personas<\/li>\n<\/ul>\n<p>[\/et_pb_text][\/et_pb_column][\/et_pb_row][et_pb_row admin_label=&#8221;Fila&#8221; _builder_version=&#8221;3.0.48&#8243; background_size=&#8221;initial&#8221; background_position=&#8221;top_left&#8221; background_repeat=&#8221;repeat&#8221;][et_pb_column type=&#8221;3_4&#8243; _builder_version=&#8221;3.0.47&#8243;][et_pb_text admin_label=&#8221;psico&#8221; _builder_version=&#8221;3.0.87&#8243; background_size=&#8221;initial&#8221; background_position=&#8221;top_left&#8221; background_repeat=&#8221;repeat&#8221; use_border_color=&#8221;off&#8221; border_color=&#8221;#ffffff&#8221; border_style=&#8221;solid&#8221;]<\/p>\n<h1><span style=\"color: #ff00ff;\">PROYECTO PSICOMOTRICIDAD<\/span><\/h1>\n<p>Con la cual aprender a dominar de forma sana el movimiento corporal. Sus ejercicios permiten al ni\u00f1o explorar e investigar, superar situaciones de conflicto, enfrentarse a las limitaciones, relacionarse con los dem\u00e1s, conocer sus miedos, proyectar sus fantas\u00edas, tener iniciativa propia, asumir roles, disfrutar en equipo y expresarse en libertad.<br \/>\n[\/et_pb_text][\/et_pb_column][et_pb_column type=&#8221;1_4&#8243; _builder_version=&#8221;3.0.47&#8243;][et_pb_blurb use_icon=&#8221;on&#8221; font_icon=&#8221;%%138%%&#8221; icon_color=&#8221;#ffffff&#8221; admin_label=&#8221;Anuncio&#8221; _builder_version=&#8221;3.0.87&#8243; background_color=&#8221;#ed00b9&#8243; background_size=&#8221;initial&#8221; background_position=&#8221;top_left&#8221; background_repeat=&#8221;repeat&#8221; text_orientation=&#8221;center&#8221; custom_padding=&#8221;25px|25px|25px|25px&#8221; use_border_color=&#8221;off&#8221; border_color=&#8221;#ffffff&#8221; border_style=&#8221;solid&#8221;] [\/et_pb_blurb][\/et_pb_column][\/et_pb_row][\/et_pb_section][et_pb_section fb_built=&#8221;1&#8243; custom_padding_last_edited=&#8221;on|desktop&#8221; disabled_on=&#8221;||on&#8221; admin_label=&#8221;Mobile&#8221; _builder_version=&#8221;3.0.74&#8243; background_color=&#8221;#ffffff&#8221; custom_padding_tablet=&#8221;50px|0|50px|0&#8243; transparent_background=&#8221;off&#8221; padding_mobile=&#8221;off&#8221;][et_pb_row admin_label=&#8221;Fila&#8221; _builder_version=&#8221;3.0.48&#8243; background_size=&#8221;initial&#8221; background_position=&#8221;top_left&#8221; background_repeat=&#8221;repeat&#8221;][et_pb_column type=&#8221;3_4&#8243; _builder_version=&#8221;3.0.47&#8243;][et_pb_text admin_label=&#8221;MV mates&#8221; _builder_version=&#8221;3.0.87&#8243; background_size=&#8221;initial&#8221; background_position=&#8221;top_left&#8221; background_repeat=&#8221;repeat&#8221; use_border_color=&#8221;off&#8221; border_color=&#8221;#ffffff&#8221; border_style=&#8221;solid&#8221;]<\/p>\n<h1><span style=\"color: #00b766;\">PROYECTO MATEM\u00c1TICAS<\/span><\/h1>\n<p>Para el <strong>aprendizaje de las Matem\u00e1ticas<\/strong>, en Logos Nursery School apostamos por el <strong>M\u00e9todo Singapur<\/strong>. Un m\u00e9todo innovador donde\u00a0las matem\u00e1ticas se convierten en un juego divertido y adem\u00e1s vamos dando a\u00a0nuestros alumnos <strong>estrategias para la resoluci\u00f3n de problemas<\/strong> con situaciones y juegos\u00a0aplicados a la vida real , las matem\u00e1ticas se puede tocar y ver, se transforman en algo real\u00a0para ellos. No se parte de los n\u00fameros sino de las cosas que ellos utilizan a diario en su vida\u00a0cotidiana.<br \/>\n[\/et_pb_text][\/et_pb_column][et_pb_column type=&#8221;1_4&#8243; _builder_version=&#8221;3.0.47&#8243;][et_pb_blurb use_icon=&#8221;on&#8221; font_icon=&#8221;%%43%%&#8221; icon_color=&#8221;#ffffff&#8221; admin_label=&#8221;Anuncio&#8221; _builder_version=&#8221;3.0.87&#8243; background_color=&#8221;#00b766&#8243; background_size=&#8221;initial&#8221; background_position=&#8221;top_left&#8221; background_repeat=&#8221;repeat&#8221; text_orientation=&#8221;center&#8221; custom_padding=&#8221;25px|25px|25px|25px&#8221; use_border_color=&#8221;off&#8221; border_color=&#8221;#ffffff&#8221; border_style=&#8221;solid&#8221;] [\/et_pb_blurb][\/et_pb_column][\/et_pb_row][et_pb_row admin_label=&#8221;Fila&#8221; _builder_version=&#8221;3.0.48&#8243; background_size=&#8221;initial&#8221; background_position=&#8221;top_left&#8221; background_repeat=&#8221;repeat&#8221;][et_pb_column type=&#8221;3_4&#8243; _builder_version=&#8221;3.0.47&#8243;][et_pb_text admin_label=&#8221;ipad&#8221; _builder_version=&#8221;3.0.87&#8243; background_size=&#8221;initial&#8221; background_position=&#8221;top_left&#8221; background_repeat=&#8221;repeat&#8221; use_border_color=&#8221;off&#8221; border_color=&#8221;#ffffff&#8221; border_style=&#8221;solid&#8221;]<\/p>\n<h1><span style=\"color: #0089b8;\">PROYECTO IPAD<\/span><\/h1>\n<p>Conscientes de que las nuevas generaciones son nativos digitales dotamos a los m\u00e1s peque\u00f1os de elementos electr\u00f3nicos para que aprendan su manejo desde el punto de vista responsable. Participando en un entorno tecnol\u00f3gico como las pizarras digitales en las aulas donde los ni\u00f1os entienden la tecnolog\u00eda como herramienta para su desarrollo y aprendizaje.<br \/>\n[\/et_pb_text][\/et_pb_column][et_pb_column type=&#8221;1_4&#8243; _builder_version=&#8221;3.0.47&#8243;][et_pb_blurb use_icon=&#8221;on&#8221; font_icon=&#8221;%%105%%&#8221; icon_color=&#8221;#ffffff&#8221; admin_label=&#8221;Anuncio&#8221; _builder_version=&#8221;3.0.87&#8243; background_color=&#8221;#0089b8&#8243; background_size=&#8221;initial&#8221; background_position=&#8221;top_left&#8221; background_repeat=&#8221;repeat&#8221; text_orientation=&#8221;center&#8221; custom_padding=&#8221;25px|25px|25px|25px&#8221; use_border_color=&#8221;off&#8221; border_color=&#8221;#ffffff&#8221; border_style=&#8221;solid&#8221;] [\/et_pb_blurb][\/et_pb_column][\/et_pb_row][et_pb_row admin_label=&#8221;Fila&#8221; _builder_version=&#8221;3.0.48&#8243; background_size=&#8221;initial&#8221; background_position=&#8221;top_left&#8221; background_repeat=&#8221;repeat&#8221;][et_pb_column type=&#8221;3_4&#8243; _builder_version=&#8221;3.0.47&#8243;][et_pb_text admin_label=&#8221;m\u00fasica&#8221; _builder_version=&#8221;3.0.87&#8243; background_size=&#8221;initial&#8221; background_position=&#8221;top_left&#8221; background_repeat=&#8221;repeat&#8221; use_border_color=&#8221;off&#8221; border_color=&#8221;#ffffff&#8221; border_style=&#8221;solid&#8221;]<\/p>\n<h1><span style=\"color: #ff6600;\">PROYECTO M\u00daSICA<\/span><\/h1>\n<p>Manteniendo el proceso global que requiere la educaci\u00f3n infantil partiremos de la m\u00fasica\u00a0como eje transversal y unificador, generando el aprendizaje con el esquema siguiente:\u00a0partimos de una cualidad del sonido (grave), se trabaja la discriminaci\u00f3n auditiva, se aprende\u00a0una canci\u00f3n, se realiza una audici\u00f3n (corta) de m\u00fasica cl\u00e1sica, se realiza una representaci\u00f3n\u00a0psicomotriz (danza). De esta forma potenciamos el desarrollo a todos los niveles tanto\u00a0corporal como mental y emocional.<\/p>\n<p>La m\u00fasica , el canto y el movimiento nos facilita nuestra manera de expresarnos y nos\u00a0relaciona con el entorno.<br \/>\n[\/et_pb_text][\/et_pb_column][et_pb_column type=&#8221;1_4&#8243; _builder_version=&#8221;3.0.47&#8243;][et_pb_blurb use_icon=&#8221;on&#8221; font_icon=&#8221;%%377%%&#8221; icon_color=&#8221;#ffffff&#8221; admin_label=&#8221;Anuncio&#8221; _builder_version=&#8221;3.0.87&#8243; background_color=&#8221;#f97c00&#8243; background_size=&#8221;initial&#8221; background_position=&#8221;top_left&#8221; background_repeat=&#8221;repeat&#8221; text_orientation=&#8221;center&#8221; custom_padding=&#8221;25px|25px|25px|25px&#8221; use_border_color=&#8221;off&#8221; border_color=&#8221;#ffffff&#8221; border_style=&#8221;solid&#8221;] [\/et_pb_blurb][\/et_pb_column][\/et_pb_row][et_pb_row admin_label=&#8221;Fila&#8221; _builder_version=&#8221;3.0.48&#8243; background_size=&#8221;initial&#8221; background_position=&#8221;top_left&#8221; background_repeat=&#8221;repeat&#8221;][et_pb_column type=&#8221;3_4&#8243; _builder_version=&#8221;3.0.47&#8243;][et_pb_text admin_label=&#8221;natacion&#8221; _builder_version=&#8221;3.0.87&#8243; background_size=&#8221;initial&#8221; background_position=&#8221;top_left&#8221; background_repeat=&#8221;repeat&#8221; use_border_color=&#8221;off&#8221; border_color=&#8221;#ffffff&#8221; border_style=&#8221;solid&#8221;]<\/p>\n<h1><span style=\"color: #0089b8;\">PROYECTO NATACI\u00d3N<\/span><\/h1>\n<p>La nataci\u00f3n es una de las actividades deportivas m\u00e1s completas. Con este deporte se trabajan y ejercitan los m\u00fasculos, la coordinaci\u00f3n motora y el sistema circulatorio y respiratorio. Adem\u00e1s contribuye en el desarrollo de la independencia y la autoconfianza del ni\u00f1o.<br \/>\nPara los beb\u00e9s, los beneficios son muchos. La nataci\u00f3n mejora sus capacidades cardiorrespiratorias, favorece su alineaci\u00f3n postural y beneficia su coordinaci\u00f3n muscular, desarrollando sus capacidades sensoriales y psicomotrices.<\/p>\n<ul>\n<li>Ayuda al beb\u00e9 a iniciar la socializaci\u00f3n sin traumas.<\/li>\n<li>Amplia el horizonte de los juegos compartidos.<\/li>\n<li>Activa la diversi\u00f3n y el esp\u00edritu de juego.<\/li>\n<li>Consolida los v\u00ednculos de afecto con sus familiares.<\/li>\n<li>Introduce conductas de autocuidado, convirti\u00e9ndolas en h\u00e1bitos sumamente necesarios.<\/li>\n<li>La convivencia les ayudar\u00e1n a relacionarse mejor y compartir actividades junto a otras personas<\/li>\n<\/ul>\n<p>[\/et_pb_text][\/et_pb_column][et_pb_column type=&#8221;1_4&#8243; _builder_version=&#8221;3.0.47&#8243;][et_pb_blurb use_icon=&#8221;on&#8221; font_icon=&#8221;%%133%%&#8221; icon_color=&#8221;#ffffff&#8221; admin_label=&#8221;Anuncio&#8221; _builder_version=&#8221;3.0.87&#8243; background_color=&#8221;#00c3ff&#8221; background_size=&#8221;initial&#8221; background_position=&#8221;top_left&#8221; background_repeat=&#8221;repeat&#8221; text_orientation=&#8221;center&#8221; custom_padding=&#8221;25px|25px|25px|25px&#8221; use_border_color=&#8221;off&#8221; border_color=&#8221;#ffffff&#8221; border_style=&#8221;solid&#8221;] [\/et_pb_blurb][\/et_pb_column][\/et_pb_row][et_pb_row admin_label=&#8221;Fila&#8221; _builder_version=&#8221;3.0.48&#8243; background_size=&#8221;initial&#8221; background_position=&#8221;top_left&#8221; background_repeat=&#8221;repeat&#8221;][et_pb_column type=&#8221;3_4&#8243; _builder_version=&#8221;3.0.47&#8243;][et_pb_text admin_label=&#8221;psico&#8221; _builder_version=&#8221;3.0.87&#8243; background_size=&#8221;initial&#8221; background_position=&#8221;top_left&#8221; background_repeat=&#8221;repeat&#8221; use_border_color=&#8221;off&#8221; border_color=&#8221;#ffffff&#8221; border_style=&#8221;solid&#8221;]<\/p>\n<h1><span style=\"color: #ff00ff;\">PROYECTO PSICOMOTRICIDAD<\/span><\/h1>\n<p>Con la cual aprender a dominar de forma sana el movimiento corporal. Sus ejercicios permiten al ni\u00f1o explorar e investigar, superar situaciones de conflicto, enfrentarse a las limitaciones, relacionarse con los dem\u00e1s, conocer sus miedos, proyectar sus fantas\u00edas, tener iniciativa propia, asumir roles, disfrutar en equipo y expresarse en libertad.<br \/>\n[\/et_pb_text][\/et_pb_column][et_pb_column type=&#8221;1_4&#8243; _builder_version=&#8221;3.0.47&#8243;][et_pb_blurb use_icon=&#8221;on&#8221; font_icon=&#8221;%%138%%&#8221; icon_color=&#8221;#ffffff&#8221; admin_label=&#8221;Anuncio&#8221; _builder_version=&#8221;3.0.87&#8243; background_color=&#8221;#ed00b9&#8243; background_size=&#8221;initial&#8221; background_position=&#8221;top_left&#8221; background_repeat=&#8221;repeat&#8221; text_orientation=&#8221;center&#8221; custom_padding=&#8221;25px|25px|25px|25px&#8221; use_border_color=&#8221;off&#8221; border_color=&#8221;#ffffff&#8221; border_style=&#8221;solid&#8221;] [\/et_pb_blurb][\/et_pb_column][\/et_pb_row][\/et_pb_section]<\/p>\n","protected":false},"excerpt":{"rendered":"<p>[et_pb_section fb_built=&#8221;1&#8243; admin_label=&#8221;section&#8221; _builder_version=&#8221;3.0.47&#8243;][et_pb_row admin_label=&#8221;row&#8221; _builder_version=&#8221;3.0.48&#8243; background_size=&#8221;initial&#8221; background_position=&#8221;top_left&#8221; background_repeat=&#8221;repeat&#8221;][et_pb_column type=&#8221;4_4&#8243; _builder_version=&#8221;3.0.47&#8243;][et_pb_image src=&#8221;https:\/\/logosnurseryschool.es\/nursery\/wp-content\/uploads\/2014\/10\/cabecera-pag.png&#8221; show_bottom_space=&#8221;off&#8221; align=&#8221;center&#8221; admin_label=&#8221;Portada Proyectos&#8221; _builder_version=&#8221;3.0.87&#8243; animation=&#8221;off&#8221; sticky=&#8221;on&#8221; use_border_color=&#8221;off&#8221; border_color=&#8221;#ffffff&#8221; border_style=&#8221;solid&#8221;] [\/et_pb_image][\/et_pb_column][\/et_pb_row][\/et_pb_section][et_pb_section fb_built=&#8221;1&#8243; admin_label=&#8221;Secci\u00f3n&#8221; _builder_version=&#8221;3.0.47&#8243;][et_pb_row admin_label=&#8221;Fila&#8221; _builder_version=&#8221;3.0.48&#8243; background_size=&#8221;initial&#8221; background_position=&#8221;top_left&#8221; background_repeat=&#8221;repeat&#8221;][et_pb_column type=&#8221;1_4&#8243; _builder_version=&#8221;3.0.47&#8243;][et_pb_blurb url=&#8221;https:\/\/logosnurseryschool.es\/nursery\/proyecto\/proyecto-bilingue\/&#8221; use_icon=&#8221;on&#8221; font_icon=&#8221;%%164%%&#8221; icon_color=&#8221;#ffffff&#8221; admin_label=&#8221;Anuncio&#8221; _builder_version=&#8221;3.0.87&#8243; background_color=&#8221;#e42239&#8243; background_size=&#8221;initial&#8221; background_position=&#8221;top_left&#8221; background_repeat=&#8221;repeat&#8221; text_orientation=&#8221;center&#8221; custom_padding=&#8221;25px|25px|25px|25px&#8221; use_border_color=&#8221;off&#8221; border_color=&#8221;#ffffff&#8221; border_style=&#8221;solid&#8221;] [\/et_pb_blurb][\/et_pb_column][et_pb_column type=&#8221;3_4&#8243; _builder_version=&#8221;3.0.47&#8243;][et_pb_text admin_label=&#8221;Biling&#8221; _builder_version=&#8221;3.0.87&#8243; background_size=&#8221;initial&#8221; background_position=&#8221;top_left&#8221; [&hellip;]<\/p>\n","protected":false},"author":1,"featured_media":0,"parent":0,"menu_order":0,"comment_status":"closed","ping_status":"closed","template":"","meta":{"_et_pb_use_builder":"on","_et_pb_old_content":"","footnotes":""},"class_list":["post-38","page","type-page","status-publish","hentry"],"_links":{"self":[{"href":"https:\/\/logosnurseryschool.es\/nursery\/wp-json\/wp\/v2\/pages\/38","targetHints":{"allow":["GET"]}}],"collection":[{"href":"https:\/\/logosnurseryschool.es\/nursery\/wp-json\/wp\/v2\/pages"}],"about":[{"href":"https:\/\/logosnurseryschool.es\/nursery\/wp-json\/wp\/v2\/types\/page"}],"author":[{"embeddable":true,"href":"https:\/\/logosnurseryschool.es\/nursery\/wp-json\/wp\/v2\/users\/1"}],"replies":[{"embeddable":true,"href":"https:\/\/logosnurseryschool.es\/nursery\/wp-json\/wp\/v2\/comments?post=38"}],"version-history":[{"count":17,"href":"https:\/\/logosnurseryschool.es\/nursery\/wp-json\/wp\/v2\/pages\/38\/revisions"}],"predecessor-version":[{"id":8597,"href":"https:\/\/logosnurseryschool.es\/nursery\/wp-json\/wp\/v2\/pages\/38\/revisions\/8597"}],"wp:attachment":[{"href":"https:\/\/logosnurseryschool.es\/nursery\/wp-json\/wp\/v2\/media?parent=38"}],"curies":[{"name":"wp","href":"https:\/\/api.w.org\/{rel}","templated":true}]}}