{"id":6070,"date":"2018-11-29T11:04:43","date_gmt":"2018-11-29T11:04:43","guid":{"rendered":"https:\/\/logosnurseryschool.es\/nursery\/?page_id=6070"},"modified":"2022-06-02T16:28:59","modified_gmt":"2022-06-02T16:28:59","slug":"proyecto-multisensorial","status":"publish","type":"page","link":"https:\/\/logosnurseryschool.es\/nursery\/programa\/proyecto-multisensorial\/","title":{"rendered":"Proyecto multisensorial"},"content":{"rendered":"<p>[et_pb_section fb_built=&#8221;1&#8243; custom_padding_last_edited=&#8221;on|desktop&#8221; admin_label=&#8221;section&#8221; _builder_version=&#8221;3.0.74&#8243; custom_padding=&#8221;108px|0px|50px|0px|false|false&#8221; custom_padding_tablet=&#8221;50px|0|50px|0&#8243; transparent_background=&#8221;off&#8221;][et_pb_row padding_mobile=&#8221;off&#8221; column_padding_mobile=&#8221;on&#8221; disabled_on=&#8221;on||&#8221; admin_label=&#8221;row&#8221; _builder_version=&#8221;3.17.6&#8243; background_color=&#8221;#f7f7f7&#8243; background_size=&#8221;initial&#8221; background_position=&#8221;top_left&#8221; background_repeat=&#8221;repeat&#8221;][et_pb_column type=&#8221;1_4&#8243; _builder_version=&#8221;3.0.47&#8243;][et_pb_image src=&#8221;https:\/\/logosnurseryschool.es\/nursery\/wp-content\/uploads\/2018\/11\/Proyecto-multisensorial.png&#8221; alt=&#8221;Proyecto Cultural&#8221; title_text=&#8221;Proyecto Cultural&#8221; align=&#8221;center&#8221; admin_label=&#8221;TIT Imagen PC \/ TB&#8221; _builder_version=&#8221;3.17.6&#8243; animation=&#8221;off&#8221; sticky=&#8221;on&#8221; use_border_color=&#8221;off&#8221; border_color=&#8221;#ffffff&#8221; border_width=&#8221;1px&#8221; border_style=&#8221;solid&#8221;][\/et_pb_image][\/et_pb_column][et_pb_column type=&#8221;3_4&#8243; _builder_version=&#8221;3.0.47&#8243;][et_pb_text admin_label=&#8221;TIT Text PC \/ TB&#8221; _builder_version=&#8221;3.17.6&#8243; text_font=&#8221;Pacifico||||&#8221; text_text_color=&#8221;#416c4e&#8221; text_font_size=&#8221;40px&#8221; text_letter_spacing=&#8221;3px&#8221; text_line_height=&#8221;2.7em&#8221; header_font=&#8221;Pacifico||||||||&#8221; header_text_color=&#8221;#416c4e&#8221; header_font_size=&#8221;40px&#8221; header_line_height=&#8221;2.7em&#8221; background_color=&#8221;#f7f7f7&#8243; custom_padding=&#8221;||15px|&#8221; use_border_color=&#8221;off&#8221; border_style=&#8221;solid&#8221;]<\/p>\n<h1>Proyecto Multisensorial<\/h1>\n<p>[\/et_pb_text][\/et_pb_column][\/et_pb_row][et_pb_row padding_mobile=&#8221;off&#8221; column_padding_mobile=&#8221;on&#8221; disabled_on=&#8221;|on|on&#8221; admin_label=&#8221;row&#8221; _builder_version=&#8221;3.0.48&#8243; background_color=&#8221;#f7f7f7&#8243; background_size=&#8221;initial&#8221; background_position=&#8221;top_left&#8221; background_repeat=&#8221;repeat&#8221;][et_pb_column type=&#8221;1_4&#8243; _builder_version=&#8221;3.0.47&#8243;][et_pb_image src=&#8221;https:\/\/logosnurseryschool.es\/nursery\/wp-content\/uploads\/2018\/11\/Proyecto-multisensorial.png&#8221; alt=&#8221;Proyecto Cultural&#8221; title_text=&#8221;Proyecto Cultural&#8221; align=&#8221;center&#8221; admin_label=&#8221;TIT Imagen PC \/ TB&#8221; _builder_version=&#8221;3.17.6&#8243; animation=&#8221;off&#8221; sticky=&#8221;on&#8221; use_border_color=&#8221;off&#8221; border_color=&#8221;#ffffff&#8221; border_width=&#8221;1px&#8221; border_style=&#8221;solid&#8221;][\/et_pb_image][\/et_pb_column][et_pb_column type=&#8221;3_4&#8243; _builder_version=&#8221;3.0.47&#8243;][et_pb_text admin_label=&#8221;TIT Text MV&#8221; _builder_version=&#8221;3.17.6&#8243; text_font=&#8221;Pacifico||||&#8221; text_text_color=&#8221;#416c4e&#8221; text_font_size=&#8221;30px&#8221; text_letter_spacing=&#8221;2px&#8221; text_line_height=&#8221;2em&#8221; header_font=&#8221;Pacifico||||||||&#8221; header_text_color=&#8221;#416c4e&#8221; background_color=&#8221;#f7f7f7&#8243; text_orientation=&#8221;center&#8221; custom_padding=&#8221;|||&#8221; use_border_color=&#8221;off&#8221; border_style=&#8221;solid&#8221;]<\/p>\n<h1>Proyecto Multisensorial<\/h1>\n<p>[\/et_pb_text][\/et_pb_column][\/et_pb_row][\/et_pb_section][et_pb_section fb_built=&#8221;1&#8243; _builder_version=&#8221;3.17.6&#8243; custom_padding=&#8221;50px|0px|26px|0px|false|false&#8221;][et_pb_row use_custom_gutter=&#8221;on&#8221; gutter_width=&#8221;2&#8243; _builder_version=&#8221;3.17.6&#8243;][et_pb_column type=&#8221;3_5&#8243; _builder_version=&#8221;3.0.47&#8243;][et_pb_text _builder_version=&#8221;3.20.2&#8243;]<span style=\"color: #e30613;padding-bottom: 10px;font-weight: 500;line-height: 1em;font-size: 30px;font-family: 'Open Sans',Helvetica,Arial,Lucida,sans-serif;\">Proyecto Multisensorial<\/span><\/p>\n<p><span style=\"font-weight: 400;\">Utilizamos todo el proceso de <strong>metodolog\u00eda multisensorial en toda la etapa de Infantil<\/strong> porque consideramos nuestros sentidos como el primer veh\u00edculo que tiene \u00a0los ni\u00f1os para el conocimiento de s\u00ed mismos y del mundo. <\/span><\/p>\n<p><span style=\"font-weight: 400;\">El concepto Snoezelen integra en una sola palabra que el mundo en el que vivimos <strong>despierta nuestros cinco sentidos<\/strong>. Una mezcla de sensaciones de olores, gustos, luces y diversas experiencias t\u00e1ctiles. Nuestros \u00f3rganos sensoriales: o\u00eddos, boca, ojos, nariz y piel canalizan todas nuestras experiencias multisensoriales.<\/span><\/p>\n<p><span style=\"font-weight: 400;\">Junto con los sentidos tambi\u00e9n incorporamos el <strong>desarrollo vestibular<\/strong>, que es el que afecta al <strong>movimiento<\/strong> (equilibrio, desequilibrio,\u2026).<\/span><\/p>\n<p>[\/et_pb_text][\/et_pb_column][et_pb_column type=&#8221;2_5&#8243; _builder_version=&#8221;3.0.47&#8243;][et_pb_text _builder_version=&#8221;3.20.2&#8243;]<\/p>\n<p>&nbsp;<\/p>\n<p><span style=\"font-weight: 400;\">Mediante el Proyecto Multisensorial conseguimos los <strong>est\u00edmulos<\/strong> necesarios <strong>para el buen desarrollo de<\/strong>:<\/span><\/p>\n<p>[\/et_pb_text][et_pb_image src=&#8221;https:\/\/logosnurseryschool.es\/nursery\/wp-content\/uploads\/2018\/11\/Desarrollo-de-sentidos-en-el-proyecto-multisensorial.png&#8221; align=&#8221;center&#8221; _builder_version=&#8221;3.17.6&#8243; module_alignment=&#8221;center&#8221; custom_margin_last_edited=&#8221;off|desktop&#8221; custom_padding=&#8221;30px||&#8221; custom_padding_tablet=&#8221;0px||&#8221; custom_padding_last_edited=&#8221;on|phone&#8221;][\/et_pb_image][\/et_pb_column][\/et_pb_row][et_pb_row custom_padding=&#8221;27px|0px|25px|0px|false|false&#8221; _builder_version=&#8221;3.17.6&#8243;][et_pb_column type=&#8221;4_4&#8243; _builder_version=&#8221;3.0.47&#8243;][et_pb_text _builder_version=&#8221;3.17.6&#8243; header_font=&#8221;||||||||&#8221; header_3_font=&#8221;Pacifico||||||||&#8221; header_3_text_align=&#8221;center&#8221; header_3_font_size=&#8221;25px&#8221; header_3_letter_spacing=&#8221;2px&#8221; header_3_line_height=&#8221;1.3em&#8221;]<\/p>\n<h3><span style=\"font-weight: 400;\">Snoezelen es una contracci\u00f3n en holand\u00e9s de dos palabras: \u201csnuffelen\u201dy \u201cdoezelen\u201d que significan \u201coler\u201d y \u201crelajar\u201d.<\/span><\/h3>\n<p>[\/et_pb_text][\/et_pb_column][\/et_pb_row][\/et_pb_section][et_pb_section fb_built=&#8221;1&#8243; _builder_version=&#8221;3.17.6&#8243; background_color=&#8221;#e42239&#8243; custom_padding=&#8221;50px|0px|50px|0px|false|false&#8221;][et_pb_row use_custom_gutter=&#8221;on&#8221; gutter_width=&#8221;2&#8243; _builder_version=&#8221;3.17.6&#8243;][et_pb_column type=&#8221;2_5&#8243; _builder_version=&#8221;3.0.47&#8243;][et_pb_text _builder_version=&#8221;3.20.2&#8243; text_font=&#8221;||||||||&#8221; text_text_color=&#8221;#ffffff&#8221; header_font=&#8221;||||||||&#8221; header_2_font=&#8221;|300|||||||&#8221; header_2_text_color=&#8221;#ffffff&#8221; header_2_font_size=&#8221;35px&#8221;]<\/p>\n<h2><span style=\"font-weight: 400;\">Espacio Snoezelen<\/span><\/h2>\n<p><span style=\"font-weight: 400;\"><b><\/b><\/span><\/p>\n<p><span style=\"font-weight: 400;\">En Logos Nursery, como escuela infantil privada de Las Rozas de Madrid, hemos <strong>apostado por la innovaci\u00f3n<\/strong> tanto <strong>pedag\u00f3gica<\/strong> como de <strong>espacios educativos<\/strong>. Por lo que creamos una <strong>Sala Snoezelen<\/strong>, un espacio completamente m\u00e1gico, donde los ni\u00f1os pueden vivir una <strong>experiencia multisensorial<\/strong> desde el primer momento que abren la puerta y que ser\u00eda dif\u00edcil poderlo hacer en su d\u00eda a d\u00eda.<\/span><\/p>\n<p><span style=\"font-weight: 400;\">Mediante efectos sonoros, olfativos, luminosos\u2026 los ni\u00f1os despiertan todos sus sentidos en un espacio l\u00fadico. \u00a0\u00c9ste ser\u00e1 el veh\u00edculo perfecto para <strong>activar su cerebro<\/strong>.<\/span><\/p>\n<p><span style=\"font-weight: 400;\">Adem\u00e1s de despertar todos sus sentidos mediante su propia experimentaci\u00f3n, los m\u00e1s peque\u00f1os descubren un <strong>espacio donde practicar<\/strong>:<\/span><\/p>\n<ul>\n<li><span style=\"font-weight: 400;\">Relajaci\u00f3n, mediante la sensaci\u00f3n de bienestar y ocio<\/span><\/li>\n<li><span style=\"font-weight: 400;\">Autocontrol<\/span><\/li>\n<li><span style=\"font-weight: 400;\">Concentraci\u00f3n<\/span><\/li>\n<\/ul>\n<p>[\/et_pb_text][\/et_pb_column][et_pb_column type=&#8221;3_5&#8243; _builder_version=&#8221;3.0.47&#8243;][et_pb_video src=&#8221;https:\/\/youtu.be\/-06KOpTsUVE&#8221; image_src=&#8221;https:\/\/logosnurseryschool.es\/nursery\/wp-content\/uploads\/2018\/11\/Caratula-proyecto-multisensorial.png&#8221; play_icon_color=&#8221;#ffffff&#8221; _builder_version=&#8221;3.20.2&#8243; max_width=&#8221;75%&#8221; module_alignment=&#8221;center&#8221; custom_margin=&#8221;30px||&#8221; custom_margin_tablet=&#8221;0px||&#8221; custom_margin_last_edited=&#8221;on|desktop&#8221;][\/et_pb_video][\/et_pb_column][\/et_pb_row][\/et_pb_section][et_pb_section fb_built=&#8221;1&#8243; _builder_version=&#8221;3.17.6&#8243; custom_padding=&#8221;50px|0px|30px|0px|false|false&#8221;][et_pb_row custom_padding=&#8221;7px|0px|0|0px|false|false&#8221; _builder_version=&#8221;3.17.6&#8243;][et_pb_column type=&#8221;4_4&#8243; _builder_version=&#8221;3.0.47&#8243;][et_pb_text _builder_version=&#8221;3.20.2&#8243;]<\/p>\n<h2>\u00bfQu\u00e9 conseguimos con la estimulaci\u00f3n multisensorial?<\/h2>\n<p>[\/et_pb_text][\/et_pb_column][\/et_pb_row][et_pb_row custom_padding=&#8221;27px|0px|19px|0px|false|false&#8221; _builder_version=&#8221;3.17.6&#8243;][et_pb_column type=&#8221;1_2&#8243; _builder_version=&#8221;3.0.47&#8243;][et_pb_text _builder_version=&#8221;3.20.2&#8243;]<\/p>\n<ul>\n<li><span style=\"font-weight: 400;\"><strong>Reconocimiento de s\u00ed mismo<\/strong>. Qu\u00e9 es lo que siente, qu\u00e9 es lo que le provocan todo esos est\u00edmulos y c\u00f3mo reacciona individualmente respecto al entorno<\/span><\/li>\n<li><span style=\"font-weight: 400;\"><strong>Reconocimiento ante sus iguales<\/strong>, a sus compa\u00f1eros para poder interactuar con mucha m\u00e1s facilidad<\/span><\/li>\n<\/ul>\n<p>[\/et_pb_text][\/et_pb_column][et_pb_column type=&#8221;1_2&#8243; _builder_version=&#8221;3.0.47&#8243;][et_pb_text _builder_version=&#8221;3.17.6&#8243;]<\/p>\n<ul>\n<li><span style=\"font-weight: 400;\">Favorecemos la <strong>toma de decisiones<\/strong> (ante una propuesta ellos escogen c\u00f3mo realizarla)<\/span><\/li>\n<li><strong>Autoestima<\/strong><\/li>\n<li><span style=\"font-weight: 400;\">Se estimula el descubrimiento de <strong>investigaci\u00f3n<\/strong><\/span><\/li>\n<li><span style=\"font-weight: 400;\">Se facilita la <strong>comunicaci\u00f3n<\/strong><\/span><\/li>\n<\/ul>\n<p>[\/et_pb_text][\/et_pb_column][\/et_pb_row][\/et_pb_section][et_pb_section fb_built=&#8221;1&#8243; custom_padding_last_edited=&#8221;on|desktop&#8221; _builder_version=&#8221;3.0.74&#8243; background_color=&#8221;#f7f7f7&#8243; custom_padding=&#8221;0px|0px|0px|0px&#8221; custom_padding_tablet=&#8221;50px|0|50px|0&#8243; transparent_background=&#8221;off&#8221; padding_mobile=&#8221;off&#8221;][et_pb_row make_fullwidth=&#8221;on&#8221; padding_mobile=&#8221;off&#8221; column_padding_mobile=&#8221;on&#8221; parallax_method_1=&#8221;off&#8221; parallax_method_2=&#8221;off&#8221; parallax_method_3=&#8221;off&#8221; parallax_method_4=&#8221;off&#8221; _builder_version=&#8221;3.0.48&#8243; background_size=&#8221;initial&#8221; background_position=&#8221;top_left&#8221; background_repeat=&#8221;repeat&#8221;][et_pb_column type=&#8221;1_4&#8243; _builder_version=&#8221;3.0.47&#8243;][et_pb_text disabled_on=&#8221;off|off|&#8221; admin_label=&#8221;Txt CTA Footer&#8221; _builder_version=&#8221;3.0.87&#8243; text_font_size=&#8221;24&#8243; text_font_size_phone=&#8221;24px&#8221; text_line_height=&#8221;1.2em&#8221; background_size=&#8221;initial&#8221; background_position=&#8221;top_left&#8221; background_repeat=&#8221;repeat&#8221; text_orientation=&#8221;right&#8221; custom_margin=&#8221;|||&#8221; custom_padding=&#8221;20px|||&#8221; use_border_color=&#8221;off&#8221; border_color=&#8221;#ffffff&#8221; border_style=&#8221;solid&#8221; saved_tabs=&#8221;all&#8221;]<\/p>\n<p style=\"text-align: center;\">Descubre los <strong>Proyectos<\/strong>\u00a0<strong>Nursery<\/strong><\/p>\n<p><strong><img loading=\"lazy\" decoding=\"async\" class=\"alignnone size-medium wp-image-2780\" src=\"https:\/\/logosnurseryschool.es\/nursery\/wp-content\/uploads\/2016\/07\/Img-ni\u00f1os-nursery-300x94.png\" alt=\"img-ninos-nursery\" width=\"300\" height=\"94\" srcset=\"https:\/\/logosnurseryschool.es\/nursery\/wp-content\/uploads\/2016\/07\/Img-ni\u00f1os-nursery-300x94.png 300w, https:\/\/logosnurseryschool.es\/nursery\/wp-content\/uploads\/2016\/07\/Img-ni\u00f1os-nursery.png 320w\" sizes=\"auto, (max-width: 300px) 100vw, 300px\" \/><\/strong><\/p>\n<p>[\/et_pb_text][\/et_pb_column][et_pb_column type=&#8221;1_4&#8243; _builder_version=&#8221;3.0.47&#8243;][et_pb_blurb title=&#8221;PROGRAMA BILING\u00dcE&#8221; url=&#8221;https:\/\/logosnurseryschool.es\/nursery\/programa\/programa-bilingue\/&#8221; image=&#8221;https:\/\/logosnurseryschool.es\/nursery\/wp-content\/uploads\/2014\/10\/worldwide.png&#8221; alt=&#8221;PROGRAMA BILING\u00dcE&#8221; admin_label=&#8221;PROGRAMA BILING\u00dcE&#8221; _builder_version=&#8221;3.0.87&#8243; header_text_color=&#8221;#565656&#8243; background_color=&#8221;#f7f7f7&#8243; background_size=&#8221;initial&#8221; background_position=&#8221;top_left&#8221; background_repeat=&#8221;repeat&#8221; text_orientation=&#8221;center&#8221; use_border_color=&#8221;off&#8221; border_color=&#8221;#ffffff&#8221; border_width=&#8221;1px&#8221; border_style=&#8221;solid&#8221;][\/et_pb_blurb][\/et_pb_column][et_pb_column type=&#8221;1_4&#8243; _builder_version=&#8221;3.0.47&#8243;][et_pb_blurb title=&#8221;PROYECTO CULTURAL&#8221; url=&#8221;https:\/\/logosnurseryschool.es\/nursery\/programa\/proyecto-cultural\/&#8221; image=&#8221;https:\/\/logosnurseryschool.es\/nursery\/wp-content\/uploads\/2014\/10\/picture.png&#8221; alt=&#8221;PROYECTO CULTURAL&#8221; admin_label=&#8221;PROYECTO CULTURAL&#8221; _builder_version=&#8221;3.0.87&#8243; header_text_color=&#8221;#565656&#8243; background_color=&#8221;#f7f7f7&#8243; background_size=&#8221;initial&#8221; background_position=&#8221;top_left&#8221; background_repeat=&#8221;repeat&#8221; text_orientation=&#8221;center&#8221; use_border_color=&#8221;off&#8221; border_color=&#8221;#ffffff&#8221; border_width=&#8221;1px&#8221; border_style=&#8221;solid&#8221;][\/et_pb_blurb][\/et_pb_column][et_pb_column type=&#8221;1_4&#8243; _builder_version=&#8221;3.0.47&#8243;][et_pb_blurb title=&#8221;PROYECTO MATEM\u00c1TICAS&#8221; url=&#8221;https:\/\/logosnurseryschool.es\/nursery\/programa\/proyecto-matematicas\/&#8221; image=&#8221;https:\/\/logosnurseryschool.es\/nursery\/wp-content\/uploads\/2014\/10\/chalkboard.png&#8221; alt=&#8221;PROYECTO MATEM\u00c1TICAS&#8221; admin_label=&#8221;PROYECTO MATEM\u00c1TICAS&#8221; _builder_version=&#8221;3.0.87&#8243; header_text_color=&#8221;#565656&#8243; background_color=&#8221;#f7f7f7&#8243; background_size=&#8221;initial&#8221; background_position=&#8221;top_left&#8221; background_repeat=&#8221;repeat&#8221; text_orientation=&#8221;center&#8221; use_border_color=&#8221;off&#8221; border_color=&#8221;#ffffff&#8221; border_width=&#8221;1px&#8221; border_style=&#8221;solid&#8221;][\/et_pb_blurb][\/et_pb_column][\/et_pb_row][\/et_pb_section]<\/p>\n","protected":false},"excerpt":{"rendered":"<p>[et_pb_section fb_built=&#8221;1&#8243; custom_padding_last_edited=&#8221;on|desktop&#8221; admin_label=&#8221;section&#8221; _builder_version=&#8221;3.0.74&#8243; custom_padding=&#8221;108px|0px|50px|0px|false|false&#8221; custom_padding_tablet=&#8221;50px|0|50px|0&#8243; transparent_background=&#8221;off&#8221;][et_pb_row padding_mobile=&#8221;off&#8221; column_padding_mobile=&#8221;on&#8221; disabled_on=&#8221;on||&#8221; admin_label=&#8221;row&#8221; _builder_version=&#8221;3.17.6&#8243; background_color=&#8221;#f7f7f7&#8243; background_size=&#8221;initial&#8221; background_position=&#8221;top_left&#8221; background_repeat=&#8221;repeat&#8221;][et_pb_column type=&#8221;1_4&#8243; _builder_version=&#8221;3.0.47&#8243;][et_pb_image src=&#8221;https:\/\/logosnurseryschool.es\/nursery\/wp-content\/uploads\/2018\/11\/Proyecto-multisensorial.png&#8221; alt=&#8221;Proyecto Cultural&#8221; title_text=&#8221;Proyecto Cultural&#8221; align=&#8221;center&#8221; admin_label=&#8221;TIT Imagen PC \/ TB&#8221; _builder_version=&#8221;3.17.6&#8243; animation=&#8221;off&#8221; sticky=&#8221;on&#8221; use_border_color=&#8221;off&#8221; border_color=&#8221;#ffffff&#8221; border_width=&#8221;1px&#8221; border_style=&#8221;solid&#8221;][\/et_pb_image][\/et_pb_column][et_pb_column type=&#8221;3_4&#8243; _builder_version=&#8221;3.0.47&#8243;][et_pb_text admin_label=&#8221;TIT Text PC \/ TB&#8221; _builder_version=&#8221;3.17.6&#8243; text_font=&#8221;Pacifico||||&#8221; text_text_color=&#8221;#416c4e&#8221; text_font_size=&#8221;40px&#8221; text_letter_spacing=&#8221;3px&#8221; text_line_height=&#8221;2.7em&#8221; header_font=&#8221;Pacifico||||||||&#8221; header_text_color=&#8221;#416c4e&#8221; header_font_size=&#8221;40px&#8221; header_line_height=&#8221;2.7em&#8221; background_color=&#8221;#f7f7f7&#8243; [&hellip;]<\/p>\n","protected":false},"author":1,"featured_media":0,"parent":38,"menu_order":0,"comment_status":"closed","ping_status":"closed","template":"","meta":{"_et_pb_use_builder":"on","_et_pb_old_content":"","footnotes":""},"class_list":["post-6070","page","type-page","status-publish","hentry"],"_links":{"self":[{"href":"https:\/\/logosnurseryschool.es\/nursery\/wp-json\/wp\/v2\/pages\/6070","targetHints":{"allow":["GET"]}}],"collection":[{"href":"https:\/\/logosnurseryschool.es\/nursery\/wp-json\/wp\/v2\/pages"}],"about":[{"href":"https:\/\/logosnurseryschool.es\/nursery\/wp-json\/wp\/v2\/types\/page"}],"author":[{"embeddable":true,"href":"https:\/\/logosnurseryschool.es\/nursery\/wp-json\/wp\/v2\/users\/1"}],"replies":[{"embeddable":true,"href":"https:\/\/logosnurseryschool.es\/nursery\/wp-json\/wp\/v2\/comments?post=6070"}],"version-history":[{"count":8,"href":"https:\/\/logosnurseryschool.es\/nursery\/wp-json\/wp\/v2\/pages\/6070\/revisions"}],"predecessor-version":[{"id":9946,"href":"https:\/\/logosnurseryschool.es\/nursery\/wp-json\/wp\/v2\/pages\/6070\/revisions\/9946"}],"up":[{"embeddable":true,"href":"https:\/\/logosnurseryschool.es\/nursery\/wp-json\/wp\/v2\/pages\/38"}],"wp:attachment":[{"href":"https:\/\/logosnurseryschool.es\/nursery\/wp-json\/wp\/v2\/media?parent=6070"}],"curies":[{"name":"wp","href":"https:\/\/api.w.org\/{rel}","templated":true}]}}