{"id":66,"date":"2016-07-25T12:14:50","date_gmt":"2016-07-25T12:14:50","guid":{"rendered":"https:\/\/logosnurseryschool.es\/nursery\/?page_id=66"},"modified":"2022-05-19T17:12:25","modified_gmt":"2022-05-19T17:12:25","slug":"departamento-de-orientacion","status":"publish","type":"page","link":"https:\/\/logosnurseryschool.es\/nursery\/servicios\/departamento-de-orientacion\/","title":{"rendered":"Departamento de Orientaci\u00f3n"},"content":{"rendered":"<p>[et_pb_section fb_built=&#8221;1&#8243; custom_padding_last_edited=&#8221;on|desktop&#8221; admin_label=&#8221;section&#8221; _builder_version=&#8221;3.0.74&#8243; custom_padding_tablet=&#8221;50px|0|50px|0&#8243; transparent_background=&#8221;off&#8221; padding_mobile=&#8221;off&#8221;][et_pb_row padding_mobile=&#8221;off&#8221; column_padding_mobile=&#8221;on&#8221; disabled_on=&#8221;on|off|&#8221; admin_label=&#8221;row&#8221; _builder_version=&#8221;3.0.48&#8243; background_color=&#8221;#416c4e&#8221; background_size=&#8221;initial&#8221; background_position=&#8221;top_left&#8221; background_repeat=&#8221;repeat&#8221;][et_pb_column type=&#8221;1_4&#8243; _builder_version=&#8221;3.0.47&#8243;][et_pb_image src=&#8221;https:\/\/logosnurseryschool.es\/nursery\/wp-content\/uploads\/2016\/10\/Cabeceras-ni\u00f1os.png&#8221; alt=&#8221;Departamento de Orientaci\u00f3n&#8221; title_text=&#8221;Departamento de Orientaci\u00f3n&#8221; show_bottom_space=&#8221;off&#8221; align=&#8221;center&#8221; admin_label=&#8221;TIT Imagen PC \/ TB&#8221; _builder_version=&#8221;3.0.87&#8243; animation=&#8221;off&#8221; sticky=&#8221;on&#8221; use_border_color=&#8221;off&#8221; border_color=&#8221;#ffffff&#8221; border_width=&#8221;1px&#8221; border_style=&#8221;solid&#8221;] [\/et_pb_image][\/et_pb_column][et_pb_column type=&#8221;3_4&#8243; _builder_version=&#8221;3.0.47&#8243;][et_pb_text admin_label=&#8221;TIT Text PC \/ TB&#8221; _builder_version=&#8221;3.0.87&#8243; text_font=&#8221;Pacifico||||&#8221; text_text_color=&#8221;#ffffff&#8221; text_font_size=&#8221;40px&#8221; text_letter_spacing=&#8221;5px&#8221; text_line_height=&#8221;2.7em&#8221; background_color=&#8221;#416c4e&#8221; background_size=&#8221;initial&#8221; background_position=&#8221;top_left&#8221; background_repeat=&#8221;repeat&#8221; background_layout=&#8221;dark&#8221; custom_padding=&#8221;||15px|&#8221; use_border_color=&#8221;off&#8221; border_style=&#8221;solid&#8221;]Departamento de Orientaci\u00f3n<br \/>\n[\/et_pb_text][\/et_pb_column][\/et_pb_row][et_pb_row _builder_version=&#8221;3.20.2&#8243;][et_pb_column type=&#8221;4_4&#8243; _builder_version=&#8221;3.20.2&#8243;][et_pb_video src=&#8221;https:\/\/www.youtube.com\/watch?v=uxe396ZUFQA&#8221; _builder_version=&#8221;3.20.2&#8243;][\/et_pb_video][\/et_pb_column][\/et_pb_row][et_pb_row padding_mobile=&#8221;off&#8221; column_padding_mobile=&#8221;on&#8221; disabled_on=&#8221;|on|on&#8221; admin_label=&#8221;row&#8221; _builder_version=&#8221;3.0.48&#8243; background_color=&#8221;#416c4e&#8221; background_size=&#8221;initial&#8221; background_position=&#8221;top_left&#8221; background_repeat=&#8221;repeat&#8221;][et_pb_column type=&#8221;1_4&#8243; _builder_version=&#8221;3.0.47&#8243;][et_pb_image src=&#8221;https:\/\/logosnurseryschool.es\/nursery\/wp-content\/uploads\/2016\/10\/Cabeceras-ni\u00f1os.png&#8221; alt=&#8221;Departamento de Orientaci\u00f3n&#8221; title_text=&#8221;Departamento de Orientaci\u00f3n&#8221; show_bottom_space=&#8221;off&#8221; align=&#8221;center&#8221; admin_label=&#8221;TIT Imagen MV&#8221; _builder_version=&#8221;3.0.87&#8243; animation=&#8221;off&#8221; sticky=&#8221;on&#8221; use_border_color=&#8221;off&#8221; border_color=&#8221;#ffffff&#8221; border_width=&#8221;1px&#8221; border_style=&#8221;solid&#8221;] [\/et_pb_image][\/et_pb_column][et_pb_column type=&#8221;3_4&#8243; _builder_version=&#8221;3.0.47&#8243;][et_pb_text admin_label=&#8221;TIT Text MV&#8221; _builder_version=&#8221;3.0.87&#8243; text_font=&#8221;Pacifico||||&#8221; text_text_color=&#8221;#ffffff&#8221; text_font_size=&#8221;30px&#8221; text_letter_spacing=&#8221;3px&#8221; text_line_height=&#8221;2em&#8221; background_color=&#8221;#416c4e&#8221; background_size=&#8221;initial&#8221; background_position=&#8221;top_left&#8221; background_repeat=&#8221;repeat&#8221; text_orientation=&#8221;center&#8221; background_layout=&#8221;dark&#8221; module_alignment=&#8221;center&#8221; custom_padding=&#8221;|||&#8221; use_border_color=&#8221;off&#8221; border_style=&#8221;solid&#8221;]Departamento de Orientaci\u00f3n<br \/>\n[\/et_pb_text][\/et_pb_column][\/et_pb_row][\/et_pb_section][et_pb_section fb_built=&#8221;1&#8243; custom_padding_last_edited=&#8221;on|desktop&#8221; admin_label=&#8221;Secci\u00f3n&#8221; _builder_version=&#8221;3.0.74&#8243; custom_padding_tablet=&#8221;50px|0|50px|0&#8243; transparent_background=&#8221;off&#8221; padding_mobile=&#8221;off&#8221;][et_pb_row custom_padding=&#8221;0px||&#8221; column_padding_mobile=&#8221;on&#8221; disabled_on=&#8221;off|off|off&#8221; admin_label=&#8221;Fila&#8221; _builder_version=&#8221;3.20.2&#8243; background_size=&#8221;initial&#8221; background_position=&#8221;top_left&#8221; background_repeat=&#8221;repeat&#8221;][et_pb_column type=&#8221;4_4&#8243; _builder_version=&#8221;3.0.47&#8243;][et_pb_text admin_label=&#8221;Texto&#8221; _builder_version=&#8221;3.0.87&#8243; background_size=&#8221;initial&#8221; background_position=&#8221;top_left&#8221; background_repeat=&#8221;repeat&#8221; use_border_color=&#8221;off&#8221; border_color=&#8221;#ffffff&#8221; border_style=&#8221;solid&#8221;]<span style=\"font-weight: 400;\">El Colegio cuenta con un gabinete psico-pedag\u00f3gico estable que realiza el <strong>control y el seguimiento de los alumnos<\/strong> mediante reuniones peri\u00f3dicas con las tutoras elaborando las pautas de observaci\u00f3n necesarias seg\u00fan la edad cronol\u00f3gica y evolutiva de los mismos para mantener el equilibrio deseado, as\u00ed como las acciones necesarias para la consecuci\u00f3n de un aprendizaje positivo.<\/span><\/p>\n<p><span style=\"font-weight: 400;\">El Gabinete tambi\u00e9n se ocupa del <strong>control semanal<\/strong> de aquellos alumnos que precisan un <strong>seguimiento espec\u00edfico<\/strong> en algunos de los objetivos no alcanzados en el proceso de desarrollo individual o social, siendo un <strong>apoyo<\/strong> importante para el alumno, la familia y la profesora.<\/span><br \/>\n[\/et_pb_text][\/et_pb_column][\/et_pb_row][et_pb_row disabled_on=&#8221;on|on|on&#8221; _builder_version=&#8221;3.20.2&#8243; disabled=&#8221;on&#8221;][et_pb_column type=&#8221;1_3&#8243; _builder_version=&#8221;3.20.2&#8243;][\/et_pb_column][et_pb_column type=&#8221;1_3&#8243; _builder_version=&#8221;3.20.2&#8243;][et_pb_button button_url=&#8221;https:\/\/logosnurseryschool.es\/nursery\/servicios\/departamento-de-orientacion\/programa-altas-capacidades\/&#8221; button_text=&#8221;Pincha aqu\u00ed para conocer nuestro Programa curricular de Altas Capacidades&#8221; button_alignment=&#8221;center&#8221; _builder_version=&#8221;3.20.2&#8243;][\/et_pb_button][\/et_pb_column][et_pb_column type=&#8221;1_3&#8243; _builder_version=&#8221;3.20.2&#8243;][\/et_pb_column][\/et_pb_row][\/et_pb_section][et_pb_section fb_built=&#8221;1&#8243; specialty=&#8221;on&#8221; custom_padding_last_edited=&#8221;on|tablet&#8221; disabled_on=&#8221;off|off|off&#8221; _builder_version=&#8221;3.20.2&#8243; custom_padding=&#8221;0px|0px|0px|0px&#8221; custom_padding_tablet=&#8221;0px|0|50px|0&#8243; custom_css_main_element=&#8221;padding: 0px 0px;&#8221; transparent_background=&#8221;off&#8221;][et_pb_column type=&#8221;2_3&#8243; specialty_columns=&#8221;2&#8243; _builder_version=&#8221;3.0.47&#8243;][et_pb_row_inner custom_padding=&#8221;27px|0px|27px|0px&#8221; padding_mobile=&#8221;off&#8221; column_padding_mobile=&#8221;off&#8221; admin_label=&#8221;Fila&#8221; _builder_version=&#8221;3.19.4&#8243;][et_pb_column_inner type=&#8221;4_4&#8243; saved_specialty_column_type=&#8221;2_3&#8243; _builder_version=&#8221;3.0.47&#8243;][et_pb_text _builder_version=&#8221;3.20.2&#8243; background_size=&#8221;initial&#8221; background_position=&#8221;top_left&#8221; background_repeat=&#8221;repeat&#8221; use_border_color=&#8221;off&#8221; border_style=&#8221;solid&#8221;]<\/p>\n<h1 style=\"text-align: justify;\"><span style=\"color: #ff0000;\">Programa Altas Capacidades<\/span><\/h1>\n<p style=\"text-align: justify;\"><strong><\/strong><\/p>\n<p>Los alumnos de <strong>Logos<\/strong>\u00a0que tienen necesidades espec\u00edficas, derivadas de una <strong>alta capacidad intelectual<\/strong>, trabajan con proyectos personalizados enmarcados en nuestro Programa de Altas Capacidades.<\/p>\n<p>Las actividades de nuestro Programa de Altas Capacidades contribuyen a la estimulaci\u00f3n intelectual de los alumnos y mantienen la <strong>curiosidad y la motivaci\u00f3n por el aprendizaje<\/strong>; sin olvidar el plano socioemocional.<\/p>\n<p>Dichas actividades enriquecen y complementan el curr\u00edculo oficial. Asimismo, se les da la oportunidad de profundizar en \u00e1reas del conocimiento escogidas por ellos mismos, mediante <strong>la experimentaci\u00f3n, la creaci\u00f3n y la investigaci\u00f3n.<\/strong><\/p>\n<p>[\/et_pb_text][\/et_pb_column_inner][\/et_pb_row_inner][\/et_pb_column][et_pb_column type=&#8221;1_3&#8243; _builder_version=&#8221;3.0.47&#8243;][et_pb_gallery gallery_ids=&#8221;5957,7026,7024&#8243; fullwidth=&#8221;on&#8221; _builder_version=&#8221;3.20.2&#8243; caption_all_caps=&#8221;off&#8221; background_layout=&#8221;dark&#8221; auto=&#8221;on&#8221; auto_speed=&#8221;4500&#8243; use_border_color=&#8221;off&#8221; border_color=&#8221;#ffffff&#8221; border_width=&#8221;1px&#8221; border_style=&#8221;solid&#8221;]<br \/>\n[\/et_pb_gallery][\/et_pb_column][\/et_pb_section][et_pb_section fb_built=&#8221;1&#8243; custom_padding_last_edited=&#8221;on|desktop&#8221; disabled_on=&#8221;off|off|off&#8221; _builder_version=&#8221;3.20.2&#8243; custom_padding=&#8221;18px|0px|0px|0px&#8221; custom_padding_tablet=&#8221;50px|0|50px|0&#8243; transparent_background=&#8221;off&#8221; padding_mobile=&#8221;off&#8221;][et_pb_row custom_padding=&#8221;0px|0px|47px|0px&#8221; padding_mobile=&#8221;off&#8221; column_padding_mobile=&#8221;on&#8221; _builder_version=&#8221;3.0.47&#8243; background_size=&#8221;initial&#8221; background_position=&#8221;top_left&#8221; background_repeat=&#8221;repeat&#8221;][et_pb_column type=&#8221;4_4&#8243; _builder_version=&#8221;3.0.47&#8243;][et_pb_text admin_label=&#8221;Ayudas&#8221; _builder_version=&#8221;3.20.2&#8243; text_font=&#8221;Pacifico||||&#8221; text_text_color=&#8221;#e42239&#8243; text_font_size=&#8221;35px&#8221; text_font_size_phone=&#8221;30px&#8221; background_size=&#8221;initial&#8221; background_position=&#8221;top_left&#8221; background_repeat=&#8221;repeat&#8221; text_orientation=&#8221;center&#8221; module_alignment=&#8221;center&#8221; custom_margin=&#8221;||&#8221; custom_margin_phone=&#8221;0px||0px&#8221; custom_margin_last_edited=&#8221;on|phone&#8221; custom_padding_phone=&#8221;0px||0px&#8221; custom_padding_last_edited=&#8221;on|phone&#8221; use_border_color=&#8221;off&#8221; border_style=&#8221;solid&#8221; inline_fonts=&#8221;Pacifico&#8221;]<\/p>\n<h2 style=\"text-align: center;\"><span style=\"color: #ff0000;\">Proyectos destacados<\/span><\/h2>\n<p>[\/et_pb_text][\/et_pb_column][\/et_pb_row][\/et_pb_section][et_pb_section fb_built=&#8221;1&#8243; custom_padding_last_edited=&#8221;on|desktop&#8221; disabled_on=&#8221;off|off|off&#8221; _builder_version=&#8221;3.20.2&#8243; custom_padding=&#8221;0px|0px|0px|0px&#8221; custom_padding_tablet=&#8221;50px|0|50px|0&#8243; transparent_background=&#8221;off&#8221; padding_mobile=&#8221;off&#8221;][et_pb_row make_fullwidth=&#8221;on&#8221; use_custom_gutter=&#8221;on&#8221; gutter_width=&#8221;2&#8243; custom_padding=&#8221;0px|0px|0px|0px&#8221; padding_mobile=&#8221;off&#8221; column_padding_mobile=&#8221;on&#8221; padding_right_1=&#8221; &#8221; padding_bottom_1=&#8221; &#8221; padding_left_1=&#8221; &#8221; _builder_version=&#8221;3.0.47&#8243; background_size=&#8221;initial&#8221; background_position=&#8221;top_left&#8221; background_repeat=&#8221;repeat&#8221;][et_pb_column type=&#8221;1_5&#8243; _builder_version=&#8221;3.0.47&#8243;][et_pb_blurb _builder_version=&#8221;3.20.2&#8243; header_font=&#8221;|on|||&#8221; header_font_size=&#8221;19px&#8221; body_font_size=&#8221;17px&#8221; background_color=&#8221;#00c240&#8243; background_size=&#8221;initial&#8221; background_position=&#8221;top_left&#8221; background_repeat=&#8221;repeat&#8221; text_orientation=&#8221;center&#8221; background_layout=&#8221;dark&#8221; custom_margin=&#8221;|||&#8221; custom_padding=&#8221;30px|25px|30px|25px&#8221; custom_css_main_element=&#8221;min-height:150px;&#8221; border_style=&#8221;solid&#8221;]Investigaci\u00f3n sobre <strong>energ\u00edas no contaminantes.<\/strong><br \/>\n[\/et_pb_blurb][\/et_pb_column][et_pb_column type=&#8221;1_5&#8243; _builder_version=&#8221;3.0.47&#8243;][et_pb_blurb _builder_version=&#8221;3.20.2&#8243; header_font=&#8221;|on|||&#8221; header_font_size=&#8221;19px&#8221; body_font_size=&#8221;17px&#8221; background_color=&#8221;#f70800&#8243; background_size=&#8221;initial&#8221; background_position=&#8221;top_left&#8221; background_repeat=&#8221;repeat&#8221; text_orientation=&#8221;center&#8221; background_layout=&#8221;dark&#8221; custom_margin=&#8221;|||&#8221; custom_padding=&#8221;30px|25px|30px|25px&#8221; custom_css_main_element=&#8221;min-height:150px;&#8221; use_border_color=&#8221;off&#8221; border_color=&#8221;#ffffff&#8221; border_width=&#8221;1px&#8221; border_style=&#8221;solid&#8221;]<\/p>\n<p><strong>Historia<\/strong> y <strong>mitolog\u00eda<\/strong><\/p>\n<p>[\/et_pb_blurb][\/et_pb_column][et_pb_column type=&#8221;1_5&#8243; _builder_version=&#8221;3.0.47&#8243;][et_pb_blurb _builder_version=&#8221;3.20.2&#8243; header_font=&#8221;|on|||&#8221; header_font_size=&#8221;19px&#8221; body_font_size=&#8221;17px&#8221; background_color=&#8221;#0c8fd6&#8243; background_size=&#8221;initial&#8221; background_position=&#8221;top_left&#8221; background_repeat=&#8221;repeat&#8221; text_orientation=&#8221;center&#8221; background_layout=&#8221;dark&#8221; custom_margin=&#8221;|||&#8221; custom_padding=&#8221;30px|25px|30px|25px&#8221; custom_css_main_element=&#8221;min-height:150px;&#8221; use_border_color=&#8221;off&#8221; border_color=&#8221;#ffffff&#8221; border_width=&#8221;1px&#8221; border_style=&#8221;solid&#8221;]<\/p>\n<p>Creaci\u00f3n y mantenimiento del <strong>huerto<\/strong>.<\/p>\n<p>[\/et_pb_blurb][\/et_pb_column][et_pb_column type=&#8221;1_5&#8243; _builder_version=&#8221;3.0.47&#8243;][et_pb_blurb _builder_version=&#8221;3.20.2&#8243; header_font=&#8221;|on|||&#8221; header_font_size=&#8221;19px&#8221; body_font_size=&#8221;17px&#8221; background_color=&#8221;#edf000&#8243; background_size=&#8221;initial&#8221; background_position=&#8221;top_left&#8221; background_repeat=&#8221;repeat&#8221; text_orientation=&#8221;center&#8221; background_layout=&#8221;dark&#8221; custom_margin=&#8221;|||&#8221; custom_padding=&#8221;30px|25px|30px|25px&#8221; custom_css_main_element=&#8221;min-height:150px;&#8221; border_style=&#8221;solid&#8221;]<\/p>\n<p><strong>Profundizaci\u00f3n en las<\/strong> <strong>nuevas tecnolog\u00edas<\/strong>.<\/p>\n<p>[\/et_pb_blurb][\/et_pb_column][et_pb_column type=&#8221;1_5&#8243; _builder_version=&#8221;3.0.47&#8243;][et_pb_blurb _builder_version=&#8221;3.20.2&#8243; header_font=&#8221;|on|||&#8221; header_font_size=&#8221;19px&#8221; body_font_size=&#8221;17px&#8221; background_color=&#8221;#8300e9&#8243; background_size=&#8221;initial&#8221; background_position=&#8221;top_left&#8221; background_repeat=&#8221;repeat&#8221; text_orientation=&#8221;center&#8221; background_layout=&#8221;dark&#8221; custom_margin=&#8221;|||&#8221; custom_padding=&#8221;30px|25px|30px|25px&#8221; custom_css_main_element=&#8221;min-height:150px;&#8221; border_style=&#8221;solid&#8221;]<\/p>\n<p>Visita al <strong>Centro de Astrobiolog\u00eda<\/strong>.<\/p>\n<p>[\/et_pb_blurb][\/et_pb_column][\/et_pb_row][et_pb_row _builder_version=&#8221;3.20.2&#8243;][et_pb_column type=&#8221;4_4&#8243; _builder_version=&#8221;3.20.2&#8243;][\/et_pb_column][\/et_pb_row][\/et_pb_section][et_pb_section fb_built=&#8221;1&#8243; inner_shadow=&#8221;on&#8221; custom_padding_last_edited=&#8221;on|desktop&#8221; admin_label=&#8221;Secci\u00f3n&#8221; _builder_version=&#8221;3.0.74&#8243; background_image=&#8221;https:\/\/logosnurseryschool.es\/nursery\/wp-content\/uploads\/2014\/10\/5.jpg&#8221; parallax=&#8221;on&#8221; custom_padding_tablet=&#8221;50px|0|50px|0&#8243; transparent_background=&#8221;off&#8221; padding_mobile=&#8221;off&#8221;][et_pb_row use_custom_width=&#8221;on&#8221; custom_width_px=&#8221;1349px&#8221; padding_mobile=&#8221;off&#8221; column_padding_mobile=&#8221;on&#8221; parallax_method_1=&#8221;off&#8221; disabled_on=&#8221;off|off|off&#8221; admin_label=&#8221;Fila&#8221; _builder_version=&#8221;3.20.2&#8243; background_size=&#8221;initial&#8221; background_position=&#8221;top_left&#8221; background_repeat=&#8221;repeat&#8221;][et_pb_column type=&#8221;4_4&#8243; _builder_version=&#8221;3.0.47&#8243;][et_pb_text _builder_version=&#8221;3.20.2&#8243;][\/et_pb_text][\/et_pb_column][\/et_pb_row][\/et_pb_section][et_pb_section fb_built=&#8221;1&#8243; inner_shadow=&#8221;on&#8221; custom_padding_last_edited=&#8221;on|desktop&#8221; disabled_on=&#8221;on|on|on&#8221; admin_label=&#8221;Secci\u00f3n&#8221; _builder_version=&#8221;3.20.2&#8243; background_image=&#8221;https:\/\/logosnurseryschool.es\/nursery\/wp-content\/uploads\/2021\/01\/Departamento-de-orientacion_.jpg&#8221; parallax=&#8221;on&#8221; custom_padding_tablet=&#8221;50px|0|50px|0&#8243; transparent_background=&#8221;off&#8221; padding_mobile=&#8221;off&#8221; disabled=&#8221;on&#8221;][et_pb_row use_custom_width=&#8221;on&#8221; custom_width_px=&#8221;1349px&#8221; padding_mobile=&#8221;off&#8221; column_padding_mobile=&#8221;on&#8221; parallax_method_1=&#8221;off&#8221; disabled_on=&#8221;off|off|off&#8221; admin_label=&#8221;Fila&#8221; _builder_version=&#8221;3.20.2&#8243; background_size=&#8221;initial&#8221; background_position=&#8221;top_left&#8221; background_repeat=&#8221;repeat&#8221;][et_pb_column type=&#8221;4_4&#8243; _builder_version=&#8221;3.0.47&#8243;][et_pb_text _builder_version=&#8221;3.20.2&#8243;][\/et_pb_text][\/et_pb_column][\/et_pb_row][\/et_pb_section][et_pb_section fb_built=&#8221;1&#8243; custom_padding_last_edited=&#8221;on|desktop&#8221; admin_label=&#8221;Secci\u00f3n&#8221; _builder_version=&#8221;3.0.74&#8243; background_color=&#8221;#416c4e&#8221; custom_padding=&#8221;12px|0px|15px|0px&#8221; custom_padding_tablet=&#8221;50px|0|50px|0&#8243; transparent_background=&#8221;off&#8221; padding_mobile=&#8221;off&#8221;][et_pb_row padding_mobile=&#8221;off&#8221; column_padding_mobile=&#8221;on&#8221; admin_label=&#8221;Fila&#8221; _builder_version=&#8221;3.0.48&#8243; background_size=&#8221;initial&#8221; background_position=&#8221;top_left&#8221; background_repeat=&#8221;repeat&#8221;][et_pb_column type=&#8221;1_4&#8243; _builder_version=&#8221;3.0.47&#8243;][et_pb_text disabled_on=&#8221;off|off|&#8221; admin_label=&#8221;Txt CTA Footer&#8221; _builder_version=&#8221;3.0.87&#8243; text_text_color=&#8221;#ffffff&#8221; text_font_size=&#8221;25&#8243; text_font_size_phone=&#8221;25px&#8221; text_font_size_last_edited=&#8221;on|phone&#8221; text_line_height=&#8221;1.2em&#8221; background_size=&#8221;initial&#8221; background_position=&#8221;top_left&#8221; background_repeat=&#8221;repeat&#8221; text_orientation=&#8221;right&#8221; custom_margin=&#8221;|||&#8221; use_border_color=&#8221;off&#8221; border_style=&#8221;solid&#8221;]<\/p>\n<p style=\"text-align: center;\">Descubre los servicios <strong>Logos\u00a0Nursery<\/strong><\/p>\n<p><strong><img loading=\"lazy\" decoding=\"async\" class=\"alignnone size-medium wp-image-2780\" src=\"https:\/\/logosnurseryschool.es\/nursery\/wp-content\/uploads\/2016\/07\/Img-ni\u00f1os-nursery-300x94.png\" alt=\"img-ninos-nursery\" width=\"300\" height=\"94\" srcset=\"https:\/\/logosnurseryschool.es\/nursery\/wp-content\/uploads\/2016\/07\/Img-ni\u00f1os-nursery-300x94.png 300w, https:\/\/logosnurseryschool.es\/nursery\/wp-content\/uploads\/2016\/07\/Img-ni\u00f1os-nursery.png 320w\" sizes=\"auto, (max-width: 300px) 100vw, 300px\" \/><\/strong><br \/>\n[\/et_pb_text][\/et_pb_column][et_pb_column type=&#8221;1_4&#8243; _builder_version=&#8221;3.0.47&#8243;][et_pb_blurb title=&#8221;Comedor&#8221; url=&#8221;https:\/\/logosnurseryschool.es\/nursery\/servicios\/comedor\/&#8221; use_icon=&#8221;on&#8221; font_icon=&#8221;%%154%%&#8221; icon_color=&#8221;#ffffff&#8221; admin_label=&#8221;Comedor&#8221; _builder_version=&#8221;3.0.87&#8243; header_font=&#8221;|on|||&#8221; header_text_color=&#8221;#ffffff&#8221; header_font_size=&#8221;20&#8243; body_text_color=&#8221;#ffffff&#8221; background_image=&#8221;https:\/\/logosnurseryschool.es\/nursery\/wp-content\/uploads\/2016\/07\/CTA-servicio-comedor.jpg&#8221; background_size=&#8221;initial&#8221; background_position=&#8221;top_left&#8221; background_repeat=&#8221;repeat&#8221; text_orientation=&#8221;center&#8221; background_layout=&#8221;dark&#8221; custom_padding=&#8221;25px|||&#8221; use_border_color=&#8221;off&#8221; border_color=&#8221;#ffffff&#8221; border_width=&#8221;1px&#8221; border_style=&#8221;solid&#8221; saved_tabs=&#8221;all&#8221;] [\/et_pb_blurb][\/et_pb_column][et_pb_column type=&#8221;1_4&#8243; _builder_version=&#8221;3.0.47&#8243;][et_pb_blurb title=&#8221;Uniformes&#8221; url=&#8221;https:\/\/logosnurseryschool.es\/nursery\/servicios\/uniformes\/&#8221; use_icon=&#8221;on&#8221; font_icon=&#8221;%%287%%&#8221; icon_color=&#8221;#ffffff&#8221; admin_label=&#8221;Uniformes&#8221; _builder_version=&#8221;3.0.87&#8243; header_font=&#8221;|on|||&#8221; header_text_color=&#8221;#ffffff&#8221; header_font_size=&#8221;20&#8243; body_text_color=&#8221;#ffffff&#8221; background_image=&#8221;https:\/\/logosnurseryschool.es\/nursery\/wp-content\/uploads\/2016\/07\/CTA-servicio-uniformes.jpg&#8221; background_size=&#8221;initial&#8221; background_position=&#8221;top_left&#8221; background_repeat=&#8221;repeat&#8221; text_orientation=&#8221;center&#8221; background_layout=&#8221;dark&#8221; custom_padding=&#8221;25px|||&#8221; use_border_color=&#8221;off&#8221; border_color=&#8221;#ffffff&#8221; border_width=&#8221;1px&#8221; border_style=&#8221;solid&#8221; saved_tabs=&#8221;all&#8221;] [\/et_pb_blurb][\/et_pb_column][et_pb_column type=&#8221;1_4&#8243; _builder_version=&#8221;3.0.47&#8243;][et_pb_blurb title=&#8221;Rutas Escolares&#8221; url=&#8221;https:\/\/logosnurseryschool.es\/nursery\/servicios\/rutas-escolares\/&#8221; use_icon=&#8221;on&#8221; font_icon=&#8221;%%82%%&#8221; icon_color=&#8221;#ffffff&#8221; admin_label=&#8221;Rutas Escolares&#8221; _builder_version=&#8221;3.0.87&#8243; header_font=&#8221;|on|||&#8221; header_text_color=&#8221;#ffffff&#8221; header_font_size=&#8221;20&#8243; body_text_color=&#8221;#ffffff&#8221; background_image=&#8221;https:\/\/logosnurseryschool.es\/nursery\/wp-content\/uploads\/2016\/07\/CTA-serviciorutas-escolares.jpg&#8221; background_size=&#8221;initial&#8221; background_position=&#8221;top_left&#8221; background_repeat=&#8221;repeat&#8221; text_orientation=&#8221;center&#8221; background_layout=&#8221;dark&#8221; custom_padding=&#8221;25px|||&#8221; use_border_color=&#8221;off&#8221; border_color=&#8221;#ffffff&#8221; border_style=&#8221;solid&#8221; saved_tabs=&#8221;all&#8221;] [\/et_pb_blurb][\/et_pb_column][\/et_pb_row][\/et_pb_section]<\/p>\n","protected":false},"excerpt":{"rendered":"<p>[et_pb_section fb_built=&#8221;1&#8243; custom_padding_last_edited=&#8221;on|desktop&#8221; admin_label=&#8221;section&#8221; _builder_version=&#8221;3.0.74&#8243; custom_padding_tablet=&#8221;50px|0|50px|0&#8243; transparent_background=&#8221;off&#8221; padding_mobile=&#8221;off&#8221;][et_pb_row padding_mobile=&#8221;off&#8221; column_padding_mobile=&#8221;on&#8221; disabled_on=&#8221;on|off|&#8221; admin_label=&#8221;row&#8221; _builder_version=&#8221;3.0.48&#8243; background_color=&#8221;#416c4e&#8221; background_size=&#8221;initial&#8221; background_position=&#8221;top_left&#8221; background_repeat=&#8221;repeat&#8221;][et_pb_column type=&#8221;1_4&#8243; _builder_version=&#8221;3.0.47&#8243;][et_pb_image src=&#8221;https:\/\/logosnurseryschool.es\/nursery\/wp-content\/uploads\/2016\/10\/Cabeceras-ni\u00f1os.png&#8221; alt=&#8221;Departamento de Orientaci\u00f3n&#8221; title_text=&#8221;Departamento de Orientaci\u00f3n&#8221; show_bottom_space=&#8221;off&#8221; align=&#8221;center&#8221; admin_label=&#8221;TIT Imagen PC \/ TB&#8221; _builder_version=&#8221;3.0.87&#8243; animation=&#8221;off&#8221; sticky=&#8221;on&#8221; use_border_color=&#8221;off&#8221; border_color=&#8221;#ffffff&#8221; border_width=&#8221;1px&#8221; border_style=&#8221;solid&#8221;] [\/et_pb_image][\/et_pb_column][et_pb_column type=&#8221;3_4&#8243; _builder_version=&#8221;3.0.47&#8243;][et_pb_text admin_label=&#8221;TIT Text PC \/ TB&#8221; _builder_version=&#8221;3.0.87&#8243; text_font=&#8221;Pacifico||||&#8221; text_text_color=&#8221;#ffffff&#8221; text_font_size=&#8221;40px&#8221; text_letter_spacing=&#8221;5px&#8221; text_line_height=&#8221;2.7em&#8221; background_color=&#8221;#416c4e&#8221; [&hellip;]<\/p>\n","protected":false},"author":1,"featured_media":0,"parent":54,"menu_order":0,"comment_status":"closed","ping_status":"closed","template":"","meta":{"_et_pb_use_builder":"on","_et_pb_old_content":"","footnotes":""},"class_list":["post-66","page","type-page","status-publish","hentry"],"_links":{"self":[{"href":"https:\/\/logosnurseryschool.es\/nursery\/wp-json\/wp\/v2\/pages\/66","targetHints":{"allow":["GET"]}}],"collection":[{"href":"https:\/\/logosnurseryschool.es\/nursery\/wp-json\/wp\/v2\/pages"}],"about":[{"href":"https:\/\/logosnurseryschool.es\/nursery\/wp-json\/wp\/v2\/types\/page"}],"author":[{"embeddable":true,"href":"https:\/\/logosnurseryschool.es\/nursery\/wp-json\/wp\/v2\/users\/1"}],"replies":[{"embeddable":true,"href":"https:\/\/logosnurseryschool.es\/nursery\/wp-json\/wp\/v2\/comments?post=66"}],"version-history":[{"count":47,"href":"https:\/\/logosnurseryschool.es\/nursery\/wp-json\/wp\/v2\/pages\/66\/revisions"}],"predecessor-version":[{"id":9933,"href":"https:\/\/logosnurseryschool.es\/nursery\/wp-json\/wp\/v2\/pages\/66\/revisions\/9933"}],"up":[{"embeddable":true,"href":"https:\/\/logosnurseryschool.es\/nursery\/wp-json\/wp\/v2\/pages\/54"}],"wp:attachment":[{"href":"https:\/\/logosnurseryschool.es\/nursery\/wp-json\/wp\/v2\/media?parent=66"}],"curies":[{"name":"wp","href":"https:\/\/api.w.org\/{rel}","templated":true}]}}