{"id":6614,"date":"2017-01-22T12:43:38","date_gmt":"2017-01-22T12:43:38","guid":{"rendered":"https:\/\/logosnurseryschool.es\/nursery\/aviso-legal\/"},"modified":"2019-07-17T14:28:26","modified_gmt":"2019-07-17T14:28:26","slug":"terms-conditions","status":"publish","type":"page","link":"https:\/\/logosnurseryschool.es\/nursery\/terms-conditions\/","title":{"rendered":"Terms and conditions"},"content":{"rendered":"<p style=\"text-align: center;\"><span style=\"text-decoration: underline;\"><strong>AVISO LEGAL<\/strong><\/span><\/p>\n<p style=\"text-align: center;\"><span style=\"text-decoration: underline;\"><strong>CONDICIONES GENERALES DE USO<\/strong><\/span><\/p>\n<p style=\"text-align: justify;\"><strong>\u00a0<\/strong><\/p>\n<p style=\"text-align: justify;\">Los sitios webs <a href=\"http:\/\/www.colegiologos.es\/\">www.colegiologos.es<\/a> y <a href=\"http:\/\/www.logosnurseryschool.es\/\">www.logosnurseryschool.es<\/a> (en adelante el \u201cSitio Web\u201d) son propiedad de <strong>INVESTIGACION Y SERVICIOS EDUCATIVOS LOGOS, S.A<\/strong> (en adelante \u201c<strong>COLEGIO LOGOS<\/strong>\u201d) con domicilio social en C\/ SACRE, 2, 28232, LAS ROZAS, MADRID y C.I.F n\u00ba A-28987196, e inscrito en el Registro Mercantil de (a completar), Tomo (a completar), Folio (a completar), Hoja (a completar), Inscripci\u00f3n (a completar).<\/p>\n<p style=\"text-align: justify;\"><strong>COLEGIO LOGOS <\/strong>le da la bienvenida y le invita a leer atentamente las Condiciones Generales de Uso de este Sito Web (en adelante, las \u201cCondiciones Generales de Uso\u201d) que describen los t\u00e9rminos y condiciones que ser\u00e1n aplicables a su navegaci\u00f3n por el mismo, de conformidad con lo establecido en la normativa espa\u00f1ola de aplicaci\u00f3n. Dado que <strong>COLEGIO LOGOS <\/strong>podr\u00eda modificar en el futuro estas Condiciones Generales de Uso, le recomendamos que las visite peri\u00f3dicamente para estar debidamente informado de los cambios realizados.<\/p>\n<p style=\"text-align: justify;\">Con el \u00e1nimo de que el uso del Sitio Web se ajuste a criterios de transparencia, claridad y sencillez, <strong>COLEGIO LOGOS <\/strong>informa al Usuario que cualquier sugerencia, duda o consulta sobre las Condiciones Generales de Uso ser\u00e1 recibida y solucionada contactando con <strong>COLEGIO LOGOS <\/strong>a trav\u00e9s del tfno. (a completar), o en la direcci\u00f3n de correo electr\u00f3nico: (a completar)<\/p>\n<ol>\n<li style=\"text-align: justify;\"><strong>Objeto<\/strong><\/li>\n<\/ol>\n<p style=\"text-align: justify;\"><strong>COLEGIO LOGOS <\/strong>suministra el contenido y los servicios que est\u00e1n disponibles en el Sitio Web, con sujeci\u00f3n a las presentes Condiciones Generales de Uso. El acceso a este Sitio Web o su utilizaci\u00f3n en cualquier forma le otorga la calificaci\u00f3n de \u201cUsuario\u201d e implica la aceptaci\u00f3n sin reservas de todas y cada una de las presentes Condiciones Generales de Uso, reserv\u00e1ndose <strong>COLEGIO LOGOS <\/strong>el derecho a modificarlas en cualquier momento. En consecuencia, ser\u00e1 responsabilidad de todo Usuario, la atenta lectura de las Condiciones Generales de Uso vigentes en cada una de las ocasiones en que acceda a este Sitio Web, por lo que si \u00e9ste no est\u00e1 de acuerdo con cualquiera de los extremos aqu\u00ed dispuestos, deber\u00e1 abstenerse respecto al uso del mismo.<\/p>\n<p style=\"text-align: justify;\">Asimismo, queda advertido de que, en ocasiones, se podr\u00e1n establecer condiciones particulares para la utilizaci\u00f3n en el Sitio Web de contenidos y\/o servicios espec\u00edficos, la utilizaci\u00f3n de dichos contenidos o servicios implicar\u00e1 la aceptaci\u00f3n de las condiciones particulares en ellos especificadas.<\/p>\n<ol style=\"text-align: justify;\" start=\"2\">\n<li><strong>Servicios<\/strong><\/li>\n<\/ol>\n<p style=\"text-align: justify;\">A trav\u00e9s del Sitio Web, <strong>COLEGIO LOGOS <\/strong>ofrece al Usuario la posibilidad de:<\/p>\n<ul style=\"text-align: justify;\">\n<li>Conocer las instalaciones del Colegio, su proyecto educativo, su colectivo docente y su estructura organizativa.<\/li>\n<li>Conocer la filosof\u00eda de ense\u00f1anza, el tipo de educaci\u00f3n impartida y las normas b\u00e1sicas de convivencia de los alumnos en el Colegio.<\/li>\n<li>Conocer la oferta educativa del Colegio, as\u00ed como su amplia variedad de servicios y actividades todos ellos encaminados a lograr una educaci\u00f3n integral de sus alumnos.<\/li>\n<li>Acceder a los calendarios docentes, agenda de actividades, horarios, tutor\u00edas, admisiones, matriculaciones, galer\u00eda de fotos, otras graduaciones, men\u00fas, etc.<\/li>\n<li>Realizar consultas, formular quejas o enviar sugerencias a trav\u00e9s de los canales destinados al efecto.<\/li>\n<li>Formar parte de la bolsa de empleo del Colegio enviando el Curriculum Vitae.<\/li>\n<li>Estar informado sobre noticias de actualidad relacionadas con el sector de la educaci\u00f3n, con la concesi\u00f3n de becas, plazos de matriculaciones, o con las actividades organizadas por el Colegio.<\/li>\n<\/ul>\n<p style=\"text-align: justify;\">(En adelante los \u201cServicios\u201d).<\/p>\n<p style=\"text-align: justify;\">\u00a0 \u00a0 3.\u00a0<strong>Privacidad y Tratamiento de Datos<\/strong><\/p>\n<p style=\"text-align: justify;\"><strong>\u00a0<\/strong><\/p>\n<p style=\"text-align: justify;\">Cuando para el acceso a determinados contenidos o servicios sea necesario facilitar datos de car\u00e1cter personal, los Usuarios garantizar\u00e1n su veracidad, exactitud, autenticidad y vigencia. <strong>COLEGIO LOGOS <\/strong>dar\u00e1 a dichos datos el tratamiento que corresponda en funci\u00f3n de su naturaleza o finalidad, y le informar\u00e1 debidamente en cada caso de acuerdo con lo establecido en la normativa vigente en materia de Protecci\u00f3n de Datos de Car\u00e1cter Personal.<\/p>\n<p style=\"text-align: justify;\"><strong>\u00a0 \u00a0 4. Propiedad Industrial e Intelectual<\/strong><\/p>\n<p style=\"text-align: justify;\"><strong>\u00a0<\/strong><\/p>\n<p style=\"text-align: justify;\">El Usuario reconoce y acepta que todos los contenidos que se muestran en el Sitio Web y en especial, dise\u00f1os, textos, im\u00e1genes, v\u00eddeos, logos, iconos, botones, software, nombres comerciales, marcas, o cualesquiera otros signos susceptibles de utilizaci\u00f3n industrial y\/o comercial est\u00e1n sujetos a derechos de Propiedad Intelectual y todas las marcas, nombres comerciales o signos distintivos, todos los derechos de propiedad industrial e intelectual, sobre los contenidos y\/o cualesquiera otros elementos insertados en el p\u00e1gina, que son propiedad exclusiva de <strong>COLEGIO LOGOS <\/strong>y\/o de terceros, quienes tienen el derecho exclusivo de utilizarlos en el tr\u00e1fico econ\u00f3mico. Por todo ello el Usuario se compromete a no reproducir, copiar, distribuir, poner a disposici\u00f3n o de cualquier otra forma comunicar p\u00fablicamente, transformar o modificar tales contenidos, manteniendo indemne a <strong>COLEGIO LOGOS <\/strong>de cualquier reclamaci\u00f3n que se derive del incumplimiento de tales obligaciones.<\/p>\n<p style=\"text-align: justify;\"><strong>\u00a0<\/strong><\/p>\n<p style=\"text-align: justify;\">En ning\u00fan caso el acceso al Sitio Web implica ning\u00fan tipo de renuncia, transmisi\u00f3n, licencia o cesi\u00f3n total ni parcial de dichos derechos, salvo que se establezca expresamente lo contrario. Las presentes Condiciones Generales de Uso del Sitio Web no confieren al Usuario ning\u00fan otro derecho de utilizaci\u00f3n, alteraci\u00f3n, explotaci\u00f3n, reproducci\u00f3n, distribuci\u00f3n o comunicaci\u00f3n p\u00fablica del Sitio Web y\/o de sus Contenidos distintos de los aqu\u00ed expresamente previstos. Cualquier otro uso o explotaci\u00f3n de cualesquiera derechos estar\u00e1 sujeto a la previa y expresa autorizaci\u00f3n espec\u00edficamente otorgada a tal efecto por <strong>COLEGIO LOGOS <\/strong>o el tercero titular de los derechos afectados.<\/p>\n<p style=\"text-align: justify;\">Los contenidos, textos, fotograf\u00edas, dise\u00f1os, logotipos, im\u00e1genes, programas de ordenador, c\u00f3digos fuente y, en general, cualquier creaci\u00f3n intelectual existente en este sitio web, as\u00ed como el propio sitio en su conjunto, como obra art\u00edstica multimedia, est\u00e1n protegidos como derechos de autor por la legislaci\u00f3n en materia de Propiedad Intelectual. <strong>COLEGIO LOGOS <\/strong>es titular de los elementos que integran el dise\u00f1o gr\u00e1fico del Sitio Web, lo men\u00fas, botones de navegaci\u00f3n, el c\u00f3digo HTML, los textos, im\u00e1genes, texturas, gr\u00e1ficos y cualquier otro contenido del Sitio Web o, en cualquier caso dispone de la correspondiente autorizaci\u00f3n para la utilizaci\u00f3n de dichos elementos. El contenido dispuesto en el Sitio Web no podr\u00e1 ser reproducido ni en todo ni en parte, ni transmitido, ni registrado por ning\u00fan sistema de recuperaci\u00f3n de informaci\u00f3n, en ninguna forma ni en ning\u00fan medio, a menos que se cuente con la autorizaci\u00f3n previa, por escrito, de la citada entidad.<\/p>\n<p style=\"text-align: justify;\">Asimismo queda prohibido suprimir, eludir y\/o manipular el &#8220;copyright&#8221; as\u00ed como los dispositivos t\u00e9cnicos de protecci\u00f3n, o cualesquiera mecanismos de informaci\u00f3n que pudieren contener los contenidos. El Usuario de este Sitio Web se compromete a respetar los derechos enunciados y a evitar cualquier actuaci\u00f3n que pudiera perjudicarlos, reserv\u00e1ndose en todo caso <strong>COLEGIO LOGOS <\/strong>el ejercicio de cuantos medios o acciones legales le correspondan en defensa de sus leg\u00edtimos derechos de propiedad intelectual e industrial.<\/p>\n<ol style=\"text-align: justify;\" start=\"5\">\n<li><strong>Obligaciones y Responsabilidades del Usuario del Sitio Web<\/strong><\/li>\n<\/ol>\n<p style=\"text-align: justify;\">El Usuario se compromete a:<\/p>\n<ul>\n<li>Hacer un uso adecuado y l\u00edcito del Sitio Web as\u00ed como de los contenidos y servicios, de conformidad con: (i) la legislaci\u00f3n aplicable en cada momento; (ii) las Condiciones Generales de Uso del Sitio Web; (iii) la moral y buenas costumbres generalmente aceptadas y (iv) el orden p\u00fablico.<\/li>\n<li>Proveerse de todos los medios y requerimientos t\u00e9cnicos que se precisen para acceder al Sitio Web.<\/li>\n<li>Facilitar informaci\u00f3n veraz al cumplimentar con sus datos de car\u00e1cter personal los formularios contenidos en el Sitio Web y a mantenerlos actualizados en todo momento de forma que responda, en cada momento, a la situaci\u00f3n real del Usuario. El Usuario ser\u00e1 el \u00fanico responsable de las manifestaciones falsas o inexactas que realice y de los perjuicios que cause a <strong>COLEGIO LOGOS <\/strong>o a terceros proveedores, por la informaci\u00f3n que facilite.<\/li>\n<\/ul>\n<p>El Usuario deber\u00e1 asimismo abstenerse de:<\/p>\n<ul>\n<li>Hacer un uso no autorizado o fraudulento del Sitio Web y\/o de los contenidos con fines o efectos il\u00edcitos, prohibidos en las presentes Condiciones Generales de Uso, lesivos de los derechos e intereses de terceros, o que de cualquier forma puedan da\u00f1ar, inutilizar, sobrecargar, deteriorar o impedir la normal utilizaci\u00f3n de los servicios o los documentos, archivos y toda clase de contenidos almacenados en cualquier equipo inform\u00e1tico.<\/li>\n<li>Acceder o intentar acceder a recursos o \u00e1reas restringidas del Sitio Web, sin cumplir las condiciones exigidas para dicho acceso.<\/li>\n<li>Provocar da\u00f1os en los sistemas f\u00edsicos o l\u00f3gicos del Sitio Web, de sus proveedores o de terceros.<\/li>\n<li>Introducir o difundir en la red virus inform\u00e1ticos o cualesquiera otros sistemas f\u00edsicos o l\u00f3gicos que sean susceptibles de provocar da\u00f1os en los sistemas f\u00edsicos o l\u00f3gicos de <strong>COLEGIO LOGOS<\/strong>, de sus proveedores o de terceros.<\/li>\n<li>Intentar acceder, utilizar y\/o manipular los datos de <strong>COLEGIO LOGOS<\/strong>, terceros proveedores y otros Usuarios.<\/li>\n<li>Reproducir o copiar, distribuir, permitir el acceso del p\u00fablico a trav\u00e9s de cualquier modalidad de comunicaci\u00f3n p\u00fablica, transformar o modificar los contenidos, a menos que se cuente con la autorizaci\u00f3n del titular de los correspondientes derechos o ello resulte legalmente permitido.<\/li>\n<li>Suprimir, ocultar o manipular las notas sobre derechos de propiedad intelectual o industrial y dem\u00e1s datos identificativos de los derechos de <strong>COLEGIO LOGOS <\/strong>o de terceros incorporados a los contenidos, as\u00ed como los dispositivos t\u00e9cnicos de protecci\u00f3n o cualesquiera mecanismos de informaci\u00f3n que puedan insertarse en los contenidos.<\/li>\n<li>Obtener o intentar obtener los contenidos empleando para ello medios o procedimientos distintos de los que, seg\u00fan los casos, se hayan puesto a su disposici\u00f3n a este efecto o se hayan indicado expresamente en los sitios web donde se encuentren los contenidos o, en general, de los que se empleen habitualmente en Internet por no entra\u00f1ar un riesgo de da\u00f1o o inutilizaci\u00f3n del sitio web y\/o de los contenidos.<\/li>\n<li>En particular, y a t\u00edtulo meramente indicativo y no exhaustivo, el Usuario se compromete a no transmitir, difundir o poner a disposici\u00f3n de terceros informaciones, datos, contenidos, mensajes, gr\u00e1ficos, dibujos, archivos de sonido y\/o imagen, fotograf\u00edas, grabaciones, software y, en general, cualquier clase de material que:\n<ul>\n<li>De cualquier forma sea contrario, menosprecie o atente contra los derechos fundamentales y las libertades p\u00fablicas reconocidas constitucionalmente, en los Tratados Internacionales y en el resto de la legislaci\u00f3n vigente.<\/li>\n<li>Induzca, incite o promueva actuaciones delictivas, denigratorias, difamatorias, violentas o, en general, contrarias a la ley, a la moral, a las buenas costumbres generalmente aceptadas o al orden p\u00fablico.<\/li>\n<li>Induzca, incite o promueva actuaciones, actitudes o pensamientos discriminatorios por raz\u00f3n de sexo, raza, religi\u00f3n, creencias, edad o condici\u00f3n.<\/li>\n<li>Incorpore, ponga a disposici\u00f3n o permita acceder a productos, elementos, mensajes y\/o servicios delictivos, violentos, ofensivos, nocivos, degradantes o, en general, contrarios a la ley, a la moral y a las buenas costumbres generalmente aceptadas o al orden p\u00fablico.<\/li>\n<li>Induzca o pueda inducir a un estado inaceptable de ansiedad o temor.<\/li>\n<li>Induzca o incite a involucrarse en pr\u00e1cticas peligrosas, de riesgo o nocivas para la salud y el equilibrio ps\u00edquico.<\/li>\n<li>Se encuentre protegido por la legislaci\u00f3n en materia de propiedad intelectual o industrial perteneciente a <strong>COLEGIO LOGOS <\/strong>o a terceros sin que haya sido autorizado el uso que se pretenda realizar.<\/li>\n<li>Sea contrario al honor, a la intimidad personal y familiar o a la propia imagen de las personas.<\/li>\n<li>Constituya cualquier tipo de publicidad inconsentida.<\/li>\n<li>Incluya cualquier tipo de virus o programa que impida el normal funcionamiento del Sitio Web.<\/li>\n<\/ul>\n<\/li>\n<\/ul>\n<p style=\"text-align: justify;\">Si para acceder a algunos de los servicios y\/o contenidos del Sitio Web, se le proporcionara una contrase\u00f1a, se obliga a usarla de manera diligente, manteni\u00e9ndola en todo momento en secreto. En consecuencia, ser\u00e1 responsable de su adecuada custodia y confidencialidad, comprometi\u00e9ndose a no cederla a terceros, de manera temporal o permanente, ni a permitir el acceso a los mencionados servicios y\/o contenidos por parte de personas ajenas. Igualmente, se obliga a notificar a <strong>COLEGIO LOGOS <\/strong>cualquier hecho que pueda suponer un uso indebido de su contrase\u00f1a, como, a t\u00edtulo enunciativo, su robo, extrav\u00edo o el acceso no autorizado, con el fin de proceder a su inmediata cancelaci\u00f3n. Mientras no efect\u00fae la notificaci\u00f3n anterior, <strong>COLEGIO LOGOS <\/strong>quedar\u00e1 eximido de cualquier responsabilidad que pudiera derivarse del uso indebido de su contrase\u00f1a, siendo de su responsabilidad cualquier utilizaci\u00f3n il\u00edcita de los contenidos y\/o servicios del Sitio Web por cualquier tercero ileg\u00edtimo.<\/p>\n<p style=\"text-align: justify;\">Si de manera negligente o dolosa incumpliera cualquiera de las obligaciones establecidas en las presentes Condiciones Generales de Uso, el Usuario responder\u00e1 por todos los da\u00f1os y perjuicios que de dicho incumplimiento pudieran derivarse para <strong>COLEGIO LOGOS<\/strong>.<\/p>\n<ol style=\"text-align: justify;\" start=\"6\">\n<li><strong>Responsabilidades<\/strong><\/li>\n<\/ol>\n<p style=\"text-align: justify;\"><strong>COLEGIO LOGOS <\/strong>no garantiza el acceso continuado, ni la correcta visualizaci\u00f3n, descarga o utilidad de los elementos e informaciones contenidas en las p\u00e1ginas enlazadas a este Sitio Web, y que pueden verse impedidos, dificultados o interrumpidos por factores o circunstancias que est\u00e1n fuera de su control. <strong>COLEGIO LOGOS <\/strong>no se hace responsable de las decisiones que pudieran adoptarse como consecuencia del acceso a los contenidos o informaciones ofrecidas a trav\u00e9s de dichos sitios enlazados.<\/p>\n<p style=\"text-align: justify;\"><strong>COLEGIO LOGOS <\/strong>podr\u00e1 interrumpir el servicio o resolver de modo inmediato la relaci\u00f3n con el Usuario si detecta que un uso de su Sitio Web o de cualquiera de los servicios ofertados en el mismo es contrario a las presentes Condiciones Generales de Uso. <strong>COLEGIO LOGOS <\/strong>no se hace responsable por da\u00f1os, perjuicios, p\u00e9rdidas, reclamaciones o gastos derivados del uso del Sitio Web. \u00danicamente ser\u00e1 responsable de eliminar, lo antes posible, los contenidos que puedan generar tales perjuicios, siempre que as\u00ed se notifique. En especial no ser\u00e1 responsable de los perjuicios que se pudieran derivar, entre otros, de:<\/p>\n<ul>\n<li>interferencias, interrupciones, fallos, omisiones, aver\u00edas telef\u00f3nicas, retrasos, bloqueos o desconexiones en el funcionamiento del sistema electr\u00f3nico, motivadas por deficiencias, sobrecargas y errores en las l\u00edneas y redes de telecomunicaciones, o por cualquier otra causa ajena al control de <strong>COLEGIO LOGOS<\/strong>.<\/li>\n<li>intromisiones ileg\u00edtimas mediante el uso de programas malignos de cualquier tipo y a trav\u00e9s de cualquier medio de comunicaci\u00f3n, tales como virus inform\u00e1ticos o cualesquiera otros.<\/li>\n<li>abuso indebido o inadecuado del Sitio Web.<\/li>\n<li>errores de seguridad o navegaci\u00f3n producidos por un mal funcionamiento del navegador o por el uso de versiones no actualizadas del mismo. Los administradores de <strong>COLEGIO LOGOS <\/strong>se reservan el derecho de retirar, total o parcialmente, cualquier contenido o informaci\u00f3n presente en el Sitio Web.<\/li>\n<\/ul>\n<p style=\"text-align: justify;\"><strong>\u00a0<\/strong><\/p>\n<p style=\"text-align: justify;\"><strong>COLEGIO LOGOS <\/strong>excluye cualquier responsabilidad por los da\u00f1os y perjuicios de toda naturaleza que pudieran deberse a la mala utilizaci\u00f3n de los servicios de libre disposici\u00f3n y uso por parte de los Usuarios de Sitio Web. Asimismo, <strong>COLEGIO LOGOS <\/strong>queda exonerado de cualquier responsabilidad por contenidos e informaciones que puedan ser recibidas como consecuencia de un uso il\u00edcito o incorrecto de dichos servicios, podr\u00e1 ser el Usuario reclamado por <strong>COLEGIO LOGOS <\/strong>de los da\u00f1os o perjuicios causados.<\/p>\n<p style=\"text-align: justify;\">El Usuario defender\u00e1, indemnizar\u00e1 y mantendr\u00e1 a <strong>COLEGIO LOGOS <\/strong>indemne frente a cualesquiera da\u00f1os y perjuicios que se deriven de reclamaciones, acciones o demandas de terceros como consecuencia de su acceso o uso del Sitio Web. Asimismo, el Usuario se obliga a indemnizar a <strong>COLEGIO LOGOS <\/strong>frente a cualesquiera da\u00f1os y perjuicios, que se deriven del uso por su parte de \u201crobots\u201d, \u201cspiders\u201d, \u201ccrawlers\u201d o herramientas similares empleadas con el fin de recabar o extraer datos o de cualquier otra actuaci\u00f3n por su parte que imponga una carga irrazonable sobre el funcionamiento del Sitio Web.<\/p>\n<ol style=\"text-align: justify;\" start=\"7\">\n<li><strong>Hiperv\u00ednculos<\/strong><\/li>\n<\/ol>\n<p style=\"text-align: justify;\">El Usuario se obliga a no reproducir de ning\u00fan modo, ni siquiera mediante un hiperenlace o hiperv\u00ednculo, el Sitio Web de <strong>COLEGIO LOGOS<\/strong>, as\u00ed como ninguno de sus contenidos, salvo autorizaci\u00f3n expresa y por escrito de <strong>COLEGIO LOGOS<\/strong>.<\/p>\n<p style=\"text-align: justify;\">El Sitio Web incluye enlaces a otros sitios web gestionados por Administraciones Publicas o por terceras empresas relacionadas con los servicios prestados por <strong>COLEGIO LOGOS<\/strong>. Conforme con ello, <strong>COLEGIO LOGOS <\/strong>no se responsabiliza del contenido de dichos sitios web, ni se sit\u00faa en una posici\u00f3n de garante ni\/o de parte ofertante de los servicios prestados a trav\u00e9s de dichos sitios web. Por lo que cualquier reclamaci\u00f3n relacionada con los servicios prestados a trav\u00e9s de los sitios web enlazados, tendr\u00e1 que ser dirigida a los titulares de dichos sitios web.<\/p>\n<p style=\"text-align: justify;\">Se concede al Usuario un derecho limitado, revocable y no exclusivo a crear enlaces a la p\u00e1gina principal del Sitio Web exclusivamente para uso privado y no comercial. Los sitios web que incluyan enlace a nuestro Sitio Web (i) no podr\u00e1n dar a entender que <strong>COLEGIO LOGOS <\/strong>recomienda ese sitio web o sus servicios o productos; (ii) no podr\u00e1n falsear su relaci\u00f3n con <strong>COLEGIO LOGOS <\/strong>ni afirmar que <strong>COLEGIO LOGOS <\/strong>ha autorizado tal enlace, ni incluir marcas, denominaciones, nombres comerciales, logotipos u otros signos distintivos de <strong>COLEGIO LOGOS<\/strong>; (iii) no podr\u00e1n incluir contenidos que puedan considerarse de mal gusto, obscenos, ofensivos, controvertidos, que inciten a la violencia o la discriminaci\u00f3n por raz\u00f3n de sexo, raza o religi\u00f3n, contrarios al orden p\u00fablico o il\u00edcitos; (iv) no podr\u00e1n enlazar a ninguna p\u00e1gina del Sitio Web distinta de la p\u00e1gina principal; (v) deber\u00e1 enlazar con la propia direcci\u00f3n del Sitio Web, sin permitir que el sitio web que realice el enlace reproduzca el Sitio Web como parte de su web o dentro de uno de sus \u201cframes\u201d o crear un \u201cbrowser\u201d sobre cualquiera de las p\u00e1ginas del Sitio Web. <strong>COLEGIO LOGOS <\/strong>podr\u00e1 solicitar, en cualquier momento, que elimine cualquier enlace al Sitio Web, despu\u00e9s de lo cual deber\u00e1 proceder de inmediato a su eliminaci\u00f3n. <strong>COLEGIO LOGOS <\/strong>no puede controlar la informaci\u00f3n, contenidos, productos o servicios facilitados por otros sitios web que tengan establecidos enlaces con destino al Sitio Web.<\/p>\n<ol style=\"text-align: justify;\" start=\"8\">\n<li><strong>Duraci\u00f3n y terminaci\u00f3n<\/strong><\/li>\n<\/ol>\n<p style=\"text-align: justify;\">La prestaci\u00f3n del servicio del presente Sitio Web y los dem\u00e1s servicios tienen en principio una duraci\u00f3n indefinida. No obstante, <strong>COLEGIO LOGOS <\/strong>podr\u00e1 dar por terminado o suspender cualquiera de los servicios prestados a trav\u00e9s del Sitio Web. Cuando sea ello posible, <strong>COLEGIO LOGOS <\/strong>anunciar\u00e1 la terminaci\u00f3n o suspensi\u00f3n de la prestaci\u00f3n del servicio determinado.<\/p>\n<ol style=\"text-align: justify;\" start=\"9\">\n<li><strong>Fuerza mayor<\/strong><\/li>\n<\/ol>\n<p style=\"text-align: justify;\"><strong>COLEGIO LOGOS <\/strong>no ser\u00e1 responsable en caso de existir imposibilidad de prestar el servicio, si \u00e9sta se debe a interrupciones prolongadas del suministro el\u00e9ctrico, l\u00edneas de telecomunicaciones, conflictos sociales, huelgas, rebeli\u00f3n, explosiones, inundaciones, actos y omisiones del Gobierno, y en general todos los supuestos de fuerza mayor o de caso fortuito.<\/p>\n<p style=\"text-align: justify;\"><strong>\u00a0<\/strong><\/p>\n<ol style=\"text-align: justify;\" start=\"10\">\n<li><strong>Resoluci\u00f3n de controversias. Ley aplicable y jurisdicci\u00f3n<\/strong><\/li>\n<\/ol>\n<p style=\"text-align: justify;\">Las presentes Condiciones Generales de Uso, as\u00ed como el uso del Sitio Web, se regir\u00e1n por la legislaci\u00f3n espa\u00f1ola. Cualquier controversia ser\u00e1 resuelta ante los tribunales del domicilio de <strong>COLEGIO LOGOS.<\/strong><\/p>\n<p style=\"text-align: justify;\">En el supuesto de que cualquier estipulaci\u00f3n de las presentes Condiciones Generales de Uso resultara inexigible o nula en virtud de la legislaci\u00f3n aplicable o como consecuencia de una resoluci\u00f3n judicial o administrativa, dicha inexigibilidad o nulidad no har\u00e1 que las presentes Condiciones Generales de Uso resulten inexigibles o nulas en su conjunto. En dichos casos, <strong>COLEGIO LOGOS <\/strong>proceder\u00e1 a la modificaci\u00f3n o sustituci\u00f3n de dicha estipulaci\u00f3n por otra que sea v\u00e1lida y exigible y que, en la medida de lo posible, consiga el objetivo y pretensi\u00f3n reflejados en la estipulaci\u00f3n original.<\/p>\n","protected":false},"excerpt":{"rendered":"<p>AVISO LEGAL CONDICIONES GENERALES DE USO \u00a0 Los sitios webs www.colegiologos.es y www.logosnurseryschool.es (en adelante el \u201cSitio Web\u201d) son propiedad de INVESTIGACION Y SERVICIOS EDUCATIVOS LOGOS, S.A (en adelante \u201cCOLEGIO LOGOS\u201d) con domicilio social en C\/ SACRE, 2, 28232, LAS ROZAS, MADRID y C.I.F n\u00ba A-28987196, e inscrito en el Registro Mercantil de (a completar), [&hellip;]<\/p>\n","protected":false},"author":1,"featured_media":0,"parent":0,"menu_order":0,"comment_status":"closed","ping_status":"closed","template":"","meta":{"_et_pb_use_builder":"","_et_pb_old_content":"","footnotes":""},"class_list":["post-6614","page","type-page","status-publish","hentry"],"_links":{"self":[{"href":"https:\/\/logosnurseryschool.es\/nursery\/wp-json\/wp\/v2\/pages\/6614","targetHints":{"allow":["GET"]}}],"collection":[{"href":"https:\/\/logosnurseryschool.es\/nursery\/wp-json\/wp\/v2\/pages"}],"about":[{"href":"https:\/\/logosnurseryschool.es\/nursery\/wp-json\/wp\/v2\/types\/page"}],"author":[{"embeddable":true,"href":"https:\/\/logosnurseryschool.es\/nursery\/wp-json\/wp\/v2\/users\/1"}],"replies":[{"embeddable":true,"href":"https:\/\/logosnurseryschool.es\/nursery\/wp-json\/wp\/v2\/comments?post=6614"}],"version-history":[{"count":1,"href":"https:\/\/logosnurseryschool.es\/nursery\/wp-json\/wp\/v2\/pages\/6614\/revisions"}],"predecessor-version":[{"id":6615,"href":"https:\/\/logosnurseryschool.es\/nursery\/wp-json\/wp\/v2\/pages\/6614\/revisions\/6615"}],"wp:attachment":[{"href":"https:\/\/logosnurseryschool.es\/nursery\/wp-json\/wp\/v2\/media?parent=6614"}],"curies":[{"name":"wp","href":"https:\/\/api.w.org\/{rel}","templated":true}]}}