{"id":710,"date":"2014-10-15T15:06:40","date_gmt":"2014-10-15T15:06:40","guid":{"rendered":"http:\/\/quanticalabs.com\/wp_themes2\/fable\/?page_id=710"},"modified":"2024-08-15T19:29:36","modified_gmt":"2024-08-15T19:29:36","slug":"actividades-extraescolares","status":"publish","type":"page","link":"https:\/\/logosnurseryschool.es\/nursery\/servicios\/actividades-extraescolares\/","title":{"rendered":"Actividades Extraescolares"},"content":{"rendered":"<p>[et_pb_section fb_built=&#8221;1&#8243; custom_padding_last_edited=&#8221;on|desktop&#8221; admin_label=&#8221;section&#8221; _builder_version=&#8221;3.0.74&#8243; custom_padding_tablet=&#8221;50px|0|50px|0&#8243; transparent_background=&#8221;off&#8221; padding_mobile=&#8221;off&#8221;][et_pb_row padding_mobile=&#8221;off&#8221; column_padding_mobile=&#8221;on&#8221; disabled_on=&#8221;on|off|&#8221; admin_label=&#8221;row&#8221; _builder_version=&#8221;3.0.47&#8243; background_color=&#8221;#416c4e&#8221; background_size=&#8221;initial&#8221; background_position=&#8221;top_left&#8221; background_repeat=&#8221;repeat&#8221;][et_pb_column type=&#8221;1_4&#8243; _builder_version=&#8221;3.0.47&#8243;][et_pb_image src=&#8221;https:\/\/logosnurseryschool.es\/nursery\/wp-content\/uploads\/2016\/10\/Cabeceras-ni\u00f1os.png&#8221; alt=&#8221;Actividades Extraescolares&#8221; title_text=&#8221;Actividades Extraescolares&#8221; show_bottom_space=&#8221;off&#8221; align=&#8221;center&#8221; admin_label=&#8221;TIT Imagen PC \/ TB&#8221; _builder_version=&#8221;3.0.87&#8243; animation=&#8221;off&#8221; sticky=&#8221;on&#8221; use_border_color=&#8221;off&#8221; border_color=&#8221;#ffffff&#8221; border_width=&#8221;1px&#8221; border_style=&#8221;solid&#8221;]<\/p>\n<p>\n&nbsp;<\/p>\n<p>[\/et_pb_image][\/et_pb_column][et_pb_column type=&#8221;3_4&#8243; _builder_version=&#8221;3.0.47&#8243;][et_pb_text admin_label=&#8221;TIT Text PC \/ TB&#8221; _builder_version=&#8221;3.20.2&#8243; text_font=&#8221;Pacifico||||&#8221; text_text_color=&#8221;#ffffff&#8221; text_font_size=&#8221;40px&#8221; text_letter_spacing=&#8221;5px&#8221; text_line_height=&#8221;2.7em&#8221; background_color=&#8221;#416c4e&#8221; background_size=&#8221;initial&#8221; background_position=&#8221;top_left&#8221; background_repeat=&#8221;repeat&#8221; background_layout=&#8221;dark&#8221; custom_padding=&#8221;||15px|&#8221; use_border_color=&#8221;off&#8221; border_style=&#8221;solid&#8221;] <\/p>\n<h1 style=\"line-height: 2.8em;color: #ffffff !important;font-family: 'Pacifico',handwriting;letter-spacing: 5px; font-size:40px;\">\nActividades Extraescolares<\/h1>\n<p>[\/et_pb_text][\/et_pb_column][\/et_pb_row][et_pb_row padding_mobile=&#8221;off&#8221; column_padding_mobile=&#8221;on&#8221; disabled_on=&#8221;|on|on&#8221; admin_label=&#8221;row&#8221; _builder_version=&#8221;3.0.47&#8243; background_color=&#8221;#416c4e&#8221; background_size=&#8221;initial&#8221; background_position=&#8221;top_left&#8221; background_repeat=&#8221;repeat&#8221;][et_pb_column type=&#8221;1_4&#8243; _builder_version=&#8221;3.0.47&#8243;][et_pb_image src=&#8221;https:\/\/logosnurseryschool.es\/nursery\/wp-content\/uploads\/2016\/10\/Cabeceras-ni\u00f1os.png&#8221; alt=&#8221;Proyecto Cultural&#8221; title_text=&#8221;Proyecto Cultural&#8221; show_bottom_space=&#8221;off&#8221; align=&#8221;center&#8221; admin_label=&#8221;TIT Imagen MV&#8221; _builder_version=&#8221;3.0.87&#8243; animation=&#8221;off&#8221; sticky=&#8221;on&#8221; use_border_color=&#8221;off&#8221; border_color=&#8221;#ffffff&#8221; border_width=&#8221;1px&#8221; border_style=&#8221;solid&#8221;]<\/p>\n<p>\n&nbsp;<\/p>\n<p>[\/et_pb_image][\/et_pb_column][et_pb_column type=&#8221;3_4&#8243; _builder_version=&#8221;3.0.47&#8243;][et_pb_text admin_label=&#8221;TIT Text MV&#8221; _builder_version=&#8221;3.20.2&#8243; text_font=&#8221;Pacifico||||&#8221; text_text_color=&#8221;#ffffff&#8221; text_font_size=&#8221;30px&#8221; text_letter_spacing=&#8221;3px&#8221; text_line_height=&#8221;1.9em&#8221; background_color=&#8221;#416c4e&#8221; background_size=&#8221;initial&#8221; background_position=&#8221;top_left&#8221; background_repeat=&#8221;repeat&#8221; text_orientation=&#8221;center&#8221; background_layout=&#8221;dark&#8221; module_alignment=&#8221;center&#8221; custom_padding=&#8221;|||&#8221; use_border_color=&#8221;off&#8221; border_style=&#8221;solid&#8221;] <\/p>\n<h1 style=\"line-height: 2.8em;color: #ffffff !important;font-family: 'Pacifico',handwriting;letter-spacing: 5px; font-size:30px;\">\nActividades Extraescolares<\/h1>\n<p>[\/et_pb_text][\/et_pb_column][\/et_pb_row][\/et_pb_section][et_pb_section fb_built=&#8221;1&#8243; custom_padding_last_edited=&#8221;on|phone&#8221; _builder_version=&#8221;3.0.74&#8243; background_color=&#8221;#ffffff&#8221; custom_padding_tablet=&#8221;50px|0|50px|0&#8243; transparent_background=&#8221;off&#8221; padding_mobile=&#8221;off&#8221;][et_pb_row make_fullwidth=&#8221;on&#8221; custom_padding_phone=&#8221;-50px|||&#8221; padding_mobile=&#8221;off&#8221; column_padding_mobile=&#8221;on&#8221; custom_padding_last_edited=&#8221;on|phone&#8221; parallax_method_1=&#8221;off&#8221; _builder_version=&#8221;3.0.47&#8243; background_size=&#8221;initial&#8221; background_position=&#8221;top_left&#8221; background_repeat=&#8221;repeat&#8221;][et_pb_column type=&#8221;4_4&#8243; _builder_version=&#8221;3.0.47&#8243;][et_pb_text _builder_version=&#8221;3.20.2&#8243; text_text_color=&#8221;#e42239&#8243; text_font_size=&#8221;40&#8243; text_font_size_phone=&#8221;25&#8243; text_font_size_last_edited=&#8221;on|desktop&#8221; text_line_height_last_edited=&#8221;on|phone&#8221; background_size=&#8221;initial&#8221; background_position=&#8221;top_left&#8221; background_repeat=&#8221;repeat&#8221; text_orientation=&#8221;center&#8221; module_alignment=&#8221;center&#8221; custom_margin_last_edited=&#8221;on|desktop&#8221; custom_padding_last_edited=&#8221;on|tablet&#8221; use_border_color=&#8221;off&#8221;]<\/p>\n<p>\nHORARIO<\/p>\n<p>[\/et_pb_text][et_pb_text _builder_version=&#8221;3.20.2&#8243; background_size=&#8221;initial&#8221; background_position=&#8221;top_left&#8221; background_repeat=&#8221;repeat&#8221; use_border_color=&#8221;off&#8221;][tt_timetable event=&#8217;ajedrez,baby-chef,baile,drama,futbol,gimnasia-ritmica,judo,mini-basket,patinaje,predeporte,robotica,musica-y-movimiento,chino&#8217; event_category=&#8217;actividades-extraescolares&#8217; columns=&#8217;lunes,martes,miercoles,jueves,viernes&#8217; filter_label=&#8217;Todas las actividades&#8217; time_format=&#8217;H:i&#8217; hide_hours_column=&#8217;1&#8242; box_bg_color=&#8217;f0f0f0&#8242; box_hover_bg_color=&#8217;f5f5f5&#8242; filter_color=&#8217;416c4e&#8217; hide_empty=&#8217;1&#8242;][\/et_pb_text][et_pb_text admin_label=&#8221;Texto horario&#8221; _builder_version=&#8221;3.20.2&#8243; text_text_color=&#8221;#565656&#8243; background_size=&#8221;initial&#8221; background_position=&#8221;top_left&#8221; background_repeat=&#8221;repeat&#8221; use_border_color=&#8221;off&#8221;]<\/p>\n<p style=\"text-align: justify;\"><span style=\"font-weight: 400;\">*Estas actividades son durante la etapa de Nursery de libre inscripci\u00f3n y pueden acceder los <strong>alumnos de 4 y 5 a\u00f1os<\/strong> a todas ellas. Se imparten dentro del horario escolar, con excepci\u00f3n de F\u00fatbol, Patinaje y la Escuela de Nataci\u00f3n, que se impartir\u00e1n despu\u00e9s de la jornada escolar.\u00a0<\/span><\/p>\n<p>[\/et_pb_text][et_pb_text disabled_on=&#8221;on|on|&#8221; admin_label=&#8221;Titulo Texto PC&#8221; _builder_version=&#8221;3.20.2&#8243; text_text_color=&#8221;#e42239&#8243; text_font_size=&#8221;30&#8243; text_font_size_phone=&#8221;25&#8243; text_font_size_last_edited=&#8221;on|tablet&#8221; text_line_height_phone=&#8221;1.8em&#8221; text_line_height_last_edited=&#8221;on|phone&#8221; background_size=&#8221;initial&#8221; background_position=&#8221;top_left&#8221; background_repeat=&#8221;repeat&#8221; use_border_color=&#8221;off&#8221;]<\/p>\n<h2><strong>El deporte infantil y la salud de los ni\u00f1os<\/strong><\/h2>\n<p>[\/et_pb_text][et_pb_text disabled_on=&#8221;on|on|&#8221; admin_label=&#8221;Texto PC&#8221; _builder_version=&#8221;3.20.2&#8243; text_text_color=&#8221;#565656&#8243; text_font_size=&#8221;16&#8243; background_size=&#8221;initial&#8221; background_position=&#8221;top_left&#8221; background_repeat=&#8221;repeat&#8221; use_border_color=&#8221;off&#8221; border_style=&#8221;solid&#8221;]<\/p>\n<p style=\"text-align: justify;\"><span style=\"font-weight: 400;\"><strong>El deporte ayuda<\/strong> a los ni\u00f1os no s\u00f3lo <strong>a estar sanos y desarrollarse f\u00edsica y mentalmente<\/strong>, sino tambi\u00e9n a relacionarse de una forma saludable con otros ni\u00f1os. Estar en forma es significado de estar sano. Es m\u00e1s, si creas en tu hijo el h\u00e1bito de practicar deporte desde el inicio de su infancia, puede que nos estemos \u00a0ahorrando algunos problemas cuando llegue a la adolescencia.<\/span><\/p>\n<p style=\"text-align: justify;\"><span style=\"font-weight: 400;\">Los ni\u00f1os deben encontrar y practicar un deporte que les guste y apasione. Lo primordial es que los peque\u00f1os est\u00e9n motivados para practicar cierto deporte, nunca se les debe obligar. Al principio puede costarles coger el ritmo, pero si el ni\u00f1o cuenta con el apoyo, la determinaci\u00f3n y la seguridad de los padres, todo ir\u00e1 bien.<\/span><\/p>\n<p style=\"text-align: justify;\"><span style=\"font-weight: 400;\">Para los ni\u00f1os el deporte es, ante todo, juego y diversi\u00f3n. Para los padres, al mismo tiempo que ven disfrutar a sus peque\u00f1os saben que el ejercicio f\u00edsico, practicado de forma regular, previene muchas enfermedades que se manifiestan en la edad adulta -como la obesidad o la osteoporosis- y ayuda a superar otras que puede padecer ya el ni\u00f1o -como el asma.<\/span><\/p>\n<p style=\"text-align: justify;\"><span style=\"font-weight: 400;\">El deporte ayuda a un buen desarrollo de huesos y m\u00fasculos y proporciona una buena aptitud cardiovascular, pero adem\u00e1s, tambi\u00e9n tiene beneficios mucho m\u00e1s all\u00e1 de los tangibles. El ejercicio ayuda a los ni\u00f1os a tener m\u00e1s confianza en s\u00ed mismos, favorece su autoestima y les ayuda a relacionarse mejor con los dem\u00e1s.<\/span><\/p>\n<p style=\"text-align: justify;\"><span style=\"font-weight: 400;\">A trav\u00e9s del deporte se transmiten infinidad de valores como la solidaridad o el compa\u00f1erismo y es la terapia m\u00e1s divertida que pueden realizar los ni\u00f1os.<\/span><\/p>\n<h3><strong><span style=\"color: #ff0000;\">Los beneficios del deporte para los ni\u00f1os<\/span><\/strong><\/h3>\n<ul>\n<li>Introduce al ni\u00f1o en la sociedad.<\/li>\n<li>Le ense\u00f1a a seguir reglas.<\/li>\n<li>Le ayuda a abrirse a los dem\u00e1s y superar la timidez.<\/li>\n<li>Frena sus impulsos excesivos.<\/li>\n<li>Fomentar\u00e1 en el ni\u00f1o la necesidad de colaborar por encima del individualismo.<\/li>\n<li>Le har\u00e1 reconocer, aceptar y respetar que existe alguien que sabe m\u00e1s que \u00e9l.<\/li>\n<li>Produce un aumento generalizado del movimiento coordinado.<\/li>\n<li>Aumenta sus posibilidades motoras.<\/li>\n<li>Favorece el crecimiento de sus huesos y sus m\u00fasculos.<\/li>\n<li>Puede corregir posibles defectos f\u00edsicos.<\/li>\n<li>Potencia la creaci\u00f3n y regularizaci\u00f3n de h\u00e1bitos.<\/li>\n<li>Desarrolla su placer por el movimiento y el ejercicio.<\/li>\n<li>Estimula la higiene y la salud.<\/li>\n<li>Le ense\u00f1a a tener ciertas responsabilidades.<\/li>\n<\/ul>\n<h3><strong><span style=\"color: #ff0000;\">Actividades extraescolares<\/span><\/strong><\/h3>\n<table>\n<tbody>\n<tr>\n<td>Se les introduce en los primeros ejercicios y posiciones de Ballet y sobre todo se fomenta el desarrolla de la creatividad art\u00edstica.<\/p>\n<table width=\"800\">\n<tbody>\n<tr>\n<td colspan=\"2\" width=\"676\" style=\"text-align: center;\"><strong>OBJETIVOS A DESARROLLAR<\/strong><\/td>\n<\/tr>\n<tr>\n<td width=\"105\"><strong>BAILE<\/strong><\/td>\n<td style=\"text-align: justify;\">A trav\u00e9s de la danza se mejora su atenci\u00f3n, memoria y sobre todo el dominio y control de s\u00ed mismo. Las repeticiones de movimientos jugados y din\u00e1micos se convierten en un acto reflejo, buscando una buena alineaci\u00f3n corporal, sensaciones de alargamiento y estiramiento del cuerpo y extremidades, rotaciones, posiciones est\u00e1ticas y din\u00e1micas\u2026<br \/>\nSe les introduce en los primeros ejercicios y posiciones de Ballet y sobre todo se fomenta el desarrolla de la creatividad art\u00edstica.<\/td>\n<\/tr>\n<tr>\n<td width=\"105\"><strong>DRAMA<\/strong><\/td>\n<td style=\"text-align: justify;\">La actividad de Drama consistir\u00e1 en una primera aproximaci\u00f3n al teatro, la improvisaci\u00f3n y el juego dram\u00e1tico.<br \/>\nEl objetivo de esta actividad es proporcionar a los participantes estrategias y recursos para poderse expresar tanto a nivel oral como corporal y gestual. Cultivar\u00e1n su imaginaci\u00f3n, creatividad, capacidad de improvisaci\u00f3n, memorizaci\u00f3n y concentraci\u00f3n mientras se divierten. Trabajar\u00e1n su expresi\u00f3n oral en ingl\u00e9s mientras refuerzan su autoestima, vencen miedos y verg\u00fcenzas y refuerzan su sentido del humor.<\/td>\n<\/tr>\n<tr>\n<td width=\"105\"><strong>JUDO<\/strong><\/td>\n<td style=\"text-align: justify;\">El objetivo principal de la actividad es introducirlos en el deporte de forma jugada con un buen desarrollo psicomotor y utilizando el judo como medio para conseguir este objetivo. Al finalizar el curso todos aquellos alumnos\/as que quieren realizar el correspondiente examen de paso de nivel de cintur\u00f3n, podr\u00e1n optar a ello sin que esto sea obligatorio para seguir participando en la actividad.<\/td>\n<\/tr>\n<tr>\n<td width=\"105\"><strong>GIMNASIA R\u00cdTMICA<\/strong><\/td>\n<td style=\"text-align: justify;\">Se les va introduciendo en la actividad f\u00edsica, pero sobre todo buscando el desarrollo psicomotor y utilizando dos de los elementos de la r\u00edtmica como la pelota y el aro. No realizar\u00e1n competiciones ya que esta etapa la iniciamos con 6 y 7 a\u00f1os en la escuela de r\u00edtmica que tenemos a partir de primaria.<\/td>\n<\/tr>\n<tr>\n<td width=\"105\"><strong>PREDEPORTE<\/strong><\/td>\n<td style=\"text-align: justify;\">Actividad orientada hacia los deportes de equipo trabajando sobre psicomotricidad, la motricidad fina y la coordinaci\u00f3n con diferentes tipos de materiales, sobre todo los balones. Todo ello se va a desarrollar en un ambiente de trabajo din\u00e1mico con predominio del juego como medio ideal para conseguir los objetivos marcados. No se van a realizar equipos de competici\u00f3n.<\/td>\n<\/tr>\n<tr>\n<td width=\"105\"><strong>ROBOTICA<\/strong><\/td>\n<td style=\"text-align: justify;\">\n<strong>INICIACI\u00d3N A LA T\u00c9CNOLOG\u00cdA, PROGRAMACI\u00d3N Y ROB\u00d3TICA<\/strong><\/p>\n<p>La actividad pretende ser el punto de partida ideal para aprender nociones b\u00e1sicas de inform\u00e1tica, electr\u00f3nica y habilidades digitales, a trav\u00e9s de divertidos juegos que fomentan la creatividad y la cooperaci\u00f3n.<\/p>\n<p>Se utilizan recursos especialmente pensados y dise\u00f1ados para neolectores, que les acercan el lenguaje direccional y la programaci\u00f3n, mientras se trabaja la psicomotricidad, el desarrollo de la concentraci\u00f3n y las habilidades manuales.<\/p>\n<p><strong>Metodolog\u00eda de trabajo\u00a0 \u00a0 \u00a0 \u00a0 \u00a0 \u00a0 \u00a0 \u00a0 \u00a0 \u00a0 \u00a0 \u00a0 \u00a0 \u00a0 \u00a0 \u00a0 \u00a0 \u00a0 \u00a0 \u00a0 \u00a0 \u00a0 \u00a0 \u00a0 \u00a0 \u00a0 \u00a0 \u00a0\u00a0<\/strong><\/p>\n<p>Al inicio de la clase, se re\u00fane al grupo para explicar qu\u00e9 actividades y aprendizajes se van a realizar durante la clase. Despu\u00e9s, se dividen en 3 peque\u00f1os grupos.<\/p>\n<p>Se realiza un trabajo por rincones, que permite llevar a cabo varias actividades durante la misma clase, para que los m\u00e1s peque\u00f1os\/as no pierdan la concentraci\u00f3n y la motivaci\u00f3n por la rob\u00f3tica.<br \/>\nEn un rinc\u00f3n se desarrolla la actividad principal del d\u00eda, mucho m\u00e1s dirigida, y en los dem\u00e1s, actividades supervisadas que desarrollen su creatividad e independencia de aprendizaje. En estos rincones supervisados, al utilizarse materiales que ya se han visto en clase, se les anima a profundizar en su conocimiento o destreza a trav\u00e9s de gu\u00edas.<\/td>\n<\/tr>\n<tr>\n<td width=\"105\"><strong>AJEDREZ<\/strong><\/td>\n<td style=\"text-align: justify;\">El lema que emplearemos en nuestra metodolog\u00eda en esta edad infantil ser\u00e1 \u00a0\u00a0\u00a0\u00a0\u00a0<strong>\u201cSE APRENDE JUGANDO Y SE JUEGA APRENDIENDO\u201d,<\/strong> a partir de ah\u00ed fomentaremos la creatividad y aprenderemos las primeras nociones del ajedrez. El ajedrez en esta etapa estimula el desarrollo de habilidades cognitivas, tales como la atenci\u00f3n, memoria, reflexi\u00f3n y an\u00e1lisis, capacidades fundamentales en la evoluci\u00f3n del individuo.<\/td>\n<\/tr>\n<tr>\n<td width=\"105\"><strong>F\u00daTBOL<\/strong><\/td>\n<td style=\"text-align: justify;\">\n<strong>Algunos de los beneficios de la actividad en los ni\u00f1os. El f\u00fatbol desarrolla agilidad, velocidad y resistencia<\/strong>. Adem\u00e1s, jugando al f\u00fatbol los ni\u00f1os tambi\u00e9n aprenden la importancia del\u00a0<a href=\"https:\/\/eresmama.com\/deportes-para-ninos-que-fomentan-el-trabajo-en-equipo\/\">trabajo en equipo<\/a>\u00a0y el valor del esfuerzo individual a favor del grupo.<\/p>\n<p>Tener que mover el bal\u00f3n con los pies implica no solo el desarrollo de la coordinaci\u00f3n \u00f3culo-p\u00e9dica (ojo-pie), sino tambi\u00e9n un\u00a0<strong>importante trabajo de equilibrio<\/strong>. Esto se debe a que, durante algunos momentos, el cuerpo se encuentra sobre una sola pierna. Adem\u00e1s, las fintas y los regates implican movimientos que requieren mucho equilibrio para no caerse en los giros.<\/p>\n<p><strong>A nivel social, los peque\u00f1os que juegan al f\u00fatbol desarrollan la capacidad para cooperar e interactuar con otros ni\u00f1os<\/strong>. Adem\u00e1s, para mover el bal\u00f3n, es necesario saber comunicarse. Esto implica hablar claro,\u00a0<a href=\"https:\/\/eresmama.com\/claves-ensenar-escucha-activa-ninos\/\">escuchar<\/a>\u00a0y tambi\u00e9n desarrollar habilidades de comunicaci\u00f3n no verbal.<\/td>\n<\/td>\n<\/tr>\n<tr>\n<td width=\"105\"><strong>PATINAJE<\/strong><\/td>\n<td style=\"text-align: justify;\">\nLa actividad de patinaje tiene un gran componente l\u00fadico, caracter\u00edstica que lo hace muy atractivo para ni\u00f1os en edades tempranas. Adem\u00e1s de este aspecto podemos destacar otros beneficios a nivel f\u00edsico.<br \/>\nContribuye a mejorar el estado f\u00edsico aumentando la resistencia aer\u00f3bica, activado la circulaci\u00f3n sangu\u00ednea, fortaleciendo piernas, pulmones y coraz\u00f3n. Contribuye adem\u00e1s a desarrollar el equilibrio, la concentraci\u00f3n y la coordinaci\u00f3n.<br \/>\nA nivel social, se fortalecen las relaciones personales de ayuda y cooperaci\u00f3n, el trabajo en equipo, din\u00e1micas grupales y juegos colectivos.\n<\/td>\n<\/tr>\n<p>&nbsp;<\/td>\n<\/tr>\n<\/tbody>\n<\/table>\n<p>[\/et_pb_text][\/et_pb_column][\/et_pb_row][\/et_pb_section][et_pb_section fb_built=&#8221;1&#8243; custom_padding_last_edited=&#8221;on|desktop&#8221; _builder_version=&#8221;3.0.74&#8243; background_color=&#8221;#416c4e&#8221; custom_padding_tablet=&#8221;50px|0|50px|0&#8243; transparent_background=&#8221;off&#8221; padding_mobile=&#8221;off&#8221;][et_pb_row padding_mobile=&#8221;off&#8221; column_padding_mobile=&#8221;on&#8221; _builder_version=&#8221;3.0.47&#8243; background_size=&#8221;initial&#8221; background_position=&#8221;top_left&#8221; background_repeat=&#8221;repeat&#8221;][et_pb_column type=&#8221;1_4&#8243; _builder_version=&#8221;3.0.47&#8243;][et_pb_text disabled_on=&#8221;off|off|&#8221; admin_label=&#8221;Txt CTA Footer&#8221; _builder_version=&#8221;3.0.87&#8243; text_text_color=&#8221;#ffffff&#8221; text_font_size=&#8221;25&#8243; text_font_size_phone=&#8221;25px&#8221; text_font_size_last_edited=&#8221;on|phone&#8221; text_line_height=&#8221;1.2em&#8221; background_size=&#8221;initial&#8221; background_position=&#8221;top_left&#8221; background_repeat=&#8221;repeat&#8221; text_orientation=&#8221;right&#8221; custom_margin=&#8221;|||&#8221; use_border_color=&#8221;off&#8221; border_style=&#8221;solid&#8221;]<\/p>\n<p style=\"text-align: center;\">Descubre los servicios <strong>Logos\u00a0Nursery<\/strong><\/p>\n<p><strong><img loading=\"lazy\" decoding=\"async\" class=\"alignnone size-medium wp-image-2780\" src=\"https:\/\/logosnurseryschool.es\/nursery\/wp-content\/uploads\/2016\/07\/Img-ni\u00f1os-nursery-300x94.png\" alt=\"img-ninos-nursery\" width=\"300\" height=\"94\" srcset=\"https:\/\/logosnurseryschool.es\/nursery\/wp-content\/uploads\/2016\/07\/Img-ni\u00f1os-nursery-300x94.png 300w, https:\/\/logosnurseryschool.es\/nursery\/wp-content\/uploads\/2016\/07\/Img-ni\u00f1os-nursery.png 320w\" sizes=\"auto, (max-width: 300px) 100vw, 300px\" \/><\/strong><\/p>\n<p>[\/et_pb_text][\/et_pb_column][et_pb_column type=&#8221;1_4&#8243; _builder_version=&#8221;3.0.47&#8243;][et_pb_blurb title=&#8221;Horario Ampliado&#8221; url=&#8221;https:\/\/logosnurseryschool.es\/nursery\/servicios\/horario-ampliado\/&#8221; use_icon=&#8221;on&#8221; font_icon=&#8221;%%373%%&#8221; icon_color=&#8221;#ffffff&#8221; admin_label=&#8221;Horario Ampliado&#8221; _builder_version=&#8221;3.0.87&#8243; header_font=&#8221;|on|||&#8221; header_text_color=&#8221;#ffffff&#8221; header_font_size=&#8221;20&#8243; body_text_color=&#8221;#ffffff&#8221; background_image=&#8221;https:\/\/logosnurseryschool.es\/nursery\/wp-content\/uploads\/2016\/07\/CTA-servicio-horario-ampliado.jpg&#8221; background_size=&#8221;initial&#8221; background_position=&#8221;top_left&#8221; background_repeat=&#8221;repeat&#8221; text_orientation=&#8221;center&#8221; background_layout=&#8221;dark&#8221; custom_padding=&#8221;25px|||&#8221; use_border_color=&#8221;off&#8221; border_color=&#8221;#ffffff&#8221; border_width=&#8221;1px&#8221; border_style=&#8221;solid&#8221; saved_tabs=&#8221;all&#8221;]<\/p>\n<p>\n&nbsp;<\/p>\n<p>[\/et_pb_blurb][\/et_pb_column][et_pb_column type=&#8221;1_4&#8243; _builder_version=&#8221;3.0.47&#8243;][et_pb_blurb title=&#8221;Comedor&#8221; url=&#8221;https:\/\/logosnurseryschool.es\/nursery\/servicios\/comedor\/&#8221; use_icon=&#8221;on&#8221; font_icon=&#8221;%%154%%&#8221; icon_color=&#8221;#ffffff&#8221; admin_label=&#8221;Comedor&#8221; _builder_version=&#8221;3.0.87&#8243; header_font=&#8221;|on|||&#8221; header_text_color=&#8221;#ffffff&#8221; header_font_size=&#8221;20&#8243; body_text_color=&#8221;#ffffff&#8221; background_image=&#8221;https:\/\/logosnurseryschool.es\/nursery\/wp-content\/uploads\/2016\/07\/CTA-servicio-comedor.jpg&#8221; background_size=&#8221;initial&#8221; background_position=&#8221;top_left&#8221; background_repeat=&#8221;repeat&#8221; text_orientation=&#8221;center&#8221; background_layout=&#8221;dark&#8221; custom_padding=&#8221;25px|||&#8221; use_border_color=&#8221;off&#8221; border_color=&#8221;#ffffff&#8221; border_width=&#8221;1px&#8221; border_style=&#8221;solid&#8221; saved_tabs=&#8221;all&#8221;]<\/p>\n<p>\n&nbsp;<\/p>\n<p>[\/et_pb_blurb][\/et_pb_column][et_pb_column type=&#8221;1_4&#8243; _builder_version=&#8221;3.0.47&#8243;][et_pb_blurb title=&#8221;Rutas Escolares&#8221; url=&#8221;https:\/\/logosnurseryschool.es\/nursery\/servicios\/rutas-escolares\/&#8221; use_icon=&#8221;on&#8221; font_icon=&#8221;%%82%%&#8221; icon_color=&#8221;#ffffff&#8221; admin_label=&#8221;Rutas Escolares&#8221; _builder_version=&#8221;3.0.87&#8243; header_font=&#8221;|on|||&#8221; header_text_color=&#8221;#ffffff&#8221; header_font_size=&#8221;20&#8243; body_text_color=&#8221;#ffffff&#8221; background_image=&#8221;https:\/\/logosnurseryschool.es\/nursery\/wp-content\/uploads\/2016\/07\/CTA-serviciorutas-escolares.jpg&#8221; background_size=&#8221;initial&#8221; background_position=&#8221;top_left&#8221; background_repeat=&#8221;repeat&#8221; text_orientation=&#8221;center&#8221; background_layout=&#8221;dark&#8221; custom_padding=&#8221;25px|||&#8221; use_border_color=&#8221;off&#8221; border_color=&#8221;#ffffff&#8221; border_style=&#8221;solid&#8221; saved_tabs=&#8221;all&#8221;]<\/p>\n<p>\n&nbsp;<\/p>\n<p>[\/et_pb_blurb][\/et_pb_column][\/et_pb_row][\/et_pb_section]<\/p>\n","protected":false},"excerpt":{"rendered":"<p>[et_pb_section fb_built=&#8221;1&#8243; custom_padding_last_edited=&#8221;on|desktop&#8221; admin_label=&#8221;section&#8221; _builder_version=&#8221;3.0.74&#8243; custom_padding_tablet=&#8221;50px|0|50px|0&#8243; transparent_background=&#8221;off&#8221; padding_mobile=&#8221;off&#8221;][et_pb_row padding_mobile=&#8221;off&#8221; column_padding_mobile=&#8221;on&#8221; disabled_on=&#8221;on|off|&#8221; admin_label=&#8221;row&#8221; _builder_version=&#8221;3.0.47&#8243; background_color=&#8221;#416c4e&#8221; background_size=&#8221;initial&#8221; background_position=&#8221;top_left&#8221; background_repeat=&#8221;repeat&#8221;][et_pb_column type=&#8221;1_4&#8243; _builder_version=&#8221;3.0.47&#8243;][et_pb_image src=&#8221;https:\/\/logosnurseryschool.es\/nursery\/wp-content\/uploads\/2016\/10\/Cabeceras-ni\u00f1os.png&#8221; alt=&#8221;Actividades Extraescolares&#8221; title_text=&#8221;Actividades Extraescolares&#8221; show_bottom_space=&#8221;off&#8221; align=&#8221;center&#8221; admin_label=&#8221;TIT Imagen PC \/ TB&#8221; _builder_version=&#8221;3.0.87&#8243; animation=&#8221;off&#8221; sticky=&#8221;on&#8221; use_border_color=&#8221;off&#8221; border_color=&#8221;#ffffff&#8221; border_width=&#8221;1px&#8221; border_style=&#8221;solid&#8221;] &nbsp; [\/et_pb_image][\/et_pb_column][et_pb_column type=&#8221;3_4&#8243; _builder_version=&#8221;3.0.47&#8243;][et_pb_text admin_label=&#8221;TIT Text PC \/ TB&#8221; _builder_version=&#8221;3.20.2&#8243; text_font=&#8221;Pacifico||||&#8221; text_text_color=&#8221;#ffffff&#8221; text_font_size=&#8221;40px&#8221; text_letter_spacing=&#8221;5px&#8221; text_line_height=&#8221;2.7em&#8221; background_color=&#8221;#416c4e&#8221; background_size=&#8221;initial&#8221; [&hellip;]<\/p>\n","protected":false},"author":1,"featured_media":0,"parent":54,"menu_order":0,"comment_status":"open","ping_status":"open","template":"","meta":{"_et_pb_use_builder":"on","_et_pb_old_content":"","footnotes":""},"class_list":["post-710","page","type-page","status-publish","hentry"],"_links":{"self":[{"href":"https:\/\/logosnurseryschool.es\/nursery\/wp-json\/wp\/v2\/pages\/710","targetHints":{"allow":["GET"]}}],"collection":[{"href":"https:\/\/logosnurseryschool.es\/nursery\/wp-json\/wp\/v2\/pages"}],"about":[{"href":"https:\/\/logosnurseryschool.es\/nursery\/wp-json\/wp\/v2\/types\/page"}],"author":[{"embeddable":true,"href":"https:\/\/logosnurseryschool.es\/nursery\/wp-json\/wp\/v2\/users\/1"}],"replies":[{"embeddable":true,"href":"https:\/\/logosnurseryschool.es\/nursery\/wp-json\/wp\/v2\/comments?post=710"}],"version-history":[{"count":78,"href":"https:\/\/logosnurseryschool.es\/nursery\/wp-json\/wp\/v2\/pages\/710\/revisions"}],"predecessor-version":[{"id":11050,"href":"https:\/\/logosnurseryschool.es\/nursery\/wp-json\/wp\/v2\/pages\/710\/revisions\/11050"}],"up":[{"embeddable":true,"href":"https:\/\/logosnurseryschool.es\/nursery\/wp-json\/wp\/v2\/pages\/54"}],"wp:attachment":[{"href":"https:\/\/logosnurseryschool.es\/nursery\/wp-json\/wp\/v2\/media?parent=710"}],"curies":[{"name":"wp","href":"https:\/\/api.w.org\/{rel}","templated":true}]}}