{"id":9216,"date":"2021-03-26T09:57:26","date_gmt":"2021-03-26T09:57:26","guid":{"rendered":"https:\/\/logosnurseryschool.es\/nursery\/?page_id=9216"},"modified":"2021-03-30T11:15:59","modified_gmt":"2021-03-30T11:15:59","slug":"cookie-policy","status":"publish","type":"page","link":"https:\/\/logosnurseryschool.es\/nursery\/cookie-policy\/","title":{"rendered":"POL\u00cdTICA DE COOKIES"},"content":{"rendered":"<p>Las cookies son peque\u00f1os archivos de texto que los sitios web instalan en el ordenador o dispositivo m\u00f3vil de los usuarios que los visitan.<\/p>\n<p>Las cookies de origen son aquellas que genera el sitio web que est\u00e1s visitando y que solo puede leer ese sitio web. Adem\u00e1s, un sitio web tambi\u00e9n puede utilizar servicios externos, que generan sus propias cookies: las cookies de terceros.<\/p>\n<p>&nbsp;<\/p>\n<p>Las cookies persistentes son las que se guardan en tu ordenador y no se eliminan autom\u00e1ticamente cuando sales del navegador (a diferencia de las cookies de sesi\u00f3n, que s\u00ed se eliminan al salir del navegador).<\/p>\n<p>Cada vez que visites una web de Logos International School, se te pedir\u00e1 que aceptes o rechaces las cookies.<\/p>\n<p>La finalidad es recordar tus preferencias (nombre de usuario, idioma, etc.) durante un periodo de tiempo determinado, as\u00ed, no tienes que volver a indicarlas al navegar por nuestras p\u00e1ginas durante una misma visita.<\/p>\n<p>Las cookies tambi\u00e9n pueden utilizarse para elaborar estad\u00edsticas anonimizadas sobre la experiencia de navegaci\u00f3n en nuestros sitios web.<\/p>\n<p>Los tres tipos de cookies de origen que utilizamos nos permiten:<br \/>\nalmacenar las preferencias de los visitantes<br \/>\nmantener en funcionamiento nuestros sitios web<br \/>\nreunir datos de an\u00e1lisis (sobre el comportamiento de los usuarios).<br \/>\npreferencias de los visitantes.<\/p>\n<p>Puedes eliminar las cookies que ya tengas en tu dispositivo borrando el historial del navegador. De esta manera se suprimir\u00e1n las cookies de todos los sitios web que hayas visitado, sin embargo, tambi\u00e9n podr\u00edas perder parte de la informaci\u00f3n que tengas guardada (por ejemplo, tus identificadores de inicio de sesi\u00f3n o tus preferencias para los sitios web).<\/p>\n<p>&nbsp;<\/p>\n<p>Para tener un control m\u00e1s preciso de las cookies espec\u00edficas de cada sitio, los usuarios pueden ajustar su configuraci\u00f3n de privacidad y cookies en el navegador.<\/p>\n<p>&nbsp;<\/p>\n<p>Es posible configurar la mayor\u00eda de los navegadores modernos para que no acepten cookies en el dispositivo que utilizas, pero en ese caso puedes tener que configurar manualmente una serie de preferencias cada vez que visites un sitio o p\u00e1gina. Adem\u00e1s, algunos servicios y caracter\u00edsticas pueden no funcionar correctamente (por ejemplo, los inicios de sesi\u00f3n con perfil).<\/p>\n","protected":false},"excerpt":{"rendered":"<p>Las cookies son peque\u00f1os archivos de texto que los sitios web instalan en el ordenador o dispositivo m\u00f3vil de los usuarios que los visitan. Las cookies de origen son aquellas que genera el sitio web que est\u00e1s visitando y que solo puede leer ese sitio web. Adem\u00e1s, un sitio web tambi\u00e9n puede utilizar servicios externos, [&hellip;]<\/p>\n","protected":false},"author":15,"featured_media":0,"parent":0,"menu_order":0,"comment_status":"closed","ping_status":"closed","template":"","meta":{"_et_pb_use_builder":"","_et_pb_old_content":"","footnotes":""},"class_list":["post-9216","page","type-page","status-publish","hentry"],"_links":{"self":[{"href":"https:\/\/logosnurseryschool.es\/nursery\/wp-json\/wp\/v2\/pages\/9216","targetHints":{"allow":["GET"]}}],"collection":[{"href":"https:\/\/logosnurseryschool.es\/nursery\/wp-json\/wp\/v2\/pages"}],"about":[{"href":"https:\/\/logosnurseryschool.es\/nursery\/wp-json\/wp\/v2\/types\/page"}],"author":[{"embeddable":true,"href":"https:\/\/logosnurseryschool.es\/nursery\/wp-json\/wp\/v2\/users\/15"}],"replies":[{"embeddable":true,"href":"https:\/\/logosnurseryschool.es\/nursery\/wp-json\/wp\/v2\/comments?post=9216"}],"version-history":[{"count":2,"href":"https:\/\/logosnurseryschool.es\/nursery\/wp-json\/wp\/v2\/pages\/9216\/revisions"}],"predecessor-version":[{"id":9240,"href":"https:\/\/logosnurseryschool.es\/nursery\/wp-json\/wp\/v2\/pages\/9216\/revisions\/9240"}],"wp:attachment":[{"href":"https:\/\/logosnurseryschool.es\/nursery\/wp-json\/wp\/v2\/media?parent=9216"}],"curies":[{"name":"wp","href":"https:\/\/api.w.org\/{rel}","templated":true}]}}